{"id":35867,"date":"2023-03-15T18:19:28","date_gmt":"2023-03-15T15:19:28","guid":{"rendered":"https:\/\/seksuaaltervis.ee\/estk\/?page_id=35867"},"modified":"2023-03-15T18:25:06","modified_gmt":"2023-03-15T15:25:06","slug":"gender","status":"publish","type":"page","link":"https:\/\/seksuaaltervisekliinik.ee\/en\/gender\/","title":{"rendered":"Gender"},"content":{"rendered":"\n<p>Person\u00b4s gender can be defined variously and nowadays one single black or white definition doesn\u00b4t exist. Gender can be divided into different categories and subtopics like biological sex, jurisdictional gender, social gender, gender identity and gender expression.<\/p>\n","protected":false},"excerpt":{"rendered":"<p>Person\u00b4s gender can be defined variously and nowadays one single black or white definition doesn\u00b4t exist. Gender can be divided into different categories and subtopics like biological sex, jurisdictional gender, social gender, gender identity and gender expression.<\/p>\n","protected":false},"author":2,"featured_media":0,"parent":0,"menu_order":0,"comment_status":"closed","ping_status":"closed","template":"","meta":{"_acf_changed":false,"footnotes":""},"class_list":["post-35867","page","type-page","status-publish","hentry"],"acf":[],"yoast_head":"<!-- This site is optimized with the Yoast SEO plugin v25.3.1 - https:\/\/yoast.com\/wordpress\/plugins\/seo\/ -->\n<title>Gender - Seksuaaltervise Kliinik |\u00a0Vastuv\u00f5tt noortele ja t\u00e4iskasvanutele<\/title>\n<meta name=\"robots\" content=\"index, follow, max-snippet:-1, max-image-preview:large, max-video-preview:-1\" \/>\n<link rel=\"canonical\" href=\"https:\/\/seksuaaltervisekliinik.ee\/en\/gender\/\" \/>\n<meta property=\"og:locale\" content=\"en_US\" \/>\n<meta property=\"og:type\" content=\"article\" \/>\n<meta property=\"og:title\" content=\"Gender - Seksuaaltervise Kliinik |\u00a0Vastuv\u00f5tt noortele ja t\u00e4iskasvanutele\" \/>\n<meta property=\"og:description\" content=\"Person\u00b4s gender can be defined variously and nowadays one single black or white definition doesn\u00b4t exist. Gender can be divided into different categories and subtopics like biological sex, jurisdictional gender, social gender, gender identity and gender expression.\" \/>\n<meta property=\"og:url\" content=\"https:\/\/seksuaaltervisekliinik.ee\/en\/gender\/\" \/>\n<meta property=\"og:site_name\" content=\"Seksuaaltervise Kliinik |\u00a0Vastuv\u00f5tt noortele ja t\u00e4iskasvanutele\" \/>\n<meta property=\"article:publisher\" content=\"https:\/\/www.facebook.com\/profile.php?id=100063747262747\" \/>\n<meta property=\"article:modified_time\" content=\"2023-03-15T15:25:06+00:00\" \/>\n<meta name=\"twitter:card\" content=\"summary_large_image\" \/>\n<meta name=\"twitter:label1\" content=\"Est. reading time\" \/>\n\t<meta name=\"twitter:data1\" content=\"1 minute\" \/>\n<script type=\"application\/ld+json\" class=\"yoast-schema-graph\">{\"@context\":\"https:\/\/schema.org\",\"@graph\":[{\"@type\":\"WebPage\",\"@id\":\"https:\/\/seksuaaltervisekliinik.ee\/en\/gender\/\",\"url\":\"https:\/\/seksuaaltervisekliinik.ee\/en\/gender\/\",\"name\":\"Gender - Seksuaaltervise Kliinik |\u00a0Vastuv\u00f5tt noortele ja t\u00e4iskasvanutele\",\"isPartOf\":{\"@id\":\"https:\/\/seksuaaltervisekliinik.ee\/#website\"},\"datePublished\":\"2023-03-15T15:19:28+00:00\",\"dateModified\":\"2023-03-15T15:25:06+00:00\",\"breadcrumb\":{\"@id\":\"https:\/\/seksuaaltervisekliinik.ee\/en\/gender\/#breadcrumb\"},\"inLanguage\":\"en-US\",\"potentialAction\":[{\"@type\":\"ReadAction\",\"target\":[\"https:\/\/seksuaaltervisekliinik.ee\/en\/gender\/\"]}]},{\"@type\":\"BreadcrumbList\",\"@id\":\"https:\/\/seksuaaltervisekliinik.ee\/en\/gender\/#breadcrumb\",\"itemListElement\":[{\"@type\":\"ListItem\",\"position\":1,\"name\":\"Home\",\"item\":\"https:\/\/seksuaaltervisekliinik.ee\/\"},{\"@type\":\"ListItem\",\"position\":2,\"name\":\"Gender\"}]},{\"@type\":\"WebSite\",\"@id\":\"https:\/\/seksuaaltervisekliinik.ee\/#website\",\"url\":\"https:\/\/seksuaaltervisekliinik.ee\/\",\"name\":\"Seksuaaltervise Kliinik |\u00a0Vastuv\u00f5tt noortele ja t\u00e4iskasvanutele\",\"description\":\"Broneeri aeg veebis v\u00f5i helista +372 666 5123\",\"publisher\":{\"@id\":\"https:\/\/seksuaaltervisekliinik.ee\/#organization\"},\"potentialAction\":[{\"@type\":\"SearchAction\",\"target\":{\"@type\":\"EntryPoint\",\"urlTemplate\":\"https:\/\/seksuaaltervisekliinik.ee\/?s={search_term_string}\"},\"query-input\":{\"@type\":\"PropertyValueSpecification\",\"valueRequired\":true,\"valueName\":\"search_term_string\"}}],\"inLanguage\":\"en-US\"},{\"@type\":\"Organization\",\"@id\":\"https:\/\/seksuaaltervisekliinik.ee\/#organization\",\"name\":\"Seksuaaltervise Kliinik |\u00a0Vastuv\u00f5tt noortele ja t\u00e4iskasvanutele\",\"url\":\"https:\/\/seksuaaltervisekliinik.ee\/\",\"logo\":{\"@type\":\"ImageObject\",\"inLanguage\":\"en-US\",\"@id\":\"https:\/\/seksuaaltervisekliinik.ee\/#\/schema\/logo\/image\/\",\"url\":\"https:\/\/seksuaaltervisekliinik.ee\/wp-content\/uploads\/sites\/6\/2025\/06\/cropped-Untitled-design-52.png\",\"contentUrl\":\"https:\/\/seksuaaltervisekliinik.ee\/wp-content\/uploads\/sites\/6\/2025\/06\/cropped-Untitled-design-52.png\",\"width\":512,\"height\":512,\"caption\":\"Seksuaaltervise Kliinik |\u00a0Vastuv\u00f5tt noortele ja t\u00e4iskasvanutele\"},\"image\":{\"@id\":\"https:\/\/seksuaaltervisekliinik.ee\/#\/schema\/logo\/image\/\"},\"sameAs\":[\"https:\/\/www.facebook.com\/profile.php?id=100063747262747\"]}]}<\/script>\n<!-- \/ Yoast SEO plugin. -->","yoast_head_json":{"title":"Gender - Seksuaaltervise Kliinik |\u00a0Vastuv\u00f5tt noortele ja t\u00e4iskasvanutele","robots":{"index":"index","follow":"follow","max-snippet":"max-snippet:-1","max-image-preview":"max-image-preview:large","max-video-preview":"max-video-preview:-1"},"canonical":"https:\/\/seksuaaltervisekliinik.ee\/en\/gender\/","og_locale":"en_US","og_type":"article","og_title":"Gender - Seksuaaltervise Kliinik |\u00a0Vastuv\u00f5tt noortele ja t\u00e4iskasvanutele","og_description":"Person\u00b4s gender can be defined variously and nowadays one single black or white definition doesn\u00b4t exist. Gender can be divided into different categories and subtopics like biological sex, jurisdictional gender, social gender, gender identity and gender expression.","og_url":"https:\/\/seksuaaltervisekliinik.ee\/en\/gender\/","og_site_name":"Seksuaaltervise Kliinik |\u00a0Vastuv\u00f5tt noortele ja t\u00e4iskasvanutele","article_publisher":"https:\/\/www.facebook.com\/profile.php?id=100063747262747","article_modified_time":"2023-03-15T15:25:06+00:00","twitter_card":"summary_large_image","twitter_misc":{"Est. reading time":"1 minute"},"schema":{"@context":"https:\/\/schema.org","@graph":[{"@type":"WebPage","@id":"https:\/\/seksuaaltervisekliinik.ee\/en\/gender\/","url":"https:\/\/seksuaaltervisekliinik.ee\/en\/gender\/","name":"Gender - Seksuaaltervise Kliinik |\u00a0Vastuv\u00f5tt noortele ja t\u00e4iskasvanutele","isPartOf":{"@id":"https:\/\/seksuaaltervisekliinik.ee\/#website"},"datePublished":"2023-03-15T15:19:28+00:00","dateModified":"2023-03-15T15:25:06+00:00","breadcrumb":{"@id":"https:\/\/seksuaaltervisekliinik.ee\/en\/gender\/#breadcrumb"},"inLanguage":"en-US","potentialAction":[{"@type":"ReadAction","target":["https:\/\/seksuaaltervisekliinik.ee\/en\/gender\/"]}]},{"@type":"BreadcrumbList","@id":"https:\/\/seksuaaltervisekliinik.ee\/en\/gender\/#breadcrumb","itemListElement":[{"@type":"ListItem","position":1,"name":"Home","item":"https:\/\/seksuaaltervisekliinik.ee\/"},{"@type":"ListItem","position":2,"name":"Gender"}]},{"@type":"WebSite","@id":"https:\/\/seksuaaltervisekliinik.ee\/#website","url":"https:\/\/seksuaaltervisekliinik.ee\/","name":"Seksuaaltervise Kliinik |\u00a0Vastuv\u00f5tt noortele ja t\u00e4iskasvanutele","description":"Broneeri aeg veebis v\u00f5i helista +372 666 5123","publisher":{"@id":"https:\/\/seksuaaltervisekliinik.ee\/#organization"},"potentialAction":[{"@type":"SearchAction","target":{"@type":"EntryPoint","urlTemplate":"https:\/\/seksuaaltervisekliinik.ee\/?s={search_term_string}"},"query-input":{"@type":"PropertyValueSpecification","valueRequired":true,"valueName":"search_term_string"}}],"inLanguage":"en-US"},{"@type":"Organization","@id":"https:\/\/seksuaaltervisekliinik.ee\/#organization","name":"Seksuaaltervise Kliinik |\u00a0Vastuv\u00f5tt noortele ja t\u00e4iskasvanutele","url":"https:\/\/seksuaaltervisekliinik.ee\/","logo":{"@type":"ImageObject","inLanguage":"en-US","@id":"https:\/\/seksuaaltervisekliinik.ee\/#\/schema\/logo\/image\/","url":"https:\/\/seksuaaltervisekliinik.ee\/wp-content\/uploads\/sites\/6\/2025\/06\/cropped-Untitled-design-52.png","contentUrl":"https:\/\/seksuaaltervisekliinik.ee\/wp-content\/uploads\/sites\/6\/2025\/06\/cropped-Untitled-design-52.png","width":512,"height":512,"caption":"Seksuaaltervise Kliinik |\u00a0Vastuv\u00f5tt noortele ja t\u00e4iskasvanutele"},"image":{"@id":"https:\/\/seksuaaltervisekliinik.ee\/#\/schema\/logo\/image\/"},"sameAs":["https:\/\/www.facebook.com\/profile.php?id=100063747262747"]}]}},"_links":{"self":[{"href":"https:\/\/seksuaaltervisekliinik.ee\/en\/wp-json\/wp\/v2\/pages\/35867","targetHints":{"allow":["GET"]}}],"collection":[{"href":"https:\/\/seksuaaltervisekliinik.ee\/en\/wp-json\/wp\/v2\/pages"}],"about":[{"href":"https:\/\/seksuaaltervisekliinik.ee\/en\/wp-json\/wp\/v2\/types\/page"}],"author":[{"embeddable":true,"href":"https:\/\/seksuaaltervisekliinik.ee\/en\/wp-json\/wp\/v2\/users\/2"}],"replies":[{"embeddable":true,"href":"https:\/\/seksuaaltervisekliinik.ee\/en\/wp-json\/wp\/v2\/comments?post=35867"}],"version-history":[{"count":4,"href":"https:\/\/seksuaaltervisekliinik.ee\/en\/wp-json\/wp\/v2\/pages\/35867\/revisions"}],"predecessor-version":[{"id":35872,"href":"https:\/\/seksuaaltervisekliinik.ee\/en\/wp-json\/wp\/v2\/pages\/35867\/revisions\/35872"}],"wp:attachment":[{"href":"https:\/\/seksuaaltervisekliinik.ee\/en\/wp-json\/wp\/v2\/media?parent=35867"}],"curies":[{"name":"wp","href":"https:\/\/api.w.org\/{rel}","templated":true}]}}