{"id":40312,"date":"2023-07-15T07:58:49","date_gmt":"2023-07-15T04:58:49","guid":{"rendered":"https:\/\/seksuaaltervis.ee\/estk\/?page_id=40312"},"modified":"2023-07-15T07:58:50","modified_gmt":"2023-07-15T04:58:50","slug":"sexual-rights","status":"publish","type":"page","link":"https:\/\/seksuaaltervisekliinik.ee\/en\/sexual-rights\/","title":{"rendered":"Sexual rights"},"content":{"rendered":"\n<p>Sexual health is closely related to sexual rights, which are part of human rights that apply to everyone.<\/p>\n\n\n\n<p>Sexual rights are:<\/p>\n\n\n\n<p>\u25cf the right to be oneself &#8211; to make one&#8217;s own decisions about one&#8217;s body, to express oneself, to have a positive attitude towards sexuality, to choose one&#8217;s own partner, to make one&#8217;s own decisions about getting into a relationship, getting married and having children;<\/p>\n\n\n\n<p>\u25cf the right to decide whether or not to be sexually active;<\/p>\n\n\n\n<p>\u25cf the right to pleasure;<\/p>\n\n\n\n<p>\u25cf the right to know &#8211; to receive comprehensive sexual education &#8211; to have knowledge about sexuality, contraceptive methods, sexually transmitted diseases and one&#8217;s sexual rights;<\/p>\n\n\n\n<p>\u25cf the right to protect oneself and be protected \u2013 against unwanted pregnancy, sexually transmitted diseases and sexual violence;<\/p>\n\n\n\n<p>\u25cf the right to counselling and health services that are confidential, accessible, high-quality and youth-friendly;<\/p>\n\n\n\n<p>\u25cf the right to participate in the planning of youth-oriented programs and to influence decisions;<\/p>\n\n\n\n<p>\u25cf the right to use contraceptives;<\/p>\n\n\n\n<p>\u25cf the right to safely terminate a pregnancy;<\/p>\n\n\n\n<p>\u25cf the right to a safe pregnancy.<\/p>\n\n\n\n<p>The implementation of sexual rights also means the obligation to respect the sexual rights of other people &#8211; the rights of one person cannot be realized through coercion and violence of another.<\/p>\n","protected":false},"excerpt":{"rendered":"<p>Sexual health is closely related to sexual rights, which are part of human rights that apply to everyone. Sexual rights are: \u25cf the right to be oneself &#8211; to make one&#8217;s own decisions about one&#8217;s body, to express oneself, to have a positive attitude towards sexuality, to choose one&#8217;s own partner, to make one&#8217;s own [&hellip;]<\/p>\n","protected":false},"author":2,"featured_media":0,"parent":0,"menu_order":0,"comment_status":"closed","ping_status":"closed","template":"","meta":{"_acf_changed":false,"footnotes":""},"class_list":["post-40312","page","type-page","status-publish","hentry"],"acf":[],"yoast_head":"<!-- This site is optimized with the Yoast SEO plugin v25.3.1 - https:\/\/yoast.com\/wordpress\/plugins\/seo\/ -->\n<title>Sexual rights - Seksuaaltervise Kliinik |\u00a0Vastuv\u00f5tt noortele ja t\u00e4iskasvanutele<\/title>\n<meta name=\"robots\" content=\"index, follow, max-snippet:-1, max-image-preview:large, max-video-preview:-1\" \/>\n<link rel=\"canonical\" href=\"https:\/\/seksuaaltervisekliinik.ee\/en\/sexual-rights\/\" \/>\n<meta property=\"og:locale\" content=\"en_US\" \/>\n<meta property=\"og:type\" content=\"article\" \/>\n<meta property=\"og:title\" content=\"Sexual rights - Seksuaaltervise Kliinik |\u00a0Vastuv\u00f5tt noortele ja t\u00e4iskasvanutele\" \/>\n<meta property=\"og:description\" content=\"Sexual health is closely related to sexual rights, which are part of human rights that apply to everyone. Sexual rights are: \u25cf the right to be oneself &#8211; to make one&#8217;s own decisions about one&#8217;s body, to express oneself, to have a positive attitude towards sexuality, to choose one&#8217;s own partner, to make one&#8217;s own [&hellip;]\" \/>\n<meta property=\"og:url\" content=\"https:\/\/seksuaaltervisekliinik.ee\/en\/sexual-rights\/\" \/>\n<meta property=\"og:site_name\" content=\"Seksuaaltervise Kliinik |\u00a0Vastuv\u00f5tt noortele ja t\u00e4iskasvanutele\" \/>\n<meta property=\"article:publisher\" content=\"https:\/\/www.facebook.com\/profile.php?id=100063747262747\" \/>\n<meta property=\"article:modified_time\" content=\"2023-07-15T04:58:50+00:00\" \/>\n<meta name=\"twitter:card\" content=\"summary_large_image\" \/>\n<meta name=\"twitter:label1\" content=\"Est. reading time\" \/>\n\t<meta name=\"twitter:data1\" content=\"1 minute\" \/>\n<script type=\"application\/ld+json\" class=\"yoast-schema-graph\">{\"@context\":\"https:\/\/schema.org\",\"@graph\":[{\"@type\":\"WebPage\",\"@id\":\"https:\/\/seksuaaltervisekliinik.ee\/en\/sexual-rights\/\",\"url\":\"https:\/\/seksuaaltervisekliinik.ee\/en\/sexual-rights\/\",\"name\":\"Sexual rights - Seksuaaltervise Kliinik |\u00a0Vastuv\u00f5tt noortele ja t\u00e4iskasvanutele\",\"isPartOf\":{\"@id\":\"https:\/\/seksuaaltervisekliinik.ee\/#website\"},\"datePublished\":\"2023-07-15T04:58:49+00:00\",\"dateModified\":\"2023-07-15T04:58:50+00:00\",\"breadcrumb\":{\"@id\":\"https:\/\/seksuaaltervisekliinik.ee\/en\/sexual-rights\/#breadcrumb\"},\"inLanguage\":\"en-US\",\"potentialAction\":[{\"@type\":\"ReadAction\",\"target\":[\"https:\/\/seksuaaltervisekliinik.ee\/en\/sexual-rights\/\"]}]},{\"@type\":\"BreadcrumbList\",\"@id\":\"https:\/\/seksuaaltervisekliinik.ee\/en\/sexual-rights\/#breadcrumb\",\"itemListElement\":[{\"@type\":\"ListItem\",\"position\":1,\"name\":\"Home\",\"item\":\"https:\/\/seksuaaltervisekliinik.ee\/\"},{\"@type\":\"ListItem\",\"position\":2,\"name\":\"Sexual rights\"}]},{\"@type\":\"WebSite\",\"@id\":\"https:\/\/seksuaaltervisekliinik.ee\/#website\",\"url\":\"https:\/\/seksuaaltervisekliinik.ee\/\",\"name\":\"Seksuaaltervise Kliinik |\u00a0Vastuv\u00f5tt noortele ja t\u00e4iskasvanutele\",\"description\":\"Broneeri aeg veebis v\u00f5i helista +372 666 5123\",\"publisher\":{\"@id\":\"https:\/\/seksuaaltervisekliinik.ee\/#organization\"},\"potentialAction\":[{\"@type\":\"SearchAction\",\"target\":{\"@type\":\"EntryPoint\",\"urlTemplate\":\"https:\/\/seksuaaltervisekliinik.ee\/?s={search_term_string}\"},\"query-input\":{\"@type\":\"PropertyValueSpecification\",\"valueRequired\":true,\"valueName\":\"search_term_string\"}}],\"inLanguage\":\"en-US\"},{\"@type\":\"Organization\",\"@id\":\"https:\/\/seksuaaltervisekliinik.ee\/#organization\",\"name\":\"Seksuaaltervise Kliinik |\u00a0Vastuv\u00f5tt noortele ja t\u00e4iskasvanutele\",\"url\":\"https:\/\/seksuaaltervisekliinik.ee\/\",\"logo\":{\"@type\":\"ImageObject\",\"inLanguage\":\"en-US\",\"@id\":\"https:\/\/seksuaaltervisekliinik.ee\/#\/schema\/logo\/image\/\",\"url\":\"https:\/\/seksuaaltervisekliinik.ee\/wp-content\/uploads\/sites\/6\/2025\/06\/cropped-Untitled-design-52.png\",\"contentUrl\":\"https:\/\/seksuaaltervisekliinik.ee\/wp-content\/uploads\/sites\/6\/2025\/06\/cropped-Untitled-design-52.png\",\"width\":512,\"height\":512,\"caption\":\"Seksuaaltervise Kliinik |\u00a0Vastuv\u00f5tt noortele ja t\u00e4iskasvanutele\"},\"image\":{\"@id\":\"https:\/\/seksuaaltervisekliinik.ee\/#\/schema\/logo\/image\/\"},\"sameAs\":[\"https:\/\/www.facebook.com\/profile.php?id=100063747262747\"]}]}<\/script>\n<!-- \/ Yoast SEO plugin. -->","yoast_head_json":{"title":"Sexual rights - Seksuaaltervise Kliinik |\u00a0Vastuv\u00f5tt noortele ja t\u00e4iskasvanutele","robots":{"index":"index","follow":"follow","max-snippet":"max-snippet:-1","max-image-preview":"max-image-preview:large","max-video-preview":"max-video-preview:-1"},"canonical":"https:\/\/seksuaaltervisekliinik.ee\/en\/sexual-rights\/","og_locale":"en_US","og_type":"article","og_title":"Sexual rights - Seksuaaltervise Kliinik |\u00a0Vastuv\u00f5tt noortele ja t\u00e4iskasvanutele","og_description":"Sexual health is closely related to sexual rights, which are part of human rights that apply to everyone. Sexual rights are: \u25cf the right to be oneself &#8211; to make one&#8217;s own decisions about one&#8217;s body, to express oneself, to have a positive attitude towards sexuality, to choose one&#8217;s own partner, to make one&#8217;s own [&hellip;]","og_url":"https:\/\/seksuaaltervisekliinik.ee\/en\/sexual-rights\/","og_site_name":"Seksuaaltervise Kliinik |\u00a0Vastuv\u00f5tt noortele ja t\u00e4iskasvanutele","article_publisher":"https:\/\/www.facebook.com\/profile.php?id=100063747262747","article_modified_time":"2023-07-15T04:58:50+00:00","twitter_card":"summary_large_image","twitter_misc":{"Est. reading time":"1 minute"},"schema":{"@context":"https:\/\/schema.org","@graph":[{"@type":"WebPage","@id":"https:\/\/seksuaaltervisekliinik.ee\/en\/sexual-rights\/","url":"https:\/\/seksuaaltervisekliinik.ee\/en\/sexual-rights\/","name":"Sexual rights - Seksuaaltervise Kliinik |\u00a0Vastuv\u00f5tt noortele ja t\u00e4iskasvanutele","isPartOf":{"@id":"https:\/\/seksuaaltervisekliinik.ee\/#website"},"datePublished":"2023-07-15T04:58:49+00:00","dateModified":"2023-07-15T04:58:50+00:00","breadcrumb":{"@id":"https:\/\/seksuaaltervisekliinik.ee\/en\/sexual-rights\/#breadcrumb"},"inLanguage":"en-US","potentialAction":[{"@type":"ReadAction","target":["https:\/\/seksuaaltervisekliinik.ee\/en\/sexual-rights\/"]}]},{"@type":"BreadcrumbList","@id":"https:\/\/seksuaaltervisekliinik.ee\/en\/sexual-rights\/#breadcrumb","itemListElement":[{"@type":"ListItem","position":1,"name":"Home","item":"https:\/\/seksuaaltervisekliinik.ee\/"},{"@type":"ListItem","position":2,"name":"Sexual rights"}]},{"@type":"WebSite","@id":"https:\/\/seksuaaltervisekliinik.ee\/#website","url":"https:\/\/seksuaaltervisekliinik.ee\/","name":"Seksuaaltervise Kliinik |\u00a0Vastuv\u00f5tt noortele ja t\u00e4iskasvanutele","description":"Broneeri aeg veebis v\u00f5i helista +372 666 5123","publisher":{"@id":"https:\/\/seksuaaltervisekliinik.ee\/#organization"},"potentialAction":[{"@type":"SearchAction","target":{"@type":"EntryPoint","urlTemplate":"https:\/\/seksuaaltervisekliinik.ee\/?s={search_term_string}"},"query-input":{"@type":"PropertyValueSpecification","valueRequired":true,"valueName":"search_term_string"}}],"inLanguage":"en-US"},{"@type":"Organization","@id":"https:\/\/seksuaaltervisekliinik.ee\/#organization","name":"Seksuaaltervise Kliinik |\u00a0Vastuv\u00f5tt noortele ja t\u00e4iskasvanutele","url":"https:\/\/seksuaaltervisekliinik.ee\/","logo":{"@type":"ImageObject","inLanguage":"en-US","@id":"https:\/\/seksuaaltervisekliinik.ee\/#\/schema\/logo\/image\/","url":"https:\/\/seksuaaltervisekliinik.ee\/wp-content\/uploads\/sites\/6\/2025\/06\/cropped-Untitled-design-52.png","contentUrl":"https:\/\/seksuaaltervisekliinik.ee\/wp-content\/uploads\/sites\/6\/2025\/06\/cropped-Untitled-design-52.png","width":512,"height":512,"caption":"Seksuaaltervise Kliinik |\u00a0Vastuv\u00f5tt noortele ja t\u00e4iskasvanutele"},"image":{"@id":"https:\/\/seksuaaltervisekliinik.ee\/#\/schema\/logo\/image\/"},"sameAs":["https:\/\/www.facebook.com\/profile.php?id=100063747262747"]}]}},"_links":{"self":[{"href":"https:\/\/seksuaaltervisekliinik.ee\/en\/wp-json\/wp\/v2\/pages\/40312","targetHints":{"allow":["GET"]}}],"collection":[{"href":"https:\/\/seksuaaltervisekliinik.ee\/en\/wp-json\/wp\/v2\/pages"}],"about":[{"href":"https:\/\/seksuaaltervisekliinik.ee\/en\/wp-json\/wp\/v2\/types\/page"}],"author":[{"embeddable":true,"href":"https:\/\/seksuaaltervisekliinik.ee\/en\/wp-json\/wp\/v2\/users\/2"}],"replies":[{"embeddable":true,"href":"https:\/\/seksuaaltervisekliinik.ee\/en\/wp-json\/wp\/v2\/comments?post=40312"}],"version-history":[{"count":1,"href":"https:\/\/seksuaaltervisekliinik.ee\/en\/wp-json\/wp\/v2\/pages\/40312\/revisions"}],"predecessor-version":[{"id":40313,"href":"https:\/\/seksuaaltervisekliinik.ee\/en\/wp-json\/wp\/v2\/pages\/40312\/revisions\/40313"}],"wp:attachment":[{"href":"https:\/\/seksuaaltervisekliinik.ee\/en\/wp-json\/wp\/v2\/media?parent=40312"}],"curies":[{"name":"wp","href":"https:\/\/api.w.org\/{rel}","templated":true}]}}