{"id":40321,"date":"2023-07-15T08:13:38","date_gmt":"2023-07-15T05:13:38","guid":{"rendered":"https:\/\/seksuaaltervis.ee\/estk\/?page_id=40321"},"modified":"2023-07-15T08:13:39","modified_gmt":"2023-07-15T05:13:39","slug":"how-to-choose-the-right-contraceptive-method","status":"publish","type":"page","link":"https:\/\/seksuaaltervisekliinik.ee\/en\/how-to-choose-the-right-contraceptive-method\/","title":{"rendered":"How to choose the right contraceptive method?"},"content":{"rendered":"\n<p>What to consider when choosing a contraceptive method? We have highlighted some good examples on this page.<\/p>\n\n\n\n<p>The choice of contraceptive method depends on the needs of the partners and is their shared responsibility. If possible, it is good to discuss the choice of contraceptive method with your partner before intercourse. If the pregnancy is not wanted, you should definitely choose an effective contraceptive method (Double Dutch method, contraceptive implant, intrauterine device, oral contraceptives, contraceptive patch, vaginal ring). If you are male then the only way to protect yourself and your partner from an unwanted pregnancy is to use a condom and to help and support your partner in choosing and using a suitable effective contraceptive method.<\/p>\n\n\n\n<p>If you are female, then there are more possibilities to protect yourself and your partner from an unwanted pregnancy. Effective contraceptive methods (contraceptive implant, intrauterine device, oral contraceptives, contraceptive patch, vaginal ring) can be used by women. A woman has also the right to also ask or demand the use of a condom, and she can support and help the partner in using a condom.Men and women can get a sterilization when they have filled certain conditions<br><br><\/p>\n\n\n\n<p><strong>Principles of choosing a suitable effective contraceptive method<\/strong><\/p>\n\n\n\n<p>Effective contraceptives can be divided into several categories:<br><\/p>\n","protected":false},"excerpt":{"rendered":"<p>What to consider when choosing a contraceptive method? We have highlighted some good examples on this page. The choice of contraceptive method depends on the needs of the partners and is their shared responsibility. If possible, it is good to discuss the choice of contraceptive method with your partner before intercourse. If the pregnancy is [&hellip;]<\/p>\n","protected":false},"author":2,"featured_media":0,"parent":0,"menu_order":0,"comment_status":"closed","ping_status":"closed","template":"","meta":{"_acf_changed":false,"footnotes":""},"class_list":["post-40321","page","type-page","status-publish","hentry"],"acf":[],"yoast_head":"<!-- This site is optimized with the Yoast SEO plugin v25.3.1 - https:\/\/yoast.com\/wordpress\/plugins\/seo\/ -->\n<title>How to choose the right contraceptive method? - Seksuaaltervise Kliinik |\u00a0Vastuv\u00f5tt noortele ja t\u00e4iskasvanutele<\/title>\n<meta name=\"robots\" content=\"index, follow, max-snippet:-1, max-image-preview:large, max-video-preview:-1\" \/>\n<link rel=\"canonical\" href=\"https:\/\/seksuaaltervisekliinik.ee\/en\/how-to-choose-the-right-contraceptive-method\/\" \/>\n<meta property=\"og:locale\" content=\"en_US\" \/>\n<meta property=\"og:type\" content=\"article\" \/>\n<meta property=\"og:title\" content=\"How to choose the right contraceptive method? - Seksuaaltervise Kliinik |\u00a0Vastuv\u00f5tt noortele ja t\u00e4iskasvanutele\" \/>\n<meta property=\"og:description\" content=\"What to consider when choosing a contraceptive method? We have highlighted some good examples on this page. The choice of contraceptive method depends on the needs of the partners and is their shared responsibility. If possible, it is good to discuss the choice of contraceptive method with your partner before intercourse. If the pregnancy is [&hellip;]\" \/>\n<meta property=\"og:url\" content=\"https:\/\/seksuaaltervisekliinik.ee\/en\/how-to-choose-the-right-contraceptive-method\/\" \/>\n<meta property=\"og:site_name\" content=\"Seksuaaltervise Kliinik |\u00a0Vastuv\u00f5tt noortele ja t\u00e4iskasvanutele\" \/>\n<meta property=\"article:publisher\" content=\"https:\/\/www.facebook.com\/profile.php?id=100063747262747\" \/>\n<meta property=\"article:modified_time\" content=\"2023-07-15T05:13:39+00:00\" \/>\n<meta name=\"twitter:card\" content=\"summary_large_image\" \/>\n<meta name=\"twitter:label1\" content=\"Est. reading time\" \/>\n\t<meta name=\"twitter:data1\" content=\"1 minute\" \/>\n<script type=\"application\/ld+json\" class=\"yoast-schema-graph\">{\"@context\":\"https:\/\/schema.org\",\"@graph\":[{\"@type\":\"WebPage\",\"@id\":\"https:\/\/seksuaaltervisekliinik.ee\/en\/how-to-choose-the-right-contraceptive-method\/\",\"url\":\"https:\/\/seksuaaltervisekliinik.ee\/en\/how-to-choose-the-right-contraceptive-method\/\",\"name\":\"How to choose the right contraceptive method? - Seksuaaltervise Kliinik |\u00a0Vastuv\u00f5tt noortele ja t\u00e4iskasvanutele\",\"isPartOf\":{\"@id\":\"https:\/\/seksuaaltervisekliinik.ee\/#website\"},\"datePublished\":\"2023-07-15T05:13:38+00:00\",\"dateModified\":\"2023-07-15T05:13:39+00:00\",\"breadcrumb\":{\"@id\":\"https:\/\/seksuaaltervisekliinik.ee\/en\/how-to-choose-the-right-contraceptive-method\/#breadcrumb\"},\"inLanguage\":\"en-US\",\"potentialAction\":[{\"@type\":\"ReadAction\",\"target\":[\"https:\/\/seksuaaltervisekliinik.ee\/en\/how-to-choose-the-right-contraceptive-method\/\"]}]},{\"@type\":\"BreadcrumbList\",\"@id\":\"https:\/\/seksuaaltervisekliinik.ee\/en\/how-to-choose-the-right-contraceptive-method\/#breadcrumb\",\"itemListElement\":[{\"@type\":\"ListItem\",\"position\":1,\"name\":\"Home\",\"item\":\"https:\/\/seksuaaltervisekliinik.ee\/\"},{\"@type\":\"ListItem\",\"position\":2,\"name\":\"How to choose the right contraceptive method?\"}]},{\"@type\":\"WebSite\",\"@id\":\"https:\/\/seksuaaltervisekliinik.ee\/#website\",\"url\":\"https:\/\/seksuaaltervisekliinik.ee\/\",\"name\":\"Seksuaaltervise Kliinik |\u00a0Vastuv\u00f5tt noortele ja t\u00e4iskasvanutele\",\"description\":\"Broneeri aeg veebis v\u00f5i helista +372 666 5123\",\"publisher\":{\"@id\":\"https:\/\/seksuaaltervisekliinik.ee\/#organization\"},\"potentialAction\":[{\"@type\":\"SearchAction\",\"target\":{\"@type\":\"EntryPoint\",\"urlTemplate\":\"https:\/\/seksuaaltervisekliinik.ee\/?s={search_term_string}\"},\"query-input\":{\"@type\":\"PropertyValueSpecification\",\"valueRequired\":true,\"valueName\":\"search_term_string\"}}],\"inLanguage\":\"en-US\"},{\"@type\":\"Organization\",\"@id\":\"https:\/\/seksuaaltervisekliinik.ee\/#organization\",\"name\":\"Seksuaaltervise Kliinik |\u00a0Vastuv\u00f5tt noortele ja t\u00e4iskasvanutele\",\"url\":\"https:\/\/seksuaaltervisekliinik.ee\/\",\"logo\":{\"@type\":\"ImageObject\",\"inLanguage\":\"en-US\",\"@id\":\"https:\/\/seksuaaltervisekliinik.ee\/#\/schema\/logo\/image\/\",\"url\":\"https:\/\/seksuaaltervisekliinik.ee\/wp-content\/uploads\/sites\/6\/2025\/06\/cropped-Untitled-design-52.png\",\"contentUrl\":\"https:\/\/seksuaaltervisekliinik.ee\/wp-content\/uploads\/sites\/6\/2025\/06\/cropped-Untitled-design-52.png\",\"width\":512,\"height\":512,\"caption\":\"Seksuaaltervise Kliinik |\u00a0Vastuv\u00f5tt noortele ja t\u00e4iskasvanutele\"},\"image\":{\"@id\":\"https:\/\/seksuaaltervisekliinik.ee\/#\/schema\/logo\/image\/\"},\"sameAs\":[\"https:\/\/www.facebook.com\/profile.php?id=100063747262747\"]}]}<\/script>\n<!-- \/ Yoast SEO plugin. -->","yoast_head_json":{"title":"How to choose the right contraceptive method? - Seksuaaltervise Kliinik |\u00a0Vastuv\u00f5tt noortele ja t\u00e4iskasvanutele","robots":{"index":"index","follow":"follow","max-snippet":"max-snippet:-1","max-image-preview":"max-image-preview:large","max-video-preview":"max-video-preview:-1"},"canonical":"https:\/\/seksuaaltervisekliinik.ee\/en\/how-to-choose-the-right-contraceptive-method\/","og_locale":"en_US","og_type":"article","og_title":"How to choose the right contraceptive method? - Seksuaaltervise Kliinik |\u00a0Vastuv\u00f5tt noortele ja t\u00e4iskasvanutele","og_description":"What to consider when choosing a contraceptive method? We have highlighted some good examples on this page. The choice of contraceptive method depends on the needs of the partners and is their shared responsibility. If possible, it is good to discuss the choice of contraceptive method with your partner before intercourse. If the pregnancy is [&hellip;]","og_url":"https:\/\/seksuaaltervisekliinik.ee\/en\/how-to-choose-the-right-contraceptive-method\/","og_site_name":"Seksuaaltervise Kliinik |\u00a0Vastuv\u00f5tt noortele ja t\u00e4iskasvanutele","article_publisher":"https:\/\/www.facebook.com\/profile.php?id=100063747262747","article_modified_time":"2023-07-15T05:13:39+00:00","twitter_card":"summary_large_image","twitter_misc":{"Est. reading time":"1 minute"},"schema":{"@context":"https:\/\/schema.org","@graph":[{"@type":"WebPage","@id":"https:\/\/seksuaaltervisekliinik.ee\/en\/how-to-choose-the-right-contraceptive-method\/","url":"https:\/\/seksuaaltervisekliinik.ee\/en\/how-to-choose-the-right-contraceptive-method\/","name":"How to choose the right contraceptive method? - Seksuaaltervise Kliinik |\u00a0Vastuv\u00f5tt noortele ja t\u00e4iskasvanutele","isPartOf":{"@id":"https:\/\/seksuaaltervisekliinik.ee\/#website"},"datePublished":"2023-07-15T05:13:38+00:00","dateModified":"2023-07-15T05:13:39+00:00","breadcrumb":{"@id":"https:\/\/seksuaaltervisekliinik.ee\/en\/how-to-choose-the-right-contraceptive-method\/#breadcrumb"},"inLanguage":"en-US","potentialAction":[{"@type":"ReadAction","target":["https:\/\/seksuaaltervisekliinik.ee\/en\/how-to-choose-the-right-contraceptive-method\/"]}]},{"@type":"BreadcrumbList","@id":"https:\/\/seksuaaltervisekliinik.ee\/en\/how-to-choose-the-right-contraceptive-method\/#breadcrumb","itemListElement":[{"@type":"ListItem","position":1,"name":"Home","item":"https:\/\/seksuaaltervisekliinik.ee\/"},{"@type":"ListItem","position":2,"name":"How to choose the right contraceptive method?"}]},{"@type":"WebSite","@id":"https:\/\/seksuaaltervisekliinik.ee\/#website","url":"https:\/\/seksuaaltervisekliinik.ee\/","name":"Seksuaaltervise Kliinik |\u00a0Vastuv\u00f5tt noortele ja t\u00e4iskasvanutele","description":"Broneeri aeg veebis v\u00f5i helista +372 666 5123","publisher":{"@id":"https:\/\/seksuaaltervisekliinik.ee\/#organization"},"potentialAction":[{"@type":"SearchAction","target":{"@type":"EntryPoint","urlTemplate":"https:\/\/seksuaaltervisekliinik.ee\/?s={search_term_string}"},"query-input":{"@type":"PropertyValueSpecification","valueRequired":true,"valueName":"search_term_string"}}],"inLanguage":"en-US"},{"@type":"Organization","@id":"https:\/\/seksuaaltervisekliinik.ee\/#organization","name":"Seksuaaltervise Kliinik |\u00a0Vastuv\u00f5tt noortele ja t\u00e4iskasvanutele","url":"https:\/\/seksuaaltervisekliinik.ee\/","logo":{"@type":"ImageObject","inLanguage":"en-US","@id":"https:\/\/seksuaaltervisekliinik.ee\/#\/schema\/logo\/image\/","url":"https:\/\/seksuaaltervisekliinik.ee\/wp-content\/uploads\/sites\/6\/2025\/06\/cropped-Untitled-design-52.png","contentUrl":"https:\/\/seksuaaltervisekliinik.ee\/wp-content\/uploads\/sites\/6\/2025\/06\/cropped-Untitled-design-52.png","width":512,"height":512,"caption":"Seksuaaltervise Kliinik |\u00a0Vastuv\u00f5tt noortele ja t\u00e4iskasvanutele"},"image":{"@id":"https:\/\/seksuaaltervisekliinik.ee\/#\/schema\/logo\/image\/"},"sameAs":["https:\/\/www.facebook.com\/profile.php?id=100063747262747"]}]}},"_links":{"self":[{"href":"https:\/\/seksuaaltervisekliinik.ee\/en\/wp-json\/wp\/v2\/pages\/40321","targetHints":{"allow":["GET"]}}],"collection":[{"href":"https:\/\/seksuaaltervisekliinik.ee\/en\/wp-json\/wp\/v2\/pages"}],"about":[{"href":"https:\/\/seksuaaltervisekliinik.ee\/en\/wp-json\/wp\/v2\/types\/page"}],"author":[{"embeddable":true,"href":"https:\/\/seksuaaltervisekliinik.ee\/en\/wp-json\/wp\/v2\/users\/2"}],"replies":[{"embeddable":true,"href":"https:\/\/seksuaaltervisekliinik.ee\/en\/wp-json\/wp\/v2\/comments?post=40321"}],"version-history":[{"count":2,"href":"https:\/\/seksuaaltervisekliinik.ee\/en\/wp-json\/wp\/v2\/pages\/40321\/revisions"}],"predecessor-version":[{"id":40323,"href":"https:\/\/seksuaaltervisekliinik.ee\/en\/wp-json\/wp\/v2\/pages\/40321\/revisions\/40323"}],"wp:attachment":[{"href":"https:\/\/seksuaaltervisekliinik.ee\/en\/wp-json\/wp\/v2\/media?parent=40321"}],"curies":[{"name":"wp","href":"https:\/\/api.w.org\/{rel}","templated":true}]}}