{"id":8922,"date":"2020-09-01T13:24:10","date_gmt":"2020-09-01T13:24:10","guid":{"rendered":"https:\/\/seksuaaltervis.ee\/estk\/?page_id=8922"},"modified":"2025-05-27T21:59:41","modified_gmt":"2025-05-27T18:59:41","slug":"patsiendi-meelespea","status":"publish","type":"page","link":"https:\/\/seksuaaltervisekliinik.ee\/en\/seksuaaltervise-kliinik\/patsiendi-meelespea\/","title":{"rendered":"Reminder for patients"},"content":{"rendered":"<p><strong data-rich-text-format-boundary=\"true\"><a href=\"https:\/\/t1tallinn.com\">We are located on the 3rd floor of the T1 center!<\/a><\/strong><\/p>\n<ul>\n<li>We ask patients who have registered for an appointment to come to the Clinic reception 5-10 minutes before the appointment.<\/li>\n<li>Late patients will not be admitted to the appointment.<\/li>\n<li>You must bring a photo ID for identification purposes.<\/li>\n<li>The clinic is accessible even if you have mobility restrictions.<\/li>\n<\/ul>\n\n<p><br\/><strong><a href=\"#modal-hinnakiri\">Sexual Health Clinic Price List<\/a><\/strong><\/p>\n\n<p><\/p>\n","protected":false},"excerpt":{"rendered":"<p>Before your visit, please familiarize yourself with the important rules to ensure a problem-free appointment.<br \/>\nWe are located on the 3rd floor of the T1 center!<\/p>\n","protected":false},"author":2,"featured_media":8924,"parent":8862,"menu_order":0,"comment_status":"closed","ping_status":"closed","template":"","meta":{"_acf_changed":false,"footnotes":""},"class_list":["post-8922","page","type-page","status-publish","has-post-thumbnail","hentry"],"acf":[],"yoast_head":"<!-- This site is optimized with the Yoast SEO plugin v25.3.1 - https:\/\/yoast.com\/wordpress\/plugins\/seo\/ -->\n<title>Reminder for patients - Seksuaaltervise Kliinik |\u00a0Vastuv\u00f5tt noortele ja t\u00e4iskasvanutele<\/title>\n<meta name=\"robots\" content=\"index, follow, max-snippet:-1, max-image-preview:large, max-video-preview:-1\" \/>\n<link rel=\"canonical\" href=\"https:\/\/seksuaaltervisekliinik.ee\/seksuaaltervise-kliinik\/patsiendi-meelespea\/\" \/>\n<meta property=\"og:locale\" content=\"en_US\" \/>\n<meta property=\"og:type\" content=\"article\" \/>\n<meta property=\"og:title\" content=\"Reminder for patients - Seksuaaltervise Kliinik |\u00a0Vastuv\u00f5tt noortele ja t\u00e4iskasvanutele\" \/>\n<meta property=\"og:description\" content=\"Before your visit, please familiarize yourself with the important rules to ensure a problem-free appointment. We are located on the 3rd floor of the T1 center!\" \/>\n<meta property=\"og:url\" content=\"https:\/\/seksuaaltervisekliinik.ee\/seksuaaltervise-kliinik\/patsiendi-meelespea\/\" \/>\n<meta property=\"og:site_name\" content=\"Seksuaaltervise Kliinik |\u00a0Vastuv\u00f5tt noortele ja t\u00e4iskasvanutele\" \/>\n<meta property=\"article:publisher\" content=\"https:\/\/www.facebook.com\/profile.php?id=100063747262747\" \/>\n<meta property=\"article:modified_time\" content=\"2025-05-27T18:59:41+00:00\" \/>\n<meta property=\"og:image\" content=\"https:\/\/seksuaaltervisekliinik.ee\/wp-content\/uploads\/sites\/6\/2020\/10\/pexels-julia-filirovska-4913769-1.jpg\" \/>\n\t<meta property=\"og:image:width\" content=\"1920\" \/>\n\t<meta property=\"og:image:height\" content=\"957\" \/>\n\t<meta property=\"og:image:type\" content=\"image\/jpeg\" \/>\n<meta name=\"twitter:card\" content=\"summary_large_image\" \/>\n<meta name=\"twitter:label1\" content=\"Est. reading time\" \/>\n\t<meta name=\"twitter:data1\" content=\"1 minute\" \/>\n<script type=\"application\/ld+json\" class=\"yoast-schema-graph\">{\"@context\":\"https:\/\/schema.org\",\"@graph\":[{\"@type\":\"WebPage\",\"@id\":\"https:\/\/seksuaaltervisekliinik.ee\/seksuaaltervise-kliinik\/patsiendi-meelespea\/\",\"url\":\"https:\/\/seksuaaltervisekliinik.ee\/seksuaaltervise-kliinik\/patsiendi-meelespea\/\",\"name\":\"Reminder for patients - Seksuaaltervise Kliinik |\u00a0Vastuv\u00f5tt noortele ja t\u00e4iskasvanutele\",\"isPartOf\":{\"@id\":\"https:\/\/seksuaaltervisekliinik.ee\/#website\"},\"primaryImageOfPage\":{\"@id\":\"https:\/\/seksuaaltervisekliinik.ee\/seksuaaltervise-kliinik\/patsiendi-meelespea\/#primaryimage\"},\"image\":{\"@id\":\"https:\/\/seksuaaltervisekliinik.ee\/seksuaaltervise-kliinik\/patsiendi-meelespea\/#primaryimage\"},\"thumbnailUrl\":\"https:\/\/seksuaaltervisekliinik.ee\/wp-content\/uploads\/sites\/6\/2020\/10\/pexels-julia-filirovska-4913769-1.jpg\",\"datePublished\":\"2020-09-01T13:24:10+00:00\",\"dateModified\":\"2025-05-27T18:59:41+00:00\",\"breadcrumb\":{\"@id\":\"https:\/\/seksuaaltervisekliinik.ee\/seksuaaltervise-kliinik\/patsiendi-meelespea\/#breadcrumb\"},\"inLanguage\":\"en-US\",\"potentialAction\":[{\"@type\":\"ReadAction\",\"target\":[\"https:\/\/seksuaaltervisekliinik.ee\/seksuaaltervise-kliinik\/patsiendi-meelespea\/\"]}]},{\"@type\":\"ImageObject\",\"inLanguage\":\"en-US\",\"@id\":\"https:\/\/seksuaaltervisekliinik.ee\/seksuaaltervise-kliinik\/patsiendi-meelespea\/#primaryimage\",\"url\":\"https:\/\/seksuaaltervisekliinik.ee\/wp-content\/uploads\/sites\/6\/2020\/10\/pexels-julia-filirovska-4913769-1.jpg\",\"contentUrl\":\"https:\/\/seksuaaltervisekliinik.ee\/wp-content\/uploads\/sites\/6\/2020\/10\/pexels-julia-filirovska-4913769-1.jpg\",\"width\":1920,\"height\":957},{\"@type\":\"BreadcrumbList\",\"@id\":\"https:\/\/seksuaaltervisekliinik.ee\/seksuaaltervise-kliinik\/patsiendi-meelespea\/#breadcrumb\",\"itemListElement\":[{\"@type\":\"ListItem\",\"position\":1,\"name\":\"Home\",\"item\":\"https:\/\/seksuaaltervisekliinik.ee\/\"},{\"@type\":\"ListItem\",\"position\":2,\"name\":\"Sexual Health Clinic\",\"item\":\"https:\/\/seksuaaltervisekliinik.ee\/seksuaaltervise-kliinik\/\"},{\"@type\":\"ListItem\",\"position\":3,\"name\":\"Reminder for patients\"}]},{\"@type\":\"WebSite\",\"@id\":\"https:\/\/seksuaaltervisekliinik.ee\/#website\",\"url\":\"https:\/\/seksuaaltervisekliinik.ee\/\",\"name\":\"Seksuaaltervise Kliinik |\u00a0Vastuv\u00f5tt noortele ja t\u00e4iskasvanutele\",\"description\":\"Broneeri aeg veebis v\u00f5i helista +372 666 5123\",\"publisher\":{\"@id\":\"https:\/\/seksuaaltervisekliinik.ee\/#organization\"},\"potentialAction\":[{\"@type\":\"SearchAction\",\"target\":{\"@type\":\"EntryPoint\",\"urlTemplate\":\"https:\/\/seksuaaltervisekliinik.ee\/?s={search_term_string}\"},\"query-input\":{\"@type\":\"PropertyValueSpecification\",\"valueRequired\":true,\"valueName\":\"search_term_string\"}}],\"inLanguage\":\"en-US\"},{\"@type\":\"Organization\",\"@id\":\"https:\/\/seksuaaltervisekliinik.ee\/#organization\",\"name\":\"Seksuaaltervise Kliinik |\u00a0Vastuv\u00f5tt noortele ja t\u00e4iskasvanutele\",\"url\":\"https:\/\/seksuaaltervisekliinik.ee\/\",\"logo\":{\"@type\":\"ImageObject\",\"inLanguage\":\"en-US\",\"@id\":\"https:\/\/seksuaaltervisekliinik.ee\/#\/schema\/logo\/image\/\",\"url\":\"https:\/\/seksuaaltervisekliinik.ee\/wp-content\/uploads\/sites\/6\/2025\/06\/cropped-Untitled-design-52.png\",\"contentUrl\":\"https:\/\/seksuaaltervisekliinik.ee\/wp-content\/uploads\/sites\/6\/2025\/06\/cropped-Untitled-design-52.png\",\"width\":512,\"height\":512,\"caption\":\"Seksuaaltervise Kliinik |\u00a0Vastuv\u00f5tt noortele ja t\u00e4iskasvanutele\"},\"image\":{\"@id\":\"https:\/\/seksuaaltervisekliinik.ee\/#\/schema\/logo\/image\/\"},\"sameAs\":[\"https:\/\/www.facebook.com\/profile.php?id=100063747262747\"]}]}<\/script>\n<!-- \/ Yoast SEO plugin. -->","yoast_head_json":{"title":"Reminder for patients - Seksuaaltervise Kliinik |\u00a0Vastuv\u00f5tt noortele ja t\u00e4iskasvanutele","robots":{"index":"index","follow":"follow","max-snippet":"max-snippet:-1","max-image-preview":"max-image-preview:large","max-video-preview":"max-video-preview:-1"},"canonical":"https:\/\/seksuaaltervisekliinik.ee\/seksuaaltervise-kliinik\/patsiendi-meelespea\/","og_locale":"en_US","og_type":"article","og_title":"Reminder for patients - Seksuaaltervise Kliinik |\u00a0Vastuv\u00f5tt noortele ja t\u00e4iskasvanutele","og_description":"Before your visit, please familiarize yourself with the important rules to ensure a problem-free appointment. We are located on the 3rd floor of the T1 center!","og_url":"https:\/\/seksuaaltervisekliinik.ee\/seksuaaltervise-kliinik\/patsiendi-meelespea\/","og_site_name":"Seksuaaltervise Kliinik |\u00a0Vastuv\u00f5tt noortele ja t\u00e4iskasvanutele","article_publisher":"https:\/\/www.facebook.com\/profile.php?id=100063747262747","article_modified_time":"2025-05-27T18:59:41+00:00","og_image":[{"width":1920,"height":957,"url":"https:\/\/seksuaaltervisekliinik.ee\/wp-content\/uploads\/sites\/6\/2020\/10\/pexels-julia-filirovska-4913769-1.jpg","type":"image\/jpeg"}],"twitter_card":"summary_large_image","twitter_misc":{"Est. reading time":"1 minute"},"schema":{"@context":"https:\/\/schema.org","@graph":[{"@type":"WebPage","@id":"https:\/\/seksuaaltervisekliinik.ee\/seksuaaltervise-kliinik\/patsiendi-meelespea\/","url":"https:\/\/seksuaaltervisekliinik.ee\/seksuaaltervise-kliinik\/patsiendi-meelespea\/","name":"Reminder for patients - Seksuaaltervise Kliinik |\u00a0Vastuv\u00f5tt noortele ja t\u00e4iskasvanutele","isPartOf":{"@id":"https:\/\/seksuaaltervisekliinik.ee\/#website"},"primaryImageOfPage":{"@id":"https:\/\/seksuaaltervisekliinik.ee\/seksuaaltervise-kliinik\/patsiendi-meelespea\/#primaryimage"},"image":{"@id":"https:\/\/seksuaaltervisekliinik.ee\/seksuaaltervise-kliinik\/patsiendi-meelespea\/#primaryimage"},"thumbnailUrl":"https:\/\/seksuaaltervisekliinik.ee\/wp-content\/uploads\/sites\/6\/2020\/10\/pexels-julia-filirovska-4913769-1.jpg","datePublished":"2020-09-01T13:24:10+00:00","dateModified":"2025-05-27T18:59:41+00:00","breadcrumb":{"@id":"https:\/\/seksuaaltervisekliinik.ee\/seksuaaltervise-kliinik\/patsiendi-meelespea\/#breadcrumb"},"inLanguage":"en-US","potentialAction":[{"@type":"ReadAction","target":["https:\/\/seksuaaltervisekliinik.ee\/seksuaaltervise-kliinik\/patsiendi-meelespea\/"]}]},{"@type":"ImageObject","inLanguage":"en-US","@id":"https:\/\/seksuaaltervisekliinik.ee\/seksuaaltervise-kliinik\/patsiendi-meelespea\/#primaryimage","url":"https:\/\/seksuaaltervisekliinik.ee\/wp-content\/uploads\/sites\/6\/2020\/10\/pexels-julia-filirovska-4913769-1.jpg","contentUrl":"https:\/\/seksuaaltervisekliinik.ee\/wp-content\/uploads\/sites\/6\/2020\/10\/pexels-julia-filirovska-4913769-1.jpg","width":1920,"height":957},{"@type":"BreadcrumbList","@id":"https:\/\/seksuaaltervisekliinik.ee\/seksuaaltervise-kliinik\/patsiendi-meelespea\/#breadcrumb","itemListElement":[{"@type":"ListItem","position":1,"name":"Home","item":"https:\/\/seksuaaltervisekliinik.ee\/"},{"@type":"ListItem","position":2,"name":"Sexual Health Clinic","item":"https:\/\/seksuaaltervisekliinik.ee\/seksuaaltervise-kliinik\/"},{"@type":"ListItem","position":3,"name":"Reminder for patients"}]},{"@type":"WebSite","@id":"https:\/\/seksuaaltervisekliinik.ee\/#website","url":"https:\/\/seksuaaltervisekliinik.ee\/","name":"Seksuaaltervise Kliinik |\u00a0Vastuv\u00f5tt noortele ja t\u00e4iskasvanutele","description":"Broneeri aeg veebis v\u00f5i helista +372 666 5123","publisher":{"@id":"https:\/\/seksuaaltervisekliinik.ee\/#organization"},"potentialAction":[{"@type":"SearchAction","target":{"@type":"EntryPoint","urlTemplate":"https:\/\/seksuaaltervisekliinik.ee\/?s={search_term_string}"},"query-input":{"@type":"PropertyValueSpecification","valueRequired":true,"valueName":"search_term_string"}}],"inLanguage":"en-US"},{"@type":"Organization","@id":"https:\/\/seksuaaltervisekliinik.ee\/#organization","name":"Seksuaaltervise Kliinik |\u00a0Vastuv\u00f5tt noortele ja t\u00e4iskasvanutele","url":"https:\/\/seksuaaltervisekliinik.ee\/","logo":{"@type":"ImageObject","inLanguage":"en-US","@id":"https:\/\/seksuaaltervisekliinik.ee\/#\/schema\/logo\/image\/","url":"https:\/\/seksuaaltervisekliinik.ee\/wp-content\/uploads\/sites\/6\/2025\/06\/cropped-Untitled-design-52.png","contentUrl":"https:\/\/seksuaaltervisekliinik.ee\/wp-content\/uploads\/sites\/6\/2025\/06\/cropped-Untitled-design-52.png","width":512,"height":512,"caption":"Seksuaaltervise Kliinik |\u00a0Vastuv\u00f5tt noortele ja t\u00e4iskasvanutele"},"image":{"@id":"https:\/\/seksuaaltervisekliinik.ee\/#\/schema\/logo\/image\/"},"sameAs":["https:\/\/www.facebook.com\/profile.php?id=100063747262747"]}]}},"_links":{"self":[{"href":"https:\/\/seksuaaltervisekliinik.ee\/en\/wp-json\/wp\/v2\/pages\/8922","targetHints":{"allow":["GET"]}}],"collection":[{"href":"https:\/\/seksuaaltervisekliinik.ee\/en\/wp-json\/wp\/v2\/pages"}],"about":[{"href":"https:\/\/seksuaaltervisekliinik.ee\/en\/wp-json\/wp\/v2\/types\/page"}],"author":[{"embeddable":true,"href":"https:\/\/seksuaaltervisekliinik.ee\/en\/wp-json\/wp\/v2\/users\/2"}],"replies":[{"embeddable":true,"href":"https:\/\/seksuaaltervisekliinik.ee\/en\/wp-json\/wp\/v2\/comments?post=8922"}],"version-history":[{"count":8,"href":"https:\/\/seksuaaltervisekliinik.ee\/en\/wp-json\/wp\/v2\/pages\/8922\/revisions"}],"predecessor-version":[{"id":68035,"href":"https:\/\/seksuaaltervisekliinik.ee\/en\/wp-json\/wp\/v2\/pages\/8922\/revisions\/68035"}],"up":[{"embeddable":true,"href":"https:\/\/seksuaaltervisekliinik.ee\/en\/wp-json\/wp\/v2\/pages\/8862"}],"wp:featuredmedia":[{"embeddable":true,"href":"https:\/\/seksuaaltervisekliinik.ee\/en\/wp-json\/wp\/v2\/media\/8924"}],"wp:attachment":[{"href":"https:\/\/seksuaaltervisekliinik.ee\/en\/wp-json\/wp\/v2\/media?parent=8922"}],"curies":[{"name":"wp","href":"https:\/\/api.w.org\/{rel}","templated":true}]}}