{"id":1286,"date":"2020-09-03T20:27:32","date_gmt":"2020-09-03T20:27:32","guid":{"rendered":"https:\/\/seksuaaltervis.ee\/estk\/hpv-ehk-papilloomviirus"},"modified":"2025-01-21T17:27:02","modified_gmt":"2025-01-21T14:27:02","slug":"hpv-ehk-papilloomviirus","status":"publish","type":"page","link":"https:\/\/seksuaaltervisekliinik.ee\/ru\/info\/suguhaigused\/hpv-ehk-papilloomviirus\/","title":{"rendered":"HPV (Human papillomavirus) ehk inimese papilloomviirus"},"content":{"rendered":"\n<p>HPV&nbsp;on kergesti nakkav inimeselt inimesele kanduv viirus, mis levib naha v\u00f5i limaskestade kokkupuutel. Harva on v\u00f5imalik ka viiruse kandumine s\u00fcnnitusel emalt vasts\u00fcndinule. HPV-l on \u00fcle 200 alat\u00fc\u00fcbi.<\/p>\n\n\n\n<p>Umbkaudu 80% inimestest nakatuvad elu jooksul m\u00f5ne&nbsp;HPV&nbsp;t\u00fcvega.&nbsp;Viiruse t\u00fcved on koespetsiifilised, see t\u00e4hendab, et nad on v\u00f5imelised nakatama mingit kindlat piirkonda kehas. Sageli ei anna HPV-ga nakatumine mingeid s\u00fcmptomeid.&nbsp;<\/p>\n\n\n\n<p>N\u00e4iteks s\u00f5rmedele tekkivaid nn soolat\u00fc\u00fckaid p\u00f5hjustavad t\u00fc\u00fcbid 1 ja 2, genitaalt\u00fc\u00fckaid ehk kond\u00fcloome p\u00f5hjustavad enamasti t\u00fc\u00fcbid 6 ja 11.&nbsp;Eelmainitud t\u00fcved teadaolevalt v\u00e4hkkasvajaid ei p\u00f5hjusta.<\/p>\n\n\n\n<p>M\u00f5ningad HPV t\u00fcved (n\u00e4iteks 16, 18, 45 ja teised k\u00f5rge riski t\u00fcved) v\u00f5ivad aga p\u00f5hjustada v\u00e4hieelseid seisundeid ning v\u00e4hkkasvajate teket genitaalpiirkonnas (nt emakakaela-, h\u00e4beme-, tupe-, p\u00e4raku ja peenisev\u00e4hk) ning suu\u00f5\u00f5nes (nt suu- ja neeluv\u00e4hk). K\u00f5rge riski HPV t\u00fcvede hulka kuuluvad t\u00fcved: 16, 18, 31, 33, 35, 39, 45, 51, 52, 56, 58, 59, 66,68.<\/p>\n\n\n\n<p>Enamasti suudab immuuns\u00fcsteem HPV organismist v\u00e4lja t\u00f5rjuda, kuid see ei anna immuunsust uue\/korduva nakatumise eest ja parim kaitse HPV-ga nakatumise ennetamiseks on vaktsineerimine.&nbsp;&nbsp;<\/p>\n\n\n\n<p><\/p>\n","protected":false},"excerpt":{"rendered":"<p>HPV&nbsp;on kergesti nakkav inimeselt inimesele kanduv viirus, mis levib naha v\u00f5i limaskestade kokkupuutel. Harva on v\u00f5imalik ka viiruse kandumine s\u00fcnnitusel emalt vasts\u00fcndinule. HPV-l on \u00fcle 200 alat\u00fc\u00fcbi. Umbkaudu 80% inimestest nakatuvad elu jooksul m\u00f5ne&nbsp;HPV&nbsp;t\u00fcvega.&nbsp;Viiruse t\u00fcved on koespetsiifilised, see t\u00e4hendab, et nad on v\u00f5imelised nakatama mingit kindlat piirkonda kehas. Sageli ei anna HPV-ga nakatumine mingeid s\u00fcmptomeid.&nbsp; [&hellip;]<\/p>\n","protected":false},"author":2,"featured_media":1858,"parent":1359,"menu_order":0,"comment_status":"closed","ping_status":"closed","template":"","meta":{"_acf_changed":false,"footnotes":""},"class_list":["post-1286","page","type-page","status-publish","has-post-thumbnail","hentry"],"acf":[],"yoast_head":"<!-- This site is optimized with the Yoast SEO plugin v25.3.1 - https:\/\/yoast.com\/wordpress\/plugins\/seo\/ -->\n<title>HPV (Human papillomavirus) ehk inimese papilloomviirus - Seksuaaltervise Kliinik |\u00a0Vastuv\u00f5tt noortele ja t\u00e4iskasvanutele<\/title>\n<meta name=\"robots\" content=\"index, follow, max-snippet:-1, max-image-preview:large, max-video-preview:-1\" \/>\n<link rel=\"canonical\" href=\"https:\/\/seksuaaltervisekliinik.ee\/ru\/info\/suguhaigused\/hpv-ehk-papilloomviirus\/\" \/>\n<meta property=\"og:locale\" content=\"ru_RU\" \/>\n<meta property=\"og:type\" content=\"article\" \/>\n<meta property=\"og:title\" content=\"HPV (Human papillomavirus) ehk inimese papilloomviirus - Seksuaaltervise Kliinik |\u00a0Vastuv\u00f5tt noortele ja t\u00e4iskasvanutele\" \/>\n<meta property=\"og:description\" content=\"HPV&nbsp;on kergesti nakkav inimeselt inimesele kanduv viirus, mis levib naha v\u00f5i limaskestade kokkupuutel. Harva on v\u00f5imalik ka viiruse kandumine s\u00fcnnitusel emalt vasts\u00fcndinule. HPV-l on \u00fcle 200 alat\u00fc\u00fcbi. Umbkaudu 80% inimestest nakatuvad elu jooksul m\u00f5ne&nbsp;HPV&nbsp;t\u00fcvega.&nbsp;Viiruse t\u00fcved on koespetsiifilised, see t\u00e4hendab, et nad on v\u00f5imelised nakatama mingit kindlat piirkonda kehas. Sageli ei anna HPV-ga nakatumine mingeid s\u00fcmptomeid.&nbsp; [&hellip;]\" \/>\n<meta property=\"og:url\" content=\"https:\/\/seksuaaltervisekliinik.ee\/ru\/info\/suguhaigused\/hpv-ehk-papilloomviirus\/\" \/>\n<meta property=\"og:site_name\" content=\"Seksuaaltervise Kliinik |\u00a0Vastuv\u00f5tt noortele ja t\u00e4iskasvanutele\" \/>\n<meta property=\"article:publisher\" content=\"https:\/\/www.facebook.com\/profile.php?id=100063747262747\" \/>\n<meta property=\"article:modified_time\" content=\"2025-01-21T14:27:02+00:00\" \/>\n<meta property=\"og:image\" content=\"https:\/\/seksuaaltervisekliinik.ee\/wp-content\/uploads\/sites\/6\/2020\/10\/pexels-julia-filirovska-4913769-1.jpg\" \/>\n\t<meta property=\"og:image:width\" content=\"1920\" \/>\n\t<meta property=\"og:image:height\" content=\"957\" \/>\n\t<meta property=\"og:image:type\" content=\"image\/jpeg\" \/>\n<meta name=\"twitter:card\" content=\"summary_large_image\" \/>\n<meta name=\"twitter:label1\" content=\"\u041f\u0440\u0438\u043c\u0435\u0440\u043d\u043e\u0435 \u0432\u0440\u0435\u043c\u044f \u0434\u043b\u044f \u0447\u0442\u0435\u043d\u0438\u044f\" \/>\n\t<meta name=\"twitter:data1\" content=\"1 \u043c\u0438\u043d\u0443\u0442\u0430\" \/>\n<script type=\"application\/ld+json\" class=\"yoast-schema-graph\">{\"@context\":\"https:\/\/schema.org\",\"@graph\":[{\"@type\":\"WebPage\",\"@id\":\"https:\/\/seksuaaltervisekliinik.ee\/ru\/info\/suguhaigused\/hpv-ehk-papilloomviirus\/\",\"url\":\"https:\/\/seksuaaltervisekliinik.ee\/ru\/info\/suguhaigused\/hpv-ehk-papilloomviirus\/\",\"name\":\"HPV (Human papillomavirus) ehk inimese papilloomviirus - Seksuaaltervise Kliinik |\u00a0Vastuv\u00f5tt noortele ja t\u00e4iskasvanutele\",\"isPartOf\":{\"@id\":\"https:\/\/seksuaaltervisekliinik.ee\/#website\"},\"primaryImageOfPage\":{\"@id\":\"https:\/\/seksuaaltervisekliinik.ee\/ru\/info\/suguhaigused\/hpv-ehk-papilloomviirus\/#primaryimage\"},\"image\":{\"@id\":\"https:\/\/seksuaaltervisekliinik.ee\/ru\/info\/suguhaigused\/hpv-ehk-papilloomviirus\/#primaryimage\"},\"thumbnailUrl\":\"https:\/\/seksuaaltervisekliinik.ee\/wp-content\/uploads\/sites\/6\/2020\/10\/pexels-julia-filirovska-4913769-1.jpg\",\"datePublished\":\"2020-09-03T20:27:32+00:00\",\"dateModified\":\"2025-01-21T14:27:02+00:00\",\"breadcrumb\":{\"@id\":\"https:\/\/seksuaaltervisekliinik.ee\/ru\/info\/suguhaigused\/hpv-ehk-papilloomviirus\/#breadcrumb\"},\"inLanguage\":\"ru-RU\",\"potentialAction\":[{\"@type\":\"ReadAction\",\"target\":[\"https:\/\/seksuaaltervisekliinik.ee\/ru\/info\/suguhaigused\/hpv-ehk-papilloomviirus\/\"]}]},{\"@type\":\"ImageObject\",\"inLanguage\":\"ru-RU\",\"@id\":\"https:\/\/seksuaaltervisekliinik.ee\/ru\/info\/suguhaigused\/hpv-ehk-papilloomviirus\/#primaryimage\",\"url\":\"https:\/\/seksuaaltervisekliinik.ee\/wp-content\/uploads\/sites\/6\/2020\/10\/pexels-julia-filirovska-4913769-1.jpg\",\"contentUrl\":\"https:\/\/seksuaaltervisekliinik.ee\/wp-content\/uploads\/sites\/6\/2020\/10\/pexels-julia-filirovska-4913769-1.jpg\",\"width\":1920,\"height\":957},{\"@type\":\"BreadcrumbList\",\"@id\":\"https:\/\/seksuaaltervisekliinik.ee\/ru\/info\/suguhaigused\/hpv-ehk-papilloomviirus\/#breadcrumb\",\"itemListElement\":[{\"@type\":\"ListItem\",\"position\":1,\"name\":\"Home\",\"item\":\"https:\/\/seksuaaltervisekliinik.ee\/\"},{\"@type\":\"ListItem\",\"position\":2,\"name\":\"Infolehed:\",\"item\":\"https:\/\/seksuaaltervisekliinik.ee\/ru\/?page_id=1362\"},{\"@type\":\"ListItem\",\"position\":3,\"name\":\"\u041f\u0440\u043e\u0444\u0438\u043b\u0430\u043a\u0442\u0438\u043a\u0430 \u0438\u043d\u0444\u0435\u043a\u0446\u0438\u0439\",\"item\":\"https:\/\/seksuaaltervisekliinik.ee\/ru\/info\/suguhaigused\/\"},{\"@type\":\"ListItem\",\"position\":4,\"name\":\"HPV (Human papillomavirus) ehk inimese papilloomviirus\"}]},{\"@type\":\"WebSite\",\"@id\":\"https:\/\/seksuaaltervisekliinik.ee\/#website\",\"url\":\"https:\/\/seksuaaltervisekliinik.ee\/\",\"name\":\"Seksuaaltervise Kliinik |\u00a0Vastuv\u00f5tt noortele ja t\u00e4iskasvanutele\",\"description\":\"Broneeri aeg veebis v\u00f5i helista +372 666 5123\",\"publisher\":{\"@id\":\"https:\/\/seksuaaltervisekliinik.ee\/#organization\"},\"potentialAction\":[{\"@type\":\"SearchAction\",\"target\":{\"@type\":\"EntryPoint\",\"urlTemplate\":\"https:\/\/seksuaaltervisekliinik.ee\/?s={search_term_string}\"},\"query-input\":{\"@type\":\"PropertyValueSpecification\",\"valueRequired\":true,\"valueName\":\"search_term_string\"}}],\"inLanguage\":\"ru-RU\"},{\"@type\":\"Organization\",\"@id\":\"https:\/\/seksuaaltervisekliinik.ee\/#organization\",\"name\":\"Seksuaaltervise Kliinik |\u00a0Vastuv\u00f5tt noortele ja t\u00e4iskasvanutele\",\"url\":\"https:\/\/seksuaaltervisekliinik.ee\/\",\"logo\":{\"@type\":\"ImageObject\",\"inLanguage\":\"ru-RU\",\"@id\":\"https:\/\/seksuaaltervisekliinik.ee\/#\/schema\/logo\/image\/\",\"url\":\"https:\/\/seksuaaltervisekliinik.ee\/wp-content\/uploads\/sites\/6\/2025\/06\/cropped-Untitled-design-52.png\",\"contentUrl\":\"https:\/\/seksuaaltervisekliinik.ee\/wp-content\/uploads\/sites\/6\/2025\/06\/cropped-Untitled-design-52.png\",\"width\":512,\"height\":512,\"caption\":\"Seksuaaltervise Kliinik |\u00a0Vastuv\u00f5tt noortele ja t\u00e4iskasvanutele\"},\"image\":{\"@id\":\"https:\/\/seksuaaltervisekliinik.ee\/#\/schema\/logo\/image\/\"},\"sameAs\":[\"https:\/\/www.facebook.com\/profile.php?id=100063747262747\"]}]}<\/script>\n<!-- \/ Yoast SEO plugin. -->","yoast_head_json":{"title":"HPV (Human papillomavirus) ehk inimese papilloomviirus - Seksuaaltervise Kliinik |\u00a0Vastuv\u00f5tt noortele ja t\u00e4iskasvanutele","robots":{"index":"index","follow":"follow","max-snippet":"max-snippet:-1","max-image-preview":"max-image-preview:large","max-video-preview":"max-video-preview:-1"},"canonical":"https:\/\/seksuaaltervisekliinik.ee\/ru\/info\/suguhaigused\/hpv-ehk-papilloomviirus\/","og_locale":"ru_RU","og_type":"article","og_title":"HPV (Human papillomavirus) ehk inimese papilloomviirus - Seksuaaltervise Kliinik |\u00a0Vastuv\u00f5tt noortele ja t\u00e4iskasvanutele","og_description":"HPV&nbsp;on kergesti nakkav inimeselt inimesele kanduv viirus, mis levib naha v\u00f5i limaskestade kokkupuutel. Harva on v\u00f5imalik ka viiruse kandumine s\u00fcnnitusel emalt vasts\u00fcndinule. HPV-l on \u00fcle 200 alat\u00fc\u00fcbi. Umbkaudu 80% inimestest nakatuvad elu jooksul m\u00f5ne&nbsp;HPV&nbsp;t\u00fcvega.&nbsp;Viiruse t\u00fcved on koespetsiifilised, see t\u00e4hendab, et nad on v\u00f5imelised nakatama mingit kindlat piirkonda kehas. Sageli ei anna HPV-ga nakatumine mingeid s\u00fcmptomeid.&nbsp; [&hellip;]","og_url":"https:\/\/seksuaaltervisekliinik.ee\/ru\/info\/suguhaigused\/hpv-ehk-papilloomviirus\/","og_site_name":"Seksuaaltervise Kliinik |\u00a0Vastuv\u00f5tt noortele ja t\u00e4iskasvanutele","article_publisher":"https:\/\/www.facebook.com\/profile.php?id=100063747262747","article_modified_time":"2025-01-21T14:27:02+00:00","og_image":[{"width":1920,"height":957,"url":"https:\/\/seksuaaltervisekliinik.ee\/wp-content\/uploads\/sites\/6\/2020\/10\/pexels-julia-filirovska-4913769-1.jpg","type":"image\/jpeg"}],"twitter_card":"summary_large_image","twitter_misc":{"\u041f\u0440\u0438\u043c\u0435\u0440\u043d\u043e\u0435 \u0432\u0440\u0435\u043c\u044f \u0434\u043b\u044f \u0447\u0442\u0435\u043d\u0438\u044f":"1 \u043c\u0438\u043d\u0443\u0442\u0430"},"schema":{"@context":"https:\/\/schema.org","@graph":[{"@type":"WebPage","@id":"https:\/\/seksuaaltervisekliinik.ee\/ru\/info\/suguhaigused\/hpv-ehk-papilloomviirus\/","url":"https:\/\/seksuaaltervisekliinik.ee\/ru\/info\/suguhaigused\/hpv-ehk-papilloomviirus\/","name":"HPV (Human papillomavirus) ehk inimese papilloomviirus - Seksuaaltervise Kliinik |\u00a0Vastuv\u00f5tt noortele ja t\u00e4iskasvanutele","isPartOf":{"@id":"https:\/\/seksuaaltervisekliinik.ee\/#website"},"primaryImageOfPage":{"@id":"https:\/\/seksuaaltervisekliinik.ee\/ru\/info\/suguhaigused\/hpv-ehk-papilloomviirus\/#primaryimage"},"image":{"@id":"https:\/\/seksuaaltervisekliinik.ee\/ru\/info\/suguhaigused\/hpv-ehk-papilloomviirus\/#primaryimage"},"thumbnailUrl":"https:\/\/seksuaaltervisekliinik.ee\/wp-content\/uploads\/sites\/6\/2020\/10\/pexels-julia-filirovska-4913769-1.jpg","datePublished":"2020-09-03T20:27:32+00:00","dateModified":"2025-01-21T14:27:02+00:00","breadcrumb":{"@id":"https:\/\/seksuaaltervisekliinik.ee\/ru\/info\/suguhaigused\/hpv-ehk-papilloomviirus\/#breadcrumb"},"inLanguage":"ru-RU","potentialAction":[{"@type":"ReadAction","target":["https:\/\/seksuaaltervisekliinik.ee\/ru\/info\/suguhaigused\/hpv-ehk-papilloomviirus\/"]}]},{"@type":"ImageObject","inLanguage":"ru-RU","@id":"https:\/\/seksuaaltervisekliinik.ee\/ru\/info\/suguhaigused\/hpv-ehk-papilloomviirus\/#primaryimage","url":"https:\/\/seksuaaltervisekliinik.ee\/wp-content\/uploads\/sites\/6\/2020\/10\/pexels-julia-filirovska-4913769-1.jpg","contentUrl":"https:\/\/seksuaaltervisekliinik.ee\/wp-content\/uploads\/sites\/6\/2020\/10\/pexels-julia-filirovska-4913769-1.jpg","width":1920,"height":957},{"@type":"BreadcrumbList","@id":"https:\/\/seksuaaltervisekliinik.ee\/ru\/info\/suguhaigused\/hpv-ehk-papilloomviirus\/#breadcrumb","itemListElement":[{"@type":"ListItem","position":1,"name":"Home","item":"https:\/\/seksuaaltervisekliinik.ee\/"},{"@type":"ListItem","position":2,"name":"Infolehed:","item":"https:\/\/seksuaaltervisekliinik.ee\/ru\/?page_id=1362"},{"@type":"ListItem","position":3,"name":"\u041f\u0440\u043e\u0444\u0438\u043b\u0430\u043a\u0442\u0438\u043a\u0430 \u0438\u043d\u0444\u0435\u043a\u0446\u0438\u0439","item":"https:\/\/seksuaaltervisekliinik.ee\/ru\/info\/suguhaigused\/"},{"@type":"ListItem","position":4,"name":"HPV (Human papillomavirus) ehk inimese papilloomviirus"}]},{"@type":"WebSite","@id":"https:\/\/seksuaaltervisekliinik.ee\/#website","url":"https:\/\/seksuaaltervisekliinik.ee\/","name":"Seksuaaltervise Kliinik |\u00a0Vastuv\u00f5tt noortele ja t\u00e4iskasvanutele","description":"Broneeri aeg veebis v\u00f5i helista +372 666 5123","publisher":{"@id":"https:\/\/seksuaaltervisekliinik.ee\/#organization"},"potentialAction":[{"@type":"SearchAction","target":{"@type":"EntryPoint","urlTemplate":"https:\/\/seksuaaltervisekliinik.ee\/?s={search_term_string}"},"query-input":{"@type":"PropertyValueSpecification","valueRequired":true,"valueName":"search_term_string"}}],"inLanguage":"ru-RU"},{"@type":"Organization","@id":"https:\/\/seksuaaltervisekliinik.ee\/#organization","name":"Seksuaaltervise Kliinik |\u00a0Vastuv\u00f5tt noortele ja t\u00e4iskasvanutele","url":"https:\/\/seksuaaltervisekliinik.ee\/","logo":{"@type":"ImageObject","inLanguage":"ru-RU","@id":"https:\/\/seksuaaltervisekliinik.ee\/#\/schema\/logo\/image\/","url":"https:\/\/seksuaaltervisekliinik.ee\/wp-content\/uploads\/sites\/6\/2025\/06\/cropped-Untitled-design-52.png","contentUrl":"https:\/\/seksuaaltervisekliinik.ee\/wp-content\/uploads\/sites\/6\/2025\/06\/cropped-Untitled-design-52.png","width":512,"height":512,"caption":"Seksuaaltervise Kliinik |\u00a0Vastuv\u00f5tt noortele ja t\u00e4iskasvanutele"},"image":{"@id":"https:\/\/seksuaaltervisekliinik.ee\/#\/schema\/logo\/image\/"},"sameAs":["https:\/\/www.facebook.com\/profile.php?id=100063747262747"]}]}},"_links":{"self":[{"href":"https:\/\/seksuaaltervisekliinik.ee\/ru\/wp-json\/wp\/v2\/pages\/1286","targetHints":{"allow":["GET"]}}],"collection":[{"href":"https:\/\/seksuaaltervisekliinik.ee\/ru\/wp-json\/wp\/v2\/pages"}],"about":[{"href":"https:\/\/seksuaaltervisekliinik.ee\/ru\/wp-json\/wp\/v2\/types\/page"}],"author":[{"embeddable":true,"href":"https:\/\/seksuaaltervisekliinik.ee\/ru\/wp-json\/wp\/v2\/users\/2"}],"replies":[{"embeddable":true,"href":"https:\/\/seksuaaltervisekliinik.ee\/ru\/wp-json\/wp\/v2\/comments?post=1286"}],"version-history":[{"count":7,"href":"https:\/\/seksuaaltervisekliinik.ee\/ru\/wp-json\/wp\/v2\/pages\/1286\/revisions"}],"predecessor-version":[{"id":62274,"href":"https:\/\/seksuaaltervisekliinik.ee\/ru\/wp-json\/wp\/v2\/pages\/1286\/revisions\/62274"}],"up":[{"embeddable":true,"href":"https:\/\/seksuaaltervisekliinik.ee\/ru\/wp-json\/wp\/v2\/pages\/1359"}],"wp:featuredmedia":[{"embeddable":true,"href":"https:\/\/seksuaaltervisekliinik.ee\/ru\/wp-json\/wp\/v2\/media\/1858"}],"wp:attachment":[{"href":"https:\/\/seksuaaltervisekliinik.ee\/ru\/wp-json\/wp\/v2\/media?parent=1286"}],"curies":[{"name":"wp","href":"https:\/\/api.w.org\/{rel}","templated":true}]}}