{"id":1319,"date":"2020-08-28T10:50:25","date_gmt":"2020-08-28T10:50:25","guid":{"rendered":"https:\/\/seksuaaltervis.ee\/estk\/internetinoustajate-meeskond"},"modified":"2022-02-02T07:48:45","modified_gmt":"2022-02-02T07:48:45","slug":"internetinoustajate-meeskond","status":"publish","type":"page","link":"https:\/\/seksuaaltervisekliinik.ee\/ru\/kusi-nou\/internetinoustajate-meeskond\/","title":{"rendered":"Veebin\u00f5ustajad"},"content":{"rendered":"\n<p>Aira Peri (naistearst)<br>Aivi Sepp (\u00e4mmaemand)<\/p>\n\n\n\n<p>Annika Tamme (kliiniline seksuoloog)<br>Dina Smoljakova (sotsiaalt\u00f6\u00f6taja)<br>Evo Kaha (arst-noormeeste n\u00f5ustaja)<br>Hedda Lippus (\u00fcldarst &#8212; noorten\u00f5ustaja)<br>Helena Grauberg (\u00fcldarst &#8212; noorten\u00f5ustaja)<br>Ilona Larina (naistearst)<br>Jaana Below (naistearst &#8212; noorten\u00f5ustaja)<br>Kai Haldre (naistearst)<br>Kati Raudsepp (\u00e4mmaemand)<br>Kerli Hannus (sotsiaalt\u00f6\u00f6taja)<br>Kristjan Pomm (meestearst)<br>K\u00e4tlin Otti (arst-noorten\u00f5ustaja)<br>Liine Maasikas (noorten\u00f5ustaja)<br>Mairi Kaha (naistearst)<br>Marie Abel (naistearst &#8212; noorten\u00f5ustaja)<br>Margit Silla-Vunk (\u00e4mmaemand)<br>Marge N\u00f5mmiste (\u00e4mmaemand &#8212; noorten\u00f5ustaja)<br>Margus Veem (ps\u00fchholoog)<br>Marijaana Siimson (noorten\u00f5ustaja)<br>Meelis Tasur (noormeeste n\u00f5ustaja)<br>Merje P\u00f5ime (\u00e4mmaemand &#8212; noorten\u00f5ustaja)<br>Monika V\u00e4ndra (kliiniline ps\u00fchholoog ja pereterapeut)<br>Natalja Krassilnikova (ps\u00fchholoog)<br>Nele-Triin Lott (arst-noorten\u00f5ustaja)<br>Paul Korrovits (meestearst)<br>Pille Veskilt (\u00f5de-noorten\u00f5ustaja)<br>Siim V\u00e4rv (noorten\u00f5ustaja)<\/p>\n","protected":false},"excerpt":{"rendered":"<p>Siit leiad meie internetin\u00f5ustajate nimed.<\/p>\n","protected":false},"author":2,"featured_media":0,"parent":1375,"menu_order":0,"comment_status":"closed","ping_status":"closed","template":"","meta":{"_acf_changed":false,"footnotes":""},"class_list":["post-1319","page","type-page","status-publish","hentry"],"acf":[],"yoast_head":"<!-- This site is optimized with the Yoast SEO plugin v25.3.1 - https:\/\/yoast.com\/wordpress\/plugins\/seo\/ -->\n<title>Veebin\u00f5ustajad - Seksuaaltervise Kliinik |\u00a0Vastuv\u00f5tt noortele ja t\u00e4iskasvanutele<\/title>\n<meta name=\"robots\" content=\"index, follow, max-snippet:-1, max-image-preview:large, max-video-preview:-1\" \/>\n<link rel=\"canonical\" href=\"https:\/\/seksuaaltervisekliinik.ee\/kusi-nou\/internetinoustajate-meeskond\/\" \/>\n<meta property=\"og:locale\" content=\"ru_RU\" \/>\n<meta property=\"og:type\" content=\"article\" \/>\n<meta property=\"og:title\" content=\"Veebin\u00f5ustajad - Seksuaaltervise Kliinik |\u00a0Vastuv\u00f5tt noortele ja t\u00e4iskasvanutele\" \/>\n<meta property=\"og:description\" content=\"Siit leiad meie internetin\u00f5ustajate nimed.\" \/>\n<meta property=\"og:url\" content=\"https:\/\/seksuaaltervisekliinik.ee\/kusi-nou\/internetinoustajate-meeskond\/\" \/>\n<meta property=\"og:site_name\" content=\"Seksuaaltervise Kliinik |\u00a0Vastuv\u00f5tt noortele ja t\u00e4iskasvanutele\" \/>\n<meta property=\"article:publisher\" content=\"https:\/\/www.facebook.com\/profile.php?id=100063747262747\" \/>\n<meta property=\"article:modified_time\" content=\"2022-02-02T07:48:45+00:00\" \/>\n<meta name=\"twitter:card\" content=\"summary_large_image\" \/>\n<meta name=\"twitter:label1\" content=\"\u041f\u0440\u0438\u043c\u0435\u0440\u043d\u043e\u0435 \u0432\u0440\u0435\u043c\u044f \u0434\u043b\u044f \u0447\u0442\u0435\u043d\u0438\u044f\" \/>\n\t<meta name=\"twitter:data1\" content=\"1 \u043c\u0438\u043d\u0443\u0442\u0430\" \/>\n<script type=\"application\/ld+json\" class=\"yoast-schema-graph\">{\"@context\":\"https:\/\/schema.org\",\"@graph\":[{\"@type\":\"WebPage\",\"@id\":\"https:\/\/seksuaaltervisekliinik.ee\/kusi-nou\/internetinoustajate-meeskond\/\",\"url\":\"https:\/\/seksuaaltervisekliinik.ee\/kusi-nou\/internetinoustajate-meeskond\/\",\"name\":\"Veebin\u00f5ustajad - Seksuaaltervise Kliinik |\u00a0Vastuv\u00f5tt noortele ja t\u00e4iskasvanutele\",\"isPartOf\":{\"@id\":\"https:\/\/seksuaaltervisekliinik.ee\/#website\"},\"datePublished\":\"2020-08-28T10:50:25+00:00\",\"dateModified\":\"2022-02-02T07:48:45+00:00\",\"breadcrumb\":{\"@id\":\"https:\/\/seksuaaltervisekliinik.ee\/kusi-nou\/internetinoustajate-meeskond\/#breadcrumb\"},\"inLanguage\":\"ru-RU\",\"potentialAction\":[{\"@type\":\"ReadAction\",\"target\":[\"https:\/\/seksuaaltervisekliinik.ee\/kusi-nou\/internetinoustajate-meeskond\/\"]}]},{\"@type\":\"BreadcrumbList\",\"@id\":\"https:\/\/seksuaaltervisekliinik.ee\/kusi-nou\/internetinoustajate-meeskond\/#breadcrumb\",\"itemListElement\":[{\"@type\":\"ListItem\",\"position\":1,\"name\":\"Home\",\"item\":\"https:\/\/seksuaaltervisekliinik.ee\/\"},{\"@type\":\"ListItem\",\"position\":2,\"name\":\"\u0421\u043f\u0440\u043e\u0441\u0438 \u0441\u043e\u0432\u0435\u0442\",\"item\":\"https:\/\/seksuaaltervisekliinik.ee\/kusi-nou\/\"},{\"@type\":\"ListItem\",\"position\":3,\"name\":\"Veebin\u00f5ustajad\"}]},{\"@type\":\"WebSite\",\"@id\":\"https:\/\/seksuaaltervisekliinik.ee\/#website\",\"url\":\"https:\/\/seksuaaltervisekliinik.ee\/\",\"name\":\"Seksuaaltervise Kliinik |\u00a0Vastuv\u00f5tt noortele ja t\u00e4iskasvanutele\",\"description\":\"Broneeri aeg veebis v\u00f5i helista +372 666 5123\",\"publisher\":{\"@id\":\"https:\/\/seksuaaltervisekliinik.ee\/#organization\"},\"potentialAction\":[{\"@type\":\"SearchAction\",\"target\":{\"@type\":\"EntryPoint\",\"urlTemplate\":\"https:\/\/seksuaaltervisekliinik.ee\/?s={search_term_string}\"},\"query-input\":{\"@type\":\"PropertyValueSpecification\",\"valueRequired\":true,\"valueName\":\"search_term_string\"}}],\"inLanguage\":\"ru-RU\"},{\"@type\":\"Organization\",\"@id\":\"https:\/\/seksuaaltervisekliinik.ee\/#organization\",\"name\":\"Seksuaaltervise Kliinik |\u00a0Vastuv\u00f5tt noortele ja t\u00e4iskasvanutele\",\"url\":\"https:\/\/seksuaaltervisekliinik.ee\/\",\"logo\":{\"@type\":\"ImageObject\",\"inLanguage\":\"ru-RU\",\"@id\":\"https:\/\/seksuaaltervisekliinik.ee\/#\/schema\/logo\/image\/\",\"url\":\"https:\/\/seksuaaltervisekliinik.ee\/wp-content\/uploads\/sites\/6\/2025\/06\/cropped-Untitled-design-52.png\",\"contentUrl\":\"https:\/\/seksuaaltervisekliinik.ee\/wp-content\/uploads\/sites\/6\/2025\/06\/cropped-Untitled-design-52.png\",\"width\":512,\"height\":512,\"caption\":\"Seksuaaltervise Kliinik |\u00a0Vastuv\u00f5tt noortele ja t\u00e4iskasvanutele\"},\"image\":{\"@id\":\"https:\/\/seksuaaltervisekliinik.ee\/#\/schema\/logo\/image\/\"},\"sameAs\":[\"https:\/\/www.facebook.com\/profile.php?id=100063747262747\"]}]}<\/script>\n<!-- \/ Yoast SEO plugin. -->","yoast_head_json":{"title":"Veebin\u00f5ustajad - Seksuaaltervise Kliinik |\u00a0Vastuv\u00f5tt noortele ja t\u00e4iskasvanutele","robots":{"index":"index","follow":"follow","max-snippet":"max-snippet:-1","max-image-preview":"max-image-preview:large","max-video-preview":"max-video-preview:-1"},"canonical":"https:\/\/seksuaaltervisekliinik.ee\/kusi-nou\/internetinoustajate-meeskond\/","og_locale":"ru_RU","og_type":"article","og_title":"Veebin\u00f5ustajad - Seksuaaltervise Kliinik |\u00a0Vastuv\u00f5tt noortele ja t\u00e4iskasvanutele","og_description":"Siit leiad meie internetin\u00f5ustajate nimed.","og_url":"https:\/\/seksuaaltervisekliinik.ee\/kusi-nou\/internetinoustajate-meeskond\/","og_site_name":"Seksuaaltervise Kliinik |\u00a0Vastuv\u00f5tt noortele ja t\u00e4iskasvanutele","article_publisher":"https:\/\/www.facebook.com\/profile.php?id=100063747262747","article_modified_time":"2022-02-02T07:48:45+00:00","twitter_card":"summary_large_image","twitter_misc":{"\u041f\u0440\u0438\u043c\u0435\u0440\u043d\u043e\u0435 \u0432\u0440\u0435\u043c\u044f \u0434\u043b\u044f \u0447\u0442\u0435\u043d\u0438\u044f":"1 \u043c\u0438\u043d\u0443\u0442\u0430"},"schema":{"@context":"https:\/\/schema.org","@graph":[{"@type":"WebPage","@id":"https:\/\/seksuaaltervisekliinik.ee\/kusi-nou\/internetinoustajate-meeskond\/","url":"https:\/\/seksuaaltervisekliinik.ee\/kusi-nou\/internetinoustajate-meeskond\/","name":"Veebin\u00f5ustajad - Seksuaaltervise Kliinik |\u00a0Vastuv\u00f5tt noortele ja t\u00e4iskasvanutele","isPartOf":{"@id":"https:\/\/seksuaaltervisekliinik.ee\/#website"},"datePublished":"2020-08-28T10:50:25+00:00","dateModified":"2022-02-02T07:48:45+00:00","breadcrumb":{"@id":"https:\/\/seksuaaltervisekliinik.ee\/kusi-nou\/internetinoustajate-meeskond\/#breadcrumb"},"inLanguage":"ru-RU","potentialAction":[{"@type":"ReadAction","target":["https:\/\/seksuaaltervisekliinik.ee\/kusi-nou\/internetinoustajate-meeskond\/"]}]},{"@type":"BreadcrumbList","@id":"https:\/\/seksuaaltervisekliinik.ee\/kusi-nou\/internetinoustajate-meeskond\/#breadcrumb","itemListElement":[{"@type":"ListItem","position":1,"name":"Home","item":"https:\/\/seksuaaltervisekliinik.ee\/"},{"@type":"ListItem","position":2,"name":"\u0421\u043f\u0440\u043e\u0441\u0438 \u0441\u043e\u0432\u0435\u0442","item":"https:\/\/seksuaaltervisekliinik.ee\/kusi-nou\/"},{"@type":"ListItem","position":3,"name":"Veebin\u00f5ustajad"}]},{"@type":"WebSite","@id":"https:\/\/seksuaaltervisekliinik.ee\/#website","url":"https:\/\/seksuaaltervisekliinik.ee\/","name":"Seksuaaltervise Kliinik |\u00a0Vastuv\u00f5tt noortele ja t\u00e4iskasvanutele","description":"Broneeri aeg veebis v\u00f5i helista +372 666 5123","publisher":{"@id":"https:\/\/seksuaaltervisekliinik.ee\/#organization"},"potentialAction":[{"@type":"SearchAction","target":{"@type":"EntryPoint","urlTemplate":"https:\/\/seksuaaltervisekliinik.ee\/?s={search_term_string}"},"query-input":{"@type":"PropertyValueSpecification","valueRequired":true,"valueName":"search_term_string"}}],"inLanguage":"ru-RU"},{"@type":"Organization","@id":"https:\/\/seksuaaltervisekliinik.ee\/#organization","name":"Seksuaaltervise Kliinik |\u00a0Vastuv\u00f5tt noortele ja t\u00e4iskasvanutele","url":"https:\/\/seksuaaltervisekliinik.ee\/","logo":{"@type":"ImageObject","inLanguage":"ru-RU","@id":"https:\/\/seksuaaltervisekliinik.ee\/#\/schema\/logo\/image\/","url":"https:\/\/seksuaaltervisekliinik.ee\/wp-content\/uploads\/sites\/6\/2025\/06\/cropped-Untitled-design-52.png","contentUrl":"https:\/\/seksuaaltervisekliinik.ee\/wp-content\/uploads\/sites\/6\/2025\/06\/cropped-Untitled-design-52.png","width":512,"height":512,"caption":"Seksuaaltervise Kliinik |\u00a0Vastuv\u00f5tt noortele ja t\u00e4iskasvanutele"},"image":{"@id":"https:\/\/seksuaaltervisekliinik.ee\/#\/schema\/logo\/image\/"},"sameAs":["https:\/\/www.facebook.com\/profile.php?id=100063747262747"]}]}},"_links":{"self":[{"href":"https:\/\/seksuaaltervisekliinik.ee\/ru\/wp-json\/wp\/v2\/pages\/1319","targetHints":{"allow":["GET"]}}],"collection":[{"href":"https:\/\/seksuaaltervisekliinik.ee\/ru\/wp-json\/wp\/v2\/pages"}],"about":[{"href":"https:\/\/seksuaaltervisekliinik.ee\/ru\/wp-json\/wp\/v2\/types\/page"}],"author":[{"embeddable":true,"href":"https:\/\/seksuaaltervisekliinik.ee\/ru\/wp-json\/wp\/v2\/users\/2"}],"replies":[{"embeddable":true,"href":"https:\/\/seksuaaltervisekliinik.ee\/ru\/wp-json\/wp\/v2\/comments?post=1319"}],"version-history":[{"count":3,"href":"https:\/\/seksuaaltervisekliinik.ee\/ru\/wp-json\/wp\/v2\/pages\/1319\/revisions"}],"predecessor-version":[{"id":18676,"href":"https:\/\/seksuaaltervisekliinik.ee\/ru\/wp-json\/wp\/v2\/pages\/1319\/revisions\/18676"}],"up":[{"embeddable":true,"href":"https:\/\/seksuaaltervisekliinik.ee\/ru\/wp-json\/wp\/v2\/pages\/1375"}],"wp:attachment":[{"href":"https:\/\/seksuaaltervisekliinik.ee\/ru\/wp-json\/wp\/v2\/media?parent=1319"}],"curies":[{"name":"wp","href":"https:\/\/api.w.org\/{rel}","templated":true}]}}