{"id":1321,"date":"2020-08-27T07:25:55","date_gmt":"2020-08-27T07:25:55","guid":{"rendered":"https:\/\/seksuaaltervis.ee\/estk\/muudid-kohtingu-ja-seksuaalvagivalla-kohta"},"modified":"2020-10-28T11:57:55","modified_gmt":"2020-10-28T11:57:55","slug":"muudid-kohtingu-ja-seksuaalvagivalla-kohta","status":"publish","type":"page","link":"https:\/\/seksuaaltervisekliinik.ee\/ru\/info\/vagivald\/muudid-kohtingu-ja-seksuaalvagivalla-kohta\/","title":{"rendered":"\u041c\u0438\u0444\u044b \u043e \u0441\u0435\u043a\u0441\u0443\u0430\u043b\u044c\u043d\u043e\u043c \u043d\u0430\u0441\u0438\u043b\u0438\u0438 \u0438 \u043d\u0430\u0441\u0438\u043b\u0438\u0438 \u0432\u043e \u0432\u0440\u0435\u043c\u044f \u0441\u0432\u0438\u0434\u0430\u043d\u0438\u0439"},"content":{"rendered":"\n<p><strong>\u041c\u0438\u0444<\/strong> (<em>\u0433\u0440\u0435\u0447. mythos<\/em>) \u2013 \u044d\u0442\u043e \u0441\u043a\u0430\u0437\u0430\u043d\u0438\u0435, \u043f\u0440\u0435\u0434\u0430\u043d\u0438\u0435 \u043e \u043f\u0440\u043e\u0438\u0441\u0445\u043e\u0436\u0434\u0435\u043d\u0438\u0438 \u0447\u0435\u0433\u043e-\u0442\u043e, \u043b\u043e\u0436\u043d\u043e\u0435, \u043d\u0435\u043a\u0440\u0438\u0442\u0438\u0447\u0435\u0441\u043a\u043e\u0435, \u043e\u0442\u043e\u0440\u0432\u0430\u043d\u043d\u043e\u0435 \u043e\u0442 \u0434\u0435\u0439\u0441\u0442\u0432\u0438\u0442\u0435\u043b\u044c\u043d\u043e\u0441\u0442\u0438 \u043f\u0440\u0435\u0434\u0441\u0442\u0430\u0432\u043b\u0435\u043d\u0438\u0435 (\u042d\u043d\u0446\u0438\u043a\u043b\u043e\u043f\u0435\u0434\u0438\u0447\u0435\u0441\u043a\u0438\u0439 \u0441\u043b\u043e\u0432\u0430\u0440\u044c). \u041b\u0438\u0447\u043d\u044b\u0435 \u043b\u043e\u0436\u043d\u044b\u0435 \u043f\u0440\u0435\u0434\u0441\u0442\u0430\u0432\u043b\u0435\u043d\u0438\u044f \u043b\u044e\u0434\u0435\u0439 \u043e \u043d\u0430\u0441\u0438\u043b\u0438\u0438 \u043e\u0431\u044a\u044f\u0441\u043d\u044f\u044e\u0442 \u0442\u043e, \u043a\u0430\u043a \u043e\u0431\u0449\u0435\u0441\u0442\u0432\u043e \u0440\u0435\u0430\u0433\u0438\u0440\u0443\u0435\u0442 \u043d\u0430 \u043d\u0430\u0441\u0438\u043b\u0438\u0435 \u0438 \u043e\u0442\u043d\u043e\u0441\u0438\u0442\u0441\u044f \u043a \u0435\u0433\u043e \u0436\u0435\u0440\u0442\u0432\u0430\u043c. \u0415\u0441\u043b\u0438 \u043c\u0438\u0444\u044b \u043d\u0435 \u043e\u043f\u0440\u043e\u0432\u0435\u0440\u0433\u0430\u044e\u0442\u0441\u044f, \u0442\u043e \u0436\u0435\u0440\u0442\u0432\u044b \u043d\u0435 \u0438\u0449\u0443\u0442 \u043f\u043e\u043c\u043e\u0449\u0438 \u0438 \u043d\u0435 \u0433\u043e\u0432\u043e\u0440\u044f\u0442 \u043e \u0442\u043e\u043c, \u0447\u0442\u043e \u0441 \u043d\u0438\u043c\u0438 \u043f\u0440\u043e\u0438\u0437\u043e\u0448\u043b\u043e, \u0436\u0435\u0440\u0442\u0432\u044b \u0441\u043d\u043e\u0432\u0430 \u043f\u043e\u0434\u0432\u0435\u0440\u0433\u0430\u044e\u0442\u0441\u044f \u043d\u0430\u0441\u0438\u043b\u0438\u044e, \u0430 \u043d\u0430\u0441\u0438\u043b\u044c\u043d\u0438\u043a\u0438 \u043e\u0441\u0442\u0430\u044e\u0442\u0441\u044f \u043d\u0435 \u043d\u0430\u043a\u0430\u0437\u0430\u043d\u043d\u044b\u043c\u0438 \u0437\u0430 \u0441\u0432\u043e\u0438 \u0434\u0435\u0439\u0441\u0442\u0432\u0438\u044f.<br>\u0417\u0434\u0435\u0441\u044c \u043f\u0440\u0438\u0432\u0435\u0434\u0435\u043d\u044b \u043d\u0435\u043a\u043e\u0442\u043e\u0440\u044b\u0435 \u043c\u0438\u0444\u044b \u0438 \u0444\u0430\u043a\u0442\u044b \u043e \u0441\u0435\u043a\u0441\u0443\u0430\u043b\u044c\u043d\u043e\u043c \u043d\u0430\u0441\u0438\u043b\u0438\u0438 \u0438 \u043d\u0430\u0441\u0438\u043b\u0438\u0438 \u0432\u043e \u0432\u0440\u0435\u043c\u044f \u0441\u0432\u0438\u0434\u0430\u043d\u0438\u0439.<\/p>\n","protected":false},"excerpt":{"rendered":"<p>M\u00fc\u00fct on p\u00e4rimuslik kujutelm millegi tekkimisest, ratsionaalselt p\u00f5hjendamata petlik kujutelm (Eesti Keele Seletav S\u00f5naraamat).<\/p>\n","protected":false},"author":2,"featured_media":1351,"parent":1356,"menu_order":0,"comment_status":"closed","ping_status":"closed","template":"","meta":{"_acf_changed":false,"footnotes":""},"class_list":["post-1321","page","type-page","status-publish","has-post-thumbnail","hentry"],"acf":[],"yoast_head":"<!-- This site is optimized with the Yoast SEO plugin v25.3.1 - https:\/\/yoast.com\/wordpress\/plugins\/seo\/ -->\n<title>\u041c\u0438\u0444\u044b \u043e \u0441\u0435\u043a\u0441\u0443\u0430\u043b\u044c\u043d\u043e\u043c \u043d\u0430\u0441\u0438\u043b\u0438\u0438 \u0438 \u043d\u0430\u0441\u0438\u043b\u0438\u0438 \u0432\u043e \u0432\u0440\u0435\u043c\u044f \u0441\u0432\u0438\u0434\u0430\u043d\u0438\u0439 - Seksuaaltervise Kliinik |\u00a0Vastuv\u00f5tt noortele ja t\u00e4iskasvanutele<\/title>\n<meta name=\"robots\" content=\"index, follow, max-snippet:-1, max-image-preview:large, max-video-preview:-1\" \/>\n<link rel=\"canonical\" href=\"https:\/\/seksuaaltervisekliinik.ee\/ru\/info\/vagivald\/muudid-kohtingu-ja-seksuaalvagivalla-kohta\/\" \/>\n<meta property=\"og:locale\" content=\"ru_RU\" \/>\n<meta property=\"og:type\" content=\"article\" \/>\n<meta property=\"og:title\" content=\"\u041c\u0438\u0444\u044b \u043e \u0441\u0435\u043a\u0441\u0443\u0430\u043b\u044c\u043d\u043e\u043c \u043d\u0430\u0441\u0438\u043b\u0438\u0438 \u0438 \u043d\u0430\u0441\u0438\u043b\u0438\u0438 \u0432\u043e \u0432\u0440\u0435\u043c\u044f \u0441\u0432\u0438\u0434\u0430\u043d\u0438\u0439 - Seksuaaltervise Kliinik |\u00a0Vastuv\u00f5tt noortele ja t\u00e4iskasvanutele\" \/>\n<meta property=\"og:description\" content=\"M\u00fc\u00fct on p\u00e4rimuslik kujutelm millegi tekkimisest, ratsionaalselt p\u00f5hjendamata petlik kujutelm (Eesti Keele Seletav S\u00f5naraamat).\" \/>\n<meta property=\"og:url\" content=\"https:\/\/seksuaaltervisekliinik.ee\/ru\/info\/vagivald\/muudid-kohtingu-ja-seksuaalvagivalla-kohta\/\" \/>\n<meta property=\"og:site_name\" content=\"Seksuaaltervise Kliinik |\u00a0Vastuv\u00f5tt noortele ja t\u00e4iskasvanutele\" \/>\n<meta property=\"article:publisher\" content=\"https:\/\/www.facebook.com\/profile.php?id=100063747262747\" \/>\n<meta property=\"article:modified_time\" content=\"2020-10-28T11:57:55+00:00\" \/>\n<meta property=\"og:image\" content=\"https:\/\/seksuaaltervisekliinik.ee\/wp-content\/uploads\/sites\/6\/2020\/09\/andrew-buchanan-NRTYIVUkKnM-unsplash-e1600971770433.jpg\" \/>\n\t<meta property=\"og:image:width\" content=\"1920\" \/>\n\t<meta property=\"og:image:height\" content=\"470\" \/>\n\t<meta property=\"og:image:type\" content=\"image\/jpeg\" \/>\n<meta name=\"twitter:card\" content=\"summary_large_image\" \/>\n<script type=\"application\/ld+json\" class=\"yoast-schema-graph\">{\"@context\":\"https:\/\/schema.org\",\"@graph\":[{\"@type\":\"WebPage\",\"@id\":\"https:\/\/seksuaaltervisekliinik.ee\/ru\/info\/vagivald\/muudid-kohtingu-ja-seksuaalvagivalla-kohta\/\",\"url\":\"https:\/\/seksuaaltervisekliinik.ee\/ru\/info\/vagivald\/muudid-kohtingu-ja-seksuaalvagivalla-kohta\/\",\"name\":\"\u041c\u0438\u0444\u044b \u043e \u0441\u0435\u043a\u0441\u0443\u0430\u043b\u044c\u043d\u043e\u043c \u043d\u0430\u0441\u0438\u043b\u0438\u0438 \u0438 \u043d\u0430\u0441\u0438\u043b\u0438\u0438 \u0432\u043e \u0432\u0440\u0435\u043c\u044f \u0441\u0432\u0438\u0434\u0430\u043d\u0438\u0439 - Seksuaaltervise Kliinik |\u00a0Vastuv\u00f5tt noortele ja t\u00e4iskasvanutele\",\"isPartOf\":{\"@id\":\"https:\/\/seksuaaltervisekliinik.ee\/#website\"},\"primaryImageOfPage\":{\"@id\":\"https:\/\/seksuaaltervisekliinik.ee\/ru\/info\/vagivald\/muudid-kohtingu-ja-seksuaalvagivalla-kohta\/#primaryimage\"},\"image\":{\"@id\":\"https:\/\/seksuaaltervisekliinik.ee\/ru\/info\/vagivald\/muudid-kohtingu-ja-seksuaalvagivalla-kohta\/#primaryimage\"},\"thumbnailUrl\":\"https:\/\/seksuaaltervisekliinik.ee\/wp-content\/uploads\/sites\/6\/2020\/09\/andrew-buchanan-NRTYIVUkKnM-unsplash-e1600971770433.jpg\",\"datePublished\":\"2020-08-27T07:25:55+00:00\",\"dateModified\":\"2020-10-28T11:57:55+00:00\",\"breadcrumb\":{\"@id\":\"https:\/\/seksuaaltervisekliinik.ee\/ru\/info\/vagivald\/muudid-kohtingu-ja-seksuaalvagivalla-kohta\/#breadcrumb\"},\"inLanguage\":\"ru-RU\",\"potentialAction\":[{\"@type\":\"ReadAction\",\"target\":[\"https:\/\/seksuaaltervisekliinik.ee\/ru\/info\/vagivald\/muudid-kohtingu-ja-seksuaalvagivalla-kohta\/\"]}]},{\"@type\":\"ImageObject\",\"inLanguage\":\"ru-RU\",\"@id\":\"https:\/\/seksuaaltervisekliinik.ee\/ru\/info\/vagivald\/muudid-kohtingu-ja-seksuaalvagivalla-kohta\/#primaryimage\",\"url\":\"https:\/\/seksuaaltervisekliinik.ee\/wp-content\/uploads\/sites\/6\/2020\/09\/andrew-buchanan-NRTYIVUkKnM-unsplash-e1600971770433.jpg\",\"contentUrl\":\"https:\/\/seksuaaltervisekliinik.ee\/wp-content\/uploads\/sites\/6\/2020\/09\/andrew-buchanan-NRTYIVUkKnM-unsplash-e1600971770433.jpg\",\"width\":1920,\"height\":470},{\"@type\":\"BreadcrumbList\",\"@id\":\"https:\/\/seksuaaltervisekliinik.ee\/ru\/info\/vagivald\/muudid-kohtingu-ja-seksuaalvagivalla-kohta\/#breadcrumb\",\"itemListElement\":[{\"@type\":\"ListItem\",\"position\":1,\"name\":\"Home\",\"item\":\"https:\/\/seksuaaltervisekliinik.ee\/\"},{\"@type\":\"ListItem\",\"position\":2,\"name\":\"Infolehed:\",\"item\":\"https:\/\/seksuaaltervisekliinik.ee\/ru\/?page_id=1362\"},{\"@type\":\"ListItem\",\"position\":3,\"name\":\"\u041d\u0430\u0441\u0438\u043b\u0438\u0435\",\"item\":\"https:\/\/seksuaaltervisekliinik.ee\/ru\/info\/vagivald\/\"},{\"@type\":\"ListItem\",\"position\":4,\"name\":\"\u041c\u0438\u0444\u044b \u043e \u0441\u0435\u043a\u0441\u0443\u0430\u043b\u044c\u043d\u043e\u043c \u043d\u0430\u0441\u0438\u043b\u0438\u0438 \u0438 \u043d\u0430\u0441\u0438\u043b\u0438\u0438 \u0432\u043e \u0432\u0440\u0435\u043c\u044f \u0441\u0432\u0438\u0434\u0430\u043d\u0438\u0439\"}]},{\"@type\":\"WebSite\",\"@id\":\"https:\/\/seksuaaltervisekliinik.ee\/#website\",\"url\":\"https:\/\/seksuaaltervisekliinik.ee\/\",\"name\":\"Seksuaaltervise Kliinik |\u00a0Vastuv\u00f5tt noortele ja t\u00e4iskasvanutele\",\"description\":\"Broneeri aeg veebis v\u00f5i helista +372 666 5123\",\"publisher\":{\"@id\":\"https:\/\/seksuaaltervisekliinik.ee\/#organization\"},\"potentialAction\":[{\"@type\":\"SearchAction\",\"target\":{\"@type\":\"EntryPoint\",\"urlTemplate\":\"https:\/\/seksuaaltervisekliinik.ee\/?s={search_term_string}\"},\"query-input\":{\"@type\":\"PropertyValueSpecification\",\"valueRequired\":true,\"valueName\":\"search_term_string\"}}],\"inLanguage\":\"ru-RU\"},{\"@type\":\"Organization\",\"@id\":\"https:\/\/seksuaaltervisekliinik.ee\/#organization\",\"name\":\"Seksuaaltervise Kliinik |\u00a0Vastuv\u00f5tt noortele ja t\u00e4iskasvanutele\",\"url\":\"https:\/\/seksuaaltervisekliinik.ee\/\",\"logo\":{\"@type\":\"ImageObject\",\"inLanguage\":\"ru-RU\",\"@id\":\"https:\/\/seksuaaltervisekliinik.ee\/#\/schema\/logo\/image\/\",\"url\":\"https:\/\/seksuaaltervisekliinik.ee\/wp-content\/uploads\/sites\/6\/2025\/06\/cropped-Untitled-design-52.png\",\"contentUrl\":\"https:\/\/seksuaaltervisekliinik.ee\/wp-content\/uploads\/sites\/6\/2025\/06\/cropped-Untitled-design-52.png\",\"width\":512,\"height\":512,\"caption\":\"Seksuaaltervise Kliinik |\u00a0Vastuv\u00f5tt noortele ja t\u00e4iskasvanutele\"},\"image\":{\"@id\":\"https:\/\/seksuaaltervisekliinik.ee\/#\/schema\/logo\/image\/\"},\"sameAs\":[\"https:\/\/www.facebook.com\/profile.php?id=100063747262747\"]}]}<\/script>\n<!-- \/ Yoast SEO plugin. -->","yoast_head_json":{"title":"\u041c\u0438\u0444\u044b \u043e \u0441\u0435\u043a\u0441\u0443\u0430\u043b\u044c\u043d\u043e\u043c \u043d\u0430\u0441\u0438\u043b\u0438\u0438 \u0438 \u043d\u0430\u0441\u0438\u043b\u0438\u0438 \u0432\u043e \u0432\u0440\u0435\u043c\u044f \u0441\u0432\u0438\u0434\u0430\u043d\u0438\u0439 - Seksuaaltervise Kliinik |\u00a0Vastuv\u00f5tt noortele ja t\u00e4iskasvanutele","robots":{"index":"index","follow":"follow","max-snippet":"max-snippet:-1","max-image-preview":"max-image-preview:large","max-video-preview":"max-video-preview:-1"},"canonical":"https:\/\/seksuaaltervisekliinik.ee\/ru\/info\/vagivald\/muudid-kohtingu-ja-seksuaalvagivalla-kohta\/","og_locale":"ru_RU","og_type":"article","og_title":"\u041c\u0438\u0444\u044b \u043e \u0441\u0435\u043a\u0441\u0443\u0430\u043b\u044c\u043d\u043e\u043c \u043d\u0430\u0441\u0438\u043b\u0438\u0438 \u0438 \u043d\u0430\u0441\u0438\u043b\u0438\u0438 \u0432\u043e \u0432\u0440\u0435\u043c\u044f \u0441\u0432\u0438\u0434\u0430\u043d\u0438\u0439 - Seksuaaltervise Kliinik |\u00a0Vastuv\u00f5tt noortele ja t\u00e4iskasvanutele","og_description":"M\u00fc\u00fct on p\u00e4rimuslik kujutelm millegi tekkimisest, ratsionaalselt p\u00f5hjendamata petlik kujutelm (Eesti Keele Seletav S\u00f5naraamat).","og_url":"https:\/\/seksuaaltervisekliinik.ee\/ru\/info\/vagivald\/muudid-kohtingu-ja-seksuaalvagivalla-kohta\/","og_site_name":"Seksuaaltervise Kliinik |\u00a0Vastuv\u00f5tt noortele ja t\u00e4iskasvanutele","article_publisher":"https:\/\/www.facebook.com\/profile.php?id=100063747262747","article_modified_time":"2020-10-28T11:57:55+00:00","og_image":[{"width":1920,"height":470,"url":"https:\/\/seksuaaltervisekliinik.ee\/wp-content\/uploads\/sites\/6\/2020\/09\/andrew-buchanan-NRTYIVUkKnM-unsplash-e1600971770433.jpg","type":"image\/jpeg"}],"twitter_card":"summary_large_image","schema":{"@context":"https:\/\/schema.org","@graph":[{"@type":"WebPage","@id":"https:\/\/seksuaaltervisekliinik.ee\/ru\/info\/vagivald\/muudid-kohtingu-ja-seksuaalvagivalla-kohta\/","url":"https:\/\/seksuaaltervisekliinik.ee\/ru\/info\/vagivald\/muudid-kohtingu-ja-seksuaalvagivalla-kohta\/","name":"\u041c\u0438\u0444\u044b \u043e \u0441\u0435\u043a\u0441\u0443\u0430\u043b\u044c\u043d\u043e\u043c \u043d\u0430\u0441\u0438\u043b\u0438\u0438 \u0438 \u043d\u0430\u0441\u0438\u043b\u0438\u0438 \u0432\u043e \u0432\u0440\u0435\u043c\u044f \u0441\u0432\u0438\u0434\u0430\u043d\u0438\u0439 - Seksuaaltervise Kliinik |\u00a0Vastuv\u00f5tt noortele ja t\u00e4iskasvanutele","isPartOf":{"@id":"https:\/\/seksuaaltervisekliinik.ee\/#website"},"primaryImageOfPage":{"@id":"https:\/\/seksuaaltervisekliinik.ee\/ru\/info\/vagivald\/muudid-kohtingu-ja-seksuaalvagivalla-kohta\/#primaryimage"},"image":{"@id":"https:\/\/seksuaaltervisekliinik.ee\/ru\/info\/vagivald\/muudid-kohtingu-ja-seksuaalvagivalla-kohta\/#primaryimage"},"thumbnailUrl":"https:\/\/seksuaaltervisekliinik.ee\/wp-content\/uploads\/sites\/6\/2020\/09\/andrew-buchanan-NRTYIVUkKnM-unsplash-e1600971770433.jpg","datePublished":"2020-08-27T07:25:55+00:00","dateModified":"2020-10-28T11:57:55+00:00","breadcrumb":{"@id":"https:\/\/seksuaaltervisekliinik.ee\/ru\/info\/vagivald\/muudid-kohtingu-ja-seksuaalvagivalla-kohta\/#breadcrumb"},"inLanguage":"ru-RU","potentialAction":[{"@type":"ReadAction","target":["https:\/\/seksuaaltervisekliinik.ee\/ru\/info\/vagivald\/muudid-kohtingu-ja-seksuaalvagivalla-kohta\/"]}]},{"@type":"ImageObject","inLanguage":"ru-RU","@id":"https:\/\/seksuaaltervisekliinik.ee\/ru\/info\/vagivald\/muudid-kohtingu-ja-seksuaalvagivalla-kohta\/#primaryimage","url":"https:\/\/seksuaaltervisekliinik.ee\/wp-content\/uploads\/sites\/6\/2020\/09\/andrew-buchanan-NRTYIVUkKnM-unsplash-e1600971770433.jpg","contentUrl":"https:\/\/seksuaaltervisekliinik.ee\/wp-content\/uploads\/sites\/6\/2020\/09\/andrew-buchanan-NRTYIVUkKnM-unsplash-e1600971770433.jpg","width":1920,"height":470},{"@type":"BreadcrumbList","@id":"https:\/\/seksuaaltervisekliinik.ee\/ru\/info\/vagivald\/muudid-kohtingu-ja-seksuaalvagivalla-kohta\/#breadcrumb","itemListElement":[{"@type":"ListItem","position":1,"name":"Home","item":"https:\/\/seksuaaltervisekliinik.ee\/"},{"@type":"ListItem","position":2,"name":"Infolehed:","item":"https:\/\/seksuaaltervisekliinik.ee\/ru\/?page_id=1362"},{"@type":"ListItem","position":3,"name":"\u041d\u0430\u0441\u0438\u043b\u0438\u0435","item":"https:\/\/seksuaaltervisekliinik.ee\/ru\/info\/vagivald\/"},{"@type":"ListItem","position":4,"name":"\u041c\u0438\u0444\u044b \u043e \u0441\u0435\u043a\u0441\u0443\u0430\u043b\u044c\u043d\u043e\u043c \u043d\u0430\u0441\u0438\u043b\u0438\u0438 \u0438 \u043d\u0430\u0441\u0438\u043b\u0438\u0438 \u0432\u043e \u0432\u0440\u0435\u043c\u044f \u0441\u0432\u0438\u0434\u0430\u043d\u0438\u0439"}]},{"@type":"WebSite","@id":"https:\/\/seksuaaltervisekliinik.ee\/#website","url":"https:\/\/seksuaaltervisekliinik.ee\/","name":"Seksuaaltervise Kliinik |\u00a0Vastuv\u00f5tt noortele ja t\u00e4iskasvanutele","description":"Broneeri aeg veebis v\u00f5i helista +372 666 5123","publisher":{"@id":"https:\/\/seksuaaltervisekliinik.ee\/#organization"},"potentialAction":[{"@type":"SearchAction","target":{"@type":"EntryPoint","urlTemplate":"https:\/\/seksuaaltervisekliinik.ee\/?s={search_term_string}"},"query-input":{"@type":"PropertyValueSpecification","valueRequired":true,"valueName":"search_term_string"}}],"inLanguage":"ru-RU"},{"@type":"Organization","@id":"https:\/\/seksuaaltervisekliinik.ee\/#organization","name":"Seksuaaltervise Kliinik |\u00a0Vastuv\u00f5tt noortele ja t\u00e4iskasvanutele","url":"https:\/\/seksuaaltervisekliinik.ee\/","logo":{"@type":"ImageObject","inLanguage":"ru-RU","@id":"https:\/\/seksuaaltervisekliinik.ee\/#\/schema\/logo\/image\/","url":"https:\/\/seksuaaltervisekliinik.ee\/wp-content\/uploads\/sites\/6\/2025\/06\/cropped-Untitled-design-52.png","contentUrl":"https:\/\/seksuaaltervisekliinik.ee\/wp-content\/uploads\/sites\/6\/2025\/06\/cropped-Untitled-design-52.png","width":512,"height":512,"caption":"Seksuaaltervise Kliinik |\u00a0Vastuv\u00f5tt noortele ja t\u00e4iskasvanutele"},"image":{"@id":"https:\/\/seksuaaltervisekliinik.ee\/#\/schema\/logo\/image\/"},"sameAs":["https:\/\/www.facebook.com\/profile.php?id=100063747262747"]}]}},"_links":{"self":[{"href":"https:\/\/seksuaaltervisekliinik.ee\/ru\/wp-json\/wp\/v2\/pages\/1321","targetHints":{"allow":["GET"]}}],"collection":[{"href":"https:\/\/seksuaaltervisekliinik.ee\/ru\/wp-json\/wp\/v2\/pages"}],"about":[{"href":"https:\/\/seksuaaltervisekliinik.ee\/ru\/wp-json\/wp\/v2\/types\/page"}],"author":[{"embeddable":true,"href":"https:\/\/seksuaaltervisekliinik.ee\/ru\/wp-json\/wp\/v2\/users\/2"}],"replies":[{"embeddable":true,"href":"https:\/\/seksuaaltervisekliinik.ee\/ru\/wp-json\/wp\/v2\/comments?post=1321"}],"version-history":[{"count":6,"href":"https:\/\/seksuaaltervisekliinik.ee\/ru\/wp-json\/wp\/v2\/pages\/1321\/revisions"}],"predecessor-version":[{"id":1632,"href":"https:\/\/seksuaaltervisekliinik.ee\/ru\/wp-json\/wp\/v2\/pages\/1321\/revisions\/1632"}],"up":[{"embeddable":true,"href":"https:\/\/seksuaaltervisekliinik.ee\/ru\/wp-json\/wp\/v2\/pages\/1356"}],"wp:featuredmedia":[{"embeddable":true,"href":"https:\/\/seksuaaltervisekliinik.ee\/ru\/wp-json\/wp\/v2\/media\/1351"}],"wp:attachment":[{"href":"https:\/\/seksuaaltervisekliinik.ee\/ru\/wp-json\/wp\/v2\/media?parent=1321"}],"curies":[{"name":"wp","href":"https:\/\/api.w.org\/{rel}","templated":true}]}}