{"id":1323,"date":"2020-08-27T06:59:01","date_gmt":"2020-08-27T06:59:01","guid":{"rendered":"https:\/\/seksuaaltervis.ee\/estk\/mis-on-vagivald"},"modified":"2020-10-28T11:02:32","modified_gmt":"2020-10-28T11:02:32","slug":"mis-on-vagivald","status":"publish","type":"page","link":"https:\/\/seksuaaltervisekliinik.ee\/ru\/info\/vagivald\/mis-on-vagivald\/","title":{"rendered":"Mis on v\u00e4givald?"},"content":{"rendered":"\n<p>On olemas inimesi, kes kasutavad v\u00e4givalda teadlikult. Nad \u00e4hvardavad teisi inimesi sageli ja k\u00e4ituvad agressiivselt. Need on k\u00fclmalt kalkuleerivad inimesed, kes usuvad, et v\u00e4givald on k\u00f5ige tulemuslikum viis oma tahte saavutamiseks. V\u00e4givaldne k\u00e4itumine v\u00f5ib olla planeeritud ja sellega ei pruugi kaasneda peaaegu \u00fcldse mingit vihatunnet. Nii tegutseb teadlik, v\u00f5imu saavutamiseks v\u00e4givalda kasutav inimene.<\/p>\n\n\n\n<p>V\u00e4givaldne k\u00e4itumine v\u00f5ib olla p\u00f5hjustatud ka sellest, et inimesed ei suuda oma viha kontrolli all hoida ning k\u00e4ituvad ennast v\u00f5i teisi kahjustavalt \u2013 loe selle kohta <a href=\"https:\/\/seksuaaltervis.ee\/estk\/ru\/agressiivsed-tunded\">SIIT<\/a>.<br><br>Eristatakse vaimset, kehalist ja seksuaalset v\u00e4givalda \u2013 need v\u00e4givallaliigid v\u00f5ivad omavahel l\u00e4bi p\u00f5imuda. Mistahes v\u00e4givallaga kaasneb alati ka vaimne v\u00e4givald.<br><strong>Vaimne v\u00e4givald<\/strong> on n\u00e4iteks: oma tahtele allutamine, survestamine, eiramine, selgitusteta vaikimine, karjumine, \u00e4hvardamine, j\u00e4litamine, segamine, t\u00fclitamine, hirmutamine, alandamine, s\u00f5imamine, halvustamine, manipuleerimine.<br><strong>Kehaline v\u00e4givald <\/strong>on n\u00e4iteks: l\u00f6\u00f6mine, juustest tirimine, tahtlik m\u00fcksamine, kinni hoidmine, peksmine, k\u00e4gistamine, relva kasutamine.<br>Seksuaalne v\u00e4givald on n\u00e4iteks: soovimatu seksuaalne t\u00e4helepanu, tahtevastane seksuaalne puudutamine, seksi pealesurumine, v\u00e4gistamiskatse v\u00f5i v\u00e4gistamine, laste seksuaalne v\u00e4\u00e4rkohtlemine.<\/p>\n","protected":false},"excerpt":{"rendered":"<p>V\u00e4givald on igasugune tahtlik teise inimese vaimne, kehaline, v\u00f5i seksuaalne kahjustamine v\u00f5i sellega \u00e4hvardamine.<\/p>\n","protected":false},"author":2,"featured_media":1351,"parent":1356,"menu_order":0,"comment_status":"closed","ping_status":"closed","template":"","meta":{"_acf_changed":false,"footnotes":""},"class_list":["post-1323","page","type-page","status-publish","has-post-thumbnail","hentry"],"acf":[],"yoast_head":"<!-- This site is optimized with the Yoast SEO plugin v25.3.1 - https:\/\/yoast.com\/wordpress\/plugins\/seo\/ -->\n<title>Mis on v\u00e4givald? - Seksuaaltervise Kliinik |\u00a0Vastuv\u00f5tt noortele ja t\u00e4iskasvanutele<\/title>\n<meta name=\"robots\" content=\"index, follow, max-snippet:-1, max-image-preview:large, max-video-preview:-1\" \/>\n<link rel=\"canonical\" href=\"https:\/\/seksuaaltervisekliinik.ee\/ru\/info\/vagivald\/mis-on-vagivald\/\" \/>\n<meta property=\"og:locale\" content=\"ru_RU\" \/>\n<meta property=\"og:type\" content=\"article\" \/>\n<meta property=\"og:title\" content=\"Mis on v\u00e4givald? - Seksuaaltervise Kliinik |\u00a0Vastuv\u00f5tt noortele ja t\u00e4iskasvanutele\" \/>\n<meta property=\"og:description\" content=\"V\u00e4givald on igasugune tahtlik teise inimese vaimne, kehaline, v\u00f5i seksuaalne kahjustamine v\u00f5i sellega \u00e4hvardamine.\" \/>\n<meta property=\"og:url\" content=\"https:\/\/seksuaaltervisekliinik.ee\/ru\/info\/vagivald\/mis-on-vagivald\/\" \/>\n<meta property=\"og:site_name\" content=\"Seksuaaltervise Kliinik |\u00a0Vastuv\u00f5tt noortele ja t\u00e4iskasvanutele\" \/>\n<meta property=\"article:publisher\" content=\"https:\/\/www.facebook.com\/profile.php?id=100063747262747\" \/>\n<meta property=\"article:modified_time\" content=\"2020-10-28T11:02:32+00:00\" \/>\n<meta property=\"og:image\" content=\"https:\/\/seksuaaltervisekliinik.ee\/wp-content\/uploads\/sites\/6\/2020\/09\/andrew-buchanan-NRTYIVUkKnM-unsplash-e1600971770433.jpg\" \/>\n\t<meta property=\"og:image:width\" content=\"1920\" \/>\n\t<meta property=\"og:image:height\" content=\"470\" \/>\n\t<meta property=\"og:image:type\" content=\"image\/jpeg\" \/>\n<meta name=\"twitter:card\" content=\"summary_large_image\" \/>\n<meta name=\"twitter:label1\" content=\"\u041f\u0440\u0438\u043c\u0435\u0440\u043d\u043e\u0435 \u0432\u0440\u0435\u043c\u044f \u0434\u043b\u044f \u0447\u0442\u0435\u043d\u0438\u044f\" \/>\n\t<meta name=\"twitter:data1\" content=\"1 \u043c\u0438\u043d\u0443\u0442\u0430\" \/>\n<script type=\"application\/ld+json\" class=\"yoast-schema-graph\">{\"@context\":\"https:\/\/schema.org\",\"@graph\":[{\"@type\":\"WebPage\",\"@id\":\"https:\/\/seksuaaltervisekliinik.ee\/ru\/info\/vagivald\/mis-on-vagivald\/\",\"url\":\"https:\/\/seksuaaltervisekliinik.ee\/ru\/info\/vagivald\/mis-on-vagivald\/\",\"name\":\"Mis on v\u00e4givald? - Seksuaaltervise Kliinik |\u00a0Vastuv\u00f5tt noortele ja t\u00e4iskasvanutele\",\"isPartOf\":{\"@id\":\"https:\/\/seksuaaltervisekliinik.ee\/#website\"},\"primaryImageOfPage\":{\"@id\":\"https:\/\/seksuaaltervisekliinik.ee\/ru\/info\/vagivald\/mis-on-vagivald\/#primaryimage\"},\"image\":{\"@id\":\"https:\/\/seksuaaltervisekliinik.ee\/ru\/info\/vagivald\/mis-on-vagivald\/#primaryimage\"},\"thumbnailUrl\":\"https:\/\/seksuaaltervisekliinik.ee\/wp-content\/uploads\/sites\/6\/2020\/09\/andrew-buchanan-NRTYIVUkKnM-unsplash-e1600971770433.jpg\",\"datePublished\":\"2020-08-27T06:59:01+00:00\",\"dateModified\":\"2020-10-28T11:02:32+00:00\",\"breadcrumb\":{\"@id\":\"https:\/\/seksuaaltervisekliinik.ee\/ru\/info\/vagivald\/mis-on-vagivald\/#breadcrumb\"},\"inLanguage\":\"ru-RU\",\"potentialAction\":[{\"@type\":\"ReadAction\",\"target\":[\"https:\/\/seksuaaltervisekliinik.ee\/ru\/info\/vagivald\/mis-on-vagivald\/\"]}]},{\"@type\":\"ImageObject\",\"inLanguage\":\"ru-RU\",\"@id\":\"https:\/\/seksuaaltervisekliinik.ee\/ru\/info\/vagivald\/mis-on-vagivald\/#primaryimage\",\"url\":\"https:\/\/seksuaaltervisekliinik.ee\/wp-content\/uploads\/sites\/6\/2020\/09\/andrew-buchanan-NRTYIVUkKnM-unsplash-e1600971770433.jpg\",\"contentUrl\":\"https:\/\/seksuaaltervisekliinik.ee\/wp-content\/uploads\/sites\/6\/2020\/09\/andrew-buchanan-NRTYIVUkKnM-unsplash-e1600971770433.jpg\",\"width\":1920,\"height\":470},{\"@type\":\"BreadcrumbList\",\"@id\":\"https:\/\/seksuaaltervisekliinik.ee\/ru\/info\/vagivald\/mis-on-vagivald\/#breadcrumb\",\"itemListElement\":[{\"@type\":\"ListItem\",\"position\":1,\"name\":\"Home\",\"item\":\"https:\/\/seksuaaltervisekliinik.ee\/\"},{\"@type\":\"ListItem\",\"position\":2,\"name\":\"Infolehed:\",\"item\":\"https:\/\/seksuaaltervisekliinik.ee\/ru\/?page_id=1362\"},{\"@type\":\"ListItem\",\"position\":3,\"name\":\"\u041d\u0430\u0441\u0438\u043b\u0438\u0435\",\"item\":\"https:\/\/seksuaaltervisekliinik.ee\/ru\/info\/vagivald\/\"},{\"@type\":\"ListItem\",\"position\":4,\"name\":\"Mis on v\u00e4givald?\"}]},{\"@type\":\"WebSite\",\"@id\":\"https:\/\/seksuaaltervisekliinik.ee\/#website\",\"url\":\"https:\/\/seksuaaltervisekliinik.ee\/\",\"name\":\"Seksuaaltervise Kliinik |\u00a0Vastuv\u00f5tt noortele ja t\u00e4iskasvanutele\",\"description\":\"Broneeri aeg veebis v\u00f5i helista +372 666 5123\",\"publisher\":{\"@id\":\"https:\/\/seksuaaltervisekliinik.ee\/#organization\"},\"potentialAction\":[{\"@type\":\"SearchAction\",\"target\":{\"@type\":\"EntryPoint\",\"urlTemplate\":\"https:\/\/seksuaaltervisekliinik.ee\/?s={search_term_string}\"},\"query-input\":{\"@type\":\"PropertyValueSpecification\",\"valueRequired\":true,\"valueName\":\"search_term_string\"}}],\"inLanguage\":\"ru-RU\"},{\"@type\":\"Organization\",\"@id\":\"https:\/\/seksuaaltervisekliinik.ee\/#organization\",\"name\":\"Seksuaaltervise Kliinik |\u00a0Vastuv\u00f5tt noortele ja t\u00e4iskasvanutele\",\"url\":\"https:\/\/seksuaaltervisekliinik.ee\/\",\"logo\":{\"@type\":\"ImageObject\",\"inLanguage\":\"ru-RU\",\"@id\":\"https:\/\/seksuaaltervisekliinik.ee\/#\/schema\/logo\/image\/\",\"url\":\"https:\/\/seksuaaltervisekliinik.ee\/wp-content\/uploads\/sites\/6\/2025\/06\/cropped-Untitled-design-52.png\",\"contentUrl\":\"https:\/\/seksuaaltervisekliinik.ee\/wp-content\/uploads\/sites\/6\/2025\/06\/cropped-Untitled-design-52.png\",\"width\":512,\"height\":512,\"caption\":\"Seksuaaltervise Kliinik |\u00a0Vastuv\u00f5tt noortele ja t\u00e4iskasvanutele\"},\"image\":{\"@id\":\"https:\/\/seksuaaltervisekliinik.ee\/#\/schema\/logo\/image\/\"},\"sameAs\":[\"https:\/\/www.facebook.com\/profile.php?id=100063747262747\"]}]}<\/script>\n<!-- \/ Yoast SEO plugin. -->","yoast_head_json":{"title":"Mis on v\u00e4givald? - Seksuaaltervise Kliinik |\u00a0Vastuv\u00f5tt noortele ja t\u00e4iskasvanutele","robots":{"index":"index","follow":"follow","max-snippet":"max-snippet:-1","max-image-preview":"max-image-preview:large","max-video-preview":"max-video-preview:-1"},"canonical":"https:\/\/seksuaaltervisekliinik.ee\/ru\/info\/vagivald\/mis-on-vagivald\/","og_locale":"ru_RU","og_type":"article","og_title":"Mis on v\u00e4givald? - Seksuaaltervise Kliinik |\u00a0Vastuv\u00f5tt noortele ja t\u00e4iskasvanutele","og_description":"V\u00e4givald on igasugune tahtlik teise inimese vaimne, kehaline, v\u00f5i seksuaalne kahjustamine v\u00f5i sellega \u00e4hvardamine.","og_url":"https:\/\/seksuaaltervisekliinik.ee\/ru\/info\/vagivald\/mis-on-vagivald\/","og_site_name":"Seksuaaltervise Kliinik |\u00a0Vastuv\u00f5tt noortele ja t\u00e4iskasvanutele","article_publisher":"https:\/\/www.facebook.com\/profile.php?id=100063747262747","article_modified_time":"2020-10-28T11:02:32+00:00","og_image":[{"width":1920,"height":470,"url":"https:\/\/seksuaaltervisekliinik.ee\/wp-content\/uploads\/sites\/6\/2020\/09\/andrew-buchanan-NRTYIVUkKnM-unsplash-e1600971770433.jpg","type":"image\/jpeg"}],"twitter_card":"summary_large_image","twitter_misc":{"\u041f\u0440\u0438\u043c\u0435\u0440\u043d\u043e\u0435 \u0432\u0440\u0435\u043c\u044f \u0434\u043b\u044f \u0447\u0442\u0435\u043d\u0438\u044f":"1 \u043c\u0438\u043d\u0443\u0442\u0430"},"schema":{"@context":"https:\/\/schema.org","@graph":[{"@type":"WebPage","@id":"https:\/\/seksuaaltervisekliinik.ee\/ru\/info\/vagivald\/mis-on-vagivald\/","url":"https:\/\/seksuaaltervisekliinik.ee\/ru\/info\/vagivald\/mis-on-vagivald\/","name":"Mis on v\u00e4givald? - Seksuaaltervise Kliinik |\u00a0Vastuv\u00f5tt noortele ja t\u00e4iskasvanutele","isPartOf":{"@id":"https:\/\/seksuaaltervisekliinik.ee\/#website"},"primaryImageOfPage":{"@id":"https:\/\/seksuaaltervisekliinik.ee\/ru\/info\/vagivald\/mis-on-vagivald\/#primaryimage"},"image":{"@id":"https:\/\/seksuaaltervisekliinik.ee\/ru\/info\/vagivald\/mis-on-vagivald\/#primaryimage"},"thumbnailUrl":"https:\/\/seksuaaltervisekliinik.ee\/wp-content\/uploads\/sites\/6\/2020\/09\/andrew-buchanan-NRTYIVUkKnM-unsplash-e1600971770433.jpg","datePublished":"2020-08-27T06:59:01+00:00","dateModified":"2020-10-28T11:02:32+00:00","breadcrumb":{"@id":"https:\/\/seksuaaltervisekliinik.ee\/ru\/info\/vagivald\/mis-on-vagivald\/#breadcrumb"},"inLanguage":"ru-RU","potentialAction":[{"@type":"ReadAction","target":["https:\/\/seksuaaltervisekliinik.ee\/ru\/info\/vagivald\/mis-on-vagivald\/"]}]},{"@type":"ImageObject","inLanguage":"ru-RU","@id":"https:\/\/seksuaaltervisekliinik.ee\/ru\/info\/vagivald\/mis-on-vagivald\/#primaryimage","url":"https:\/\/seksuaaltervisekliinik.ee\/wp-content\/uploads\/sites\/6\/2020\/09\/andrew-buchanan-NRTYIVUkKnM-unsplash-e1600971770433.jpg","contentUrl":"https:\/\/seksuaaltervisekliinik.ee\/wp-content\/uploads\/sites\/6\/2020\/09\/andrew-buchanan-NRTYIVUkKnM-unsplash-e1600971770433.jpg","width":1920,"height":470},{"@type":"BreadcrumbList","@id":"https:\/\/seksuaaltervisekliinik.ee\/ru\/info\/vagivald\/mis-on-vagivald\/#breadcrumb","itemListElement":[{"@type":"ListItem","position":1,"name":"Home","item":"https:\/\/seksuaaltervisekliinik.ee\/"},{"@type":"ListItem","position":2,"name":"Infolehed:","item":"https:\/\/seksuaaltervisekliinik.ee\/ru\/?page_id=1362"},{"@type":"ListItem","position":3,"name":"\u041d\u0430\u0441\u0438\u043b\u0438\u0435","item":"https:\/\/seksuaaltervisekliinik.ee\/ru\/info\/vagivald\/"},{"@type":"ListItem","position":4,"name":"Mis on v\u00e4givald?"}]},{"@type":"WebSite","@id":"https:\/\/seksuaaltervisekliinik.ee\/#website","url":"https:\/\/seksuaaltervisekliinik.ee\/","name":"Seksuaaltervise Kliinik |\u00a0Vastuv\u00f5tt noortele ja t\u00e4iskasvanutele","description":"Broneeri aeg veebis v\u00f5i helista +372 666 5123","publisher":{"@id":"https:\/\/seksuaaltervisekliinik.ee\/#organization"},"potentialAction":[{"@type":"SearchAction","target":{"@type":"EntryPoint","urlTemplate":"https:\/\/seksuaaltervisekliinik.ee\/?s={search_term_string}"},"query-input":{"@type":"PropertyValueSpecification","valueRequired":true,"valueName":"search_term_string"}}],"inLanguage":"ru-RU"},{"@type":"Organization","@id":"https:\/\/seksuaaltervisekliinik.ee\/#organization","name":"Seksuaaltervise Kliinik |\u00a0Vastuv\u00f5tt noortele ja t\u00e4iskasvanutele","url":"https:\/\/seksuaaltervisekliinik.ee\/","logo":{"@type":"ImageObject","inLanguage":"ru-RU","@id":"https:\/\/seksuaaltervisekliinik.ee\/#\/schema\/logo\/image\/","url":"https:\/\/seksuaaltervisekliinik.ee\/wp-content\/uploads\/sites\/6\/2025\/06\/cropped-Untitled-design-52.png","contentUrl":"https:\/\/seksuaaltervisekliinik.ee\/wp-content\/uploads\/sites\/6\/2025\/06\/cropped-Untitled-design-52.png","width":512,"height":512,"caption":"Seksuaaltervise Kliinik |\u00a0Vastuv\u00f5tt noortele ja t\u00e4iskasvanutele"},"image":{"@id":"https:\/\/seksuaaltervisekliinik.ee\/#\/schema\/logo\/image\/"},"sameAs":["https:\/\/www.facebook.com\/profile.php?id=100063747262747"]}]}},"_links":{"self":[{"href":"https:\/\/seksuaaltervisekliinik.ee\/ru\/wp-json\/wp\/v2\/pages\/1323","targetHints":{"allow":["GET"]}}],"collection":[{"href":"https:\/\/seksuaaltervisekliinik.ee\/ru\/wp-json\/wp\/v2\/pages"}],"about":[{"href":"https:\/\/seksuaaltervisekliinik.ee\/ru\/wp-json\/wp\/v2\/types\/page"}],"author":[{"embeddable":true,"href":"https:\/\/seksuaaltervisekliinik.ee\/ru\/wp-json\/wp\/v2\/users\/2"}],"replies":[{"embeddable":true,"href":"https:\/\/seksuaaltervisekliinik.ee\/ru\/wp-json\/wp\/v2\/comments?post=1323"}],"version-history":[{"count":3,"href":"https:\/\/seksuaaltervisekliinik.ee\/ru\/wp-json\/wp\/v2\/pages\/1323\/revisions"}],"predecessor-version":[{"id":1644,"href":"https:\/\/seksuaaltervisekliinik.ee\/ru\/wp-json\/wp\/v2\/pages\/1323\/revisions\/1644"}],"up":[{"embeddable":true,"href":"https:\/\/seksuaaltervisekliinik.ee\/ru\/wp-json\/wp\/v2\/pages\/1356"}],"wp:featuredmedia":[{"embeddable":true,"href":"https:\/\/seksuaaltervisekliinik.ee\/ru\/wp-json\/wp\/v2\/media\/1351"}],"wp:attachment":[{"href":"https:\/\/seksuaaltervisekliinik.ee\/ru\/wp-json\/wp\/v2\/media?parent=1323"}],"curies":[{"name":"wp","href":"https:\/\/api.w.org\/{rel}","templated":true}]}}