{"id":1335,"date":"2020-08-24T10:30:23","date_gmt":"2020-08-24T10:30:23","guid":{"rendered":"https:\/\/seksuaaltervis.ee\/estk\/hiv-ja-aids"},"modified":"2020-10-29T09:29:38","modified_gmt":"2020-10-29T09:29:38","slug":"hiv-ja-aids","status":"publish","type":"page","link":"https:\/\/seksuaaltervisekliinik.ee\/ru\/info\/suguhaigused\/hiv-ja-aids\/","title":{"rendered":"\u0427\u0442\u043e \u0442\u0430\u043a\u043e\u0435 \u0412\u0418\u0427 \u0438 \u0421\u041f\u0418\u0414?"},"content":{"rendered":"\n<p>\u0412\u0418\u0427 \u0430\u0442\u0430\u043a\u0443\u0435\u0442 \u0438 \u0440\u0430\u0437\u0440\u0443\u0448\u0430\u0435\u0442 \u0441\u0438\u0441\u0442\u0435\u043c\u0443 \u0437\u0430\u0449\u0438\u0442\u044b, \u0438\u043b\u0438 \u0438\u043c\u043c\u0443\u043d\u043d\u0443\u044e \u0441\u0438\u0441\u0442\u0435\u043c\u0443 \u043e\u0440\u0433\u0430\u043d\u0438\u0437\u043c\u0430, \u043a\u043e\u0442\u043e\u0440\u0430\u044f \u0437\u0430\u0449\u0438\u0449\u0430\u0435\u0442 \u043e\u0440\u0433\u0430\u043d\u0438\u0437\u043c \u043e\u0442 \u0440\u0430\u0437\u043b\u0438\u0447\u043d\u044b\u0445 \u0437\u0430\u0431\u043e\u043b\u0435\u0432\u0430\u043d\u0438\u0439.<br>\u0427\u0435\u043b\u043e\u0432\u0435\u043a \u043c\u043e\u0436\u0435\u0442 \u0431\u044b\u0442\u044c \u043d\u043e\u0441\u0438\u0442\u0435\u043b\u0435\u043c \u0432\u0438\u0440\u0443\u0441\u0430 \u043d\u0430 \u043f\u0440\u043e\u0442\u044f\u0436\u0435\u043d\u0438\u0438 \u043c\u043d\u043e\u0433\u0438\u0445 \u043b\u0435\u0442 \u0438 \u0447\u0443\u0432\u0441\u0442\u0432\u043e\u0432\u0430\u0442\u044c \u0441\u0435\u0431\u044f \u0430\u0431\u0441\u043e\u043b\u044e\u0442\u043d\u043e \u0437\u0434\u043e\u0440\u043e\u0432\u044b\u043c \u0434\u043e \u0442\u043e\u0433\u043e, \u043a\u0430\u043a \u0443 \u043d\u0435\u0433\u043e \u043d\u0430\u0447\u043d\u0443\u0442 \u043f\u0440\u043e\u044f\u0432\u043b\u044f\u0442\u044c\u0441\u044f&nbsp; \u0441\u0438\u043c\u043f\u0442\u043e\u043c\u044b \u0437\u0430\u0431\u043e\u043b\u0435\u0432\u0430\u043d\u0438\u044f&nbsp;&nbsp; \u0438 \u0440\u0430\u0437\u043e\u0432\u044c\u0435\u0442\u0441\u044f \u0431\u043e\u043b\u0435\u0437\u043d\u044c, \u043e\u0431\u0443\u0441\u043b\u043e\u0432\u043b\u0435\u043d\u043d\u0430\u044f \u0412\u0418\u0427, \u0438\u043b\u0438 \u0421\u041f\u0418\u0414 (\u0441\u0438\u043d\u0434\u0440\u043e\u043c \u043f\u0440\u0438\u043e\u0431\u0440\u0435\u0442\u0435\u043d\u043d\u043e\u0433\u043e&nbsp; \u0438\u043c\u043c\u0443\u043d\u043e\u0434\u0435\u0444\u0438\u0446\u0438\u0442\u0430).<\/p>\n\n\n\n<p>\u0425\u043e\u0442\u044f \u0412\u0418\u0427-\u0438\u043d\u0444\u0435\u043a\u0446\u0438\u044e \u043d\u0435\u0432\u043e\u0437\u043c\u043e\u0436\u043d\u043e \u0432\u044b\u043b\u0435\u0447\u0438\u0442\u044c \u0438 \u0434\u043e \u0441\u0438\u0445 \u043f\u043e\u0440 \u043d\u0435 \u043d\u0430\u0439\u0434\u0435\u043d\u0430 \u0432\u0430\u043a\u0446\u0438\u043d\u0430 \u043f\u0440\u043e\u0442\u0438\u0432 \u0432\u0438\u0440\u0443\u0441\u0430, \u0431\u043e\u043b\u044c\u0448\u0435 \u044d\u0442\u043e\u0442 \u0432\u0438\u0440\u0443\u0441 \u043d\u0435 \u0441\u0447\u0438\u0442\u0430\u0435\u0442\u0441\u044f \u0441\u043c\u0435\u0440\u0442\u0435\u043b\u044c\u043d\u044b\u043c, \u0430 \u0442\u043e\u043b\u044c\u043a\u043e \u0432\u044b\u0437\u044b\u0432\u0430\u044e\u0449\u0438\u043c \u0445\u0440\u043e\u043d\u0438\u0447\u0435\u0441\u043a\u043e\u0435 \u0437\u0430\u0431\u043e\u043b\u0435\u0432\u0430\u043d\u0438\u0435.&nbsp; \u0421 \u043f\u043e\u043c\u043e\u0449\u044c\u044e \u043f\u0440\u043e\u0442\u0438\u0432\u043e\u0432\u0438\u0440\u0443\u0441\u043d\u043e\u0433\u043e \u043b\u0435\u0447\u0435\u043d\u0438\u044f \u0440\u0430\u0437\u0432\u0438\u0442\u0438\u0435 \u0421\u041f\u0418\u0414\u0430 \u043c\u043e\u0436\u043d\u043e \u043e\u0442\u043e\u0434\u0432\u0438\u043d\u0443\u0442\u044c \u043d\u0430 \u0434\u0435\u0441\u044f\u0442\u043a\u0438 \u043b\u0435\u0442 \u0432\u043f\u0435\u0440\u0435\u0434. \u0412\u0418\u0427-\u0438\u043d\u0444\u0438\u0446\u0438\u0440\u043e\u0432\u0430\u043d\u043d\u043e\u0433\u043e \u0447\u0435\u043b\u043e\u0432\u0435\u043a\u0430 \u043d\u0430\u0437\u044b\u0432\u0430\u044e\u0442 \u0442\u0430\u043a\u0436\u0435 \u0412\u0418\u0427-\u043f\u043e\u0437\u0438\u0442\u0438\u0432\u043d\u044b\u043c \u0438\u043b\u0438 \u0412\u0418\u0427-\u043f\u043e\u043b\u043e\u0436\u0438\u0442\u0435\u043b\u044c\u043d\u044b\u043c. \u0412\u0418\u0427-\u043f\u043e\u0437\u0438\u0442\u0438\u0432\u043d\u043e\u0433\u043e \u0447\u0435\u043b\u043e\u0432\u0435\u043a\u0430 \u043d\u0435\u0432\u043e\u0437\u043c\u043e\u0436\u043d\u043e&nbsp; \u043f\u043e \u043a\u0430\u043a\u0438\u043c-\u0442\u043e \u0432\u043d\u0435\u0448\u043d\u0438\u043c \u043f\u0440\u0438\u0437\u043d\u0430\u043a\u0430\u043c \u043e\u0442\u043b\u0438\u0447\u0438\u0442\u044c \u043e\u0442 \u043b\u044e\u0434\u0435\u0439, \u043d\u0435 \u044f\u0432\u043b\u044f\u044e\u0449\u0438\u0445\u0441\u044f \u043d\u043e\u0441\u0438\u0442\u0435\u043b\u0435\u043c \u0412\u0418\u0427-\u0438\u043d\u0444\u0435\u043a\u0446\u0438\u0438.<\/p>\n\n\n\n<p><strong>\u0421\u041f\u0418\u0414&nbsp;<\/strong>(\u0430\u043d\u0433\u043b. Acquired Immunodeficiency Syndrome) \u2013 \u044d\u0442\u043e \u0441\u0438\u043d\u0434\u0440\u043e\u043c \u043f\u0440\u0438\u043e\u0431\u0440\u0435\u0442\u0435\u043d\u043d\u043e\u0433\u043e \u0438\u043c\u043c\u0443\u043d\u043d\u043e\u0433\u043e \u0434\u0435\u0444\u0438\u0446\u0438\u0442\u0430. \u0421\u041f\u0418\u0414 \u2013 \u044d\u0442\u043e \u043f\u043e\u0441\u043b\u0435\u0434\u043d\u044f\u044f \u0444\u0430\u0437\u0430 \u0412\u0418\u0427-\u0438\u043d\u0444\u0435\u043a\u0446\u0438\u0438.<br>\u041f\u043e \u043c\u0435\u0440\u0435 \u0440\u0430\u0437\u0432\u0438\u0442\u0438\u044f \u0421\u041f\u0418\u0414\u0430 \u0440\u0430\u0431\u043e\u0442\u0430 \u0438\u043c\u043c\u0443\u043d\u043d\u043e\u0439 \u0441\u0438\u0441\u0442\u0435\u043c\u044b \u0447\u0435\u043b\u043e\u0432\u0435\u043a\u0430 \u043d\u0430\u0440\u0443\u0448\u0430\u0435\u0442\u0441\u044f \u0432\u0441\u0451 \u0441\u0438\u043b\u044c\u043d\u0435\u0435, \u0432\u0441\u043b\u0435\u0434\u0441\u0442\u0432\u0438\u0435 \u0447\u0435\u0433\u043e \u043e\u0440\u0433\u0430\u043d\u0438\u0437\u043c \u0441\u0442\u0430\u043d\u043e\u0432\u0438\u0442\u0441\u044f \u0432\u043e\u0441\u043f\u0440\u0438\u0438\u043c\u0447\u0438\u0432\u044b\u043c \u043a \u0440\u0430\u0437\u043b\u0438\u0447\u043d\u044b\u043c \u0437\u0430\u0431\u043e\u043b\u0435\u0432\u0430\u043d\u0438\u044f\u043c (\u0432 \u0442\u043e\u043c \u0447\u0438\u0441\u043b\u0435 \u0438 \u043a \u0442\u0435\u043c, \u043a\u043e\u0442\u043e\u0440\u044b\u043c\u0438 \u0447\u0435\u043b\u043e\u0432\u0435\u043a \u0441\u043e \u0437\u0434\u043e\u0440\u043e\u0432\u043e\u0439 \u0438\u043c\u043c\u0443\u043d\u043d\u043e\u0439 \u0441\u0438\u0441\u0442\u0435\u043c\u043e\u0439 \u0431\u043e\u043b\u0435\u0435\u0442 \u0440\u0435\u0434\u043a\u043e, \u0438\u043b\u0438 \u043a \u0442\u0435\u043c \u0431\u043e\u043b\u0435\u0437\u043d\u044f\u043c, \u043a\u043e\u0442\u043e\u0440\u044b\u0435 \u0432\u044b\u0437\u0432\u0430\u043d\u044b&nbsp; \u0431\u0435\u0437\u043e\u043f\u0430\u0441\u043d\u044b\u043c\u0438 \u0432 \u0438\u043d\u043e\u043c \u0441\u043b\u0443\u0447\u0430\u0435 \u0432\u043e\u0437\u0431\u0443\u0434\u0438\u0442\u0435\u043b\u044f\u043c\u0438: \u043c\u043d\u043e\u0433\u0438\u0435 \u0431\u0430\u043a\u0442\u0435\u0440\u0438\u0438, \u0433\u0440\u0438\u0431\u043a\u0438 \u0438 \u0442.\u0434.). \u0412\u0430\u0436\u043d\u043e \u0437\u043d\u0430\u0442\u044c, \u0447\u0442\u043e \u043e\u0442 \u0447\u0435\u043b\u043e\u0432\u0435\u043a\u0430 \u043a \u0447\u0435\u043b\u043e\u0432\u0435\u043a\u0443 \u043f\u0435\u0440\u0435\u0434\u0430\u0435\u0442\u0441\u044f \u0432\u0438\u0440\u0443\u0441 (\u0412\u0418\u0427), \u0430 \u043d\u0435 \u0431\u043e\u043b\u0435\u0437\u043d\u044c (\u0421\u041f\u0418\u0414). \u0412\u0418\u0427-\u0438\u043d\u0444\u0435\u043a\u0446\u0438\u044e \u043c\u043e\u0436\u0435\u0442 \u0440\u0430\u0441\u043f\u0440\u043e\u0441\u0442\u0440\u0430\u043d\u044f\u0442\u044c \u043a\u0430\u043a \u0437\u0434\u043e\u0440\u043e\u0432\u044b\u0439 \u0412\u0418\u0427-\u043f\u043e\u0437\u0438\u0442\u0438\u0432\u043d\u044b\u0439 \u0447\u0435\u043b\u043e\u0432\u0435\u043a, \u0442\u0430\u043a \u0438 \u0412\u0418\u0427-\u043f\u043e\u0437\u0438\u0442\u0438\u0432\u043d\u044b\u0439 \u0447\u0435\u043b\u043e\u0432\u0435\u043a, \u0434\u043e\u0441\u0442\u0438\u0433\u0448\u0438\u0439 \u0441\u0442\u0430\u0434\u0438\u0438 \u0421\u041f\u0418\u0414\u0430.<\/p>\n","protected":false},"excerpt":{"rendered":"<p>\u0412\u0418\u0427 (\u0430\u043d\u0433\u043b.  Human Immunodeficiency Virus) \u2013 \u0432\u0438\u0440\u0443\u0441 \u0438\u043c\u043c\u0443\u043d\u043e\u0434\u0435\u0444\u0438\u0446\u0438\u0442\u0430 \u0447\u0435\u043b\u043e\u0432\u0435\u043a\u0430. <\/p>\n","protected":false},"author":2,"featured_media":1862,"parent":1359,"menu_order":0,"comment_status":"closed","ping_status":"closed","template":"","meta":{"_acf_changed":false,"footnotes":""},"class_list":["post-1335","page","type-page","status-publish","has-post-thumbnail","hentry"],"acf":[],"yoast_head":"<!-- This site is optimized with the Yoast SEO plugin v25.3.1 - https:\/\/yoast.com\/wordpress\/plugins\/seo\/ -->\n<title>\u0427\u0442\u043e \u0442\u0430\u043a\u043e\u0435 \u0412\u0418\u0427 \u0438 \u0421\u041f\u0418\u0414? - Seksuaaltervise Kliinik |\u00a0Vastuv\u00f5tt noortele ja t\u00e4iskasvanutele<\/title>\n<meta name=\"robots\" content=\"index, follow, max-snippet:-1, max-image-preview:large, max-video-preview:-1\" \/>\n<link rel=\"canonical\" href=\"https:\/\/seksuaaltervisekliinik.ee\/ru\/info\/suguhaigused\/hiv-ja-aids\/\" \/>\n<meta property=\"og:locale\" content=\"ru_RU\" \/>\n<meta property=\"og:type\" content=\"article\" \/>\n<meta property=\"og:title\" content=\"\u0427\u0442\u043e \u0442\u0430\u043a\u043e\u0435 \u0412\u0418\u0427 \u0438 \u0421\u041f\u0418\u0414? - Seksuaaltervise Kliinik |\u00a0Vastuv\u00f5tt noortele ja t\u00e4iskasvanutele\" \/>\n<meta property=\"og:description\" content=\"\u0412\u0418\u0427 (\u0430\u043d\u0433\u043b. Human Immunodeficiency Virus) \u2013 \u0432\u0438\u0440\u0443\u0441 \u0438\u043c\u043c\u0443\u043d\u043e\u0434\u0435\u0444\u0438\u0446\u0438\u0442\u0430 \u0447\u0435\u043b\u043e\u0432\u0435\u043a\u0430.\" \/>\n<meta property=\"og:url\" content=\"https:\/\/seksuaaltervisekliinik.ee\/ru\/info\/suguhaigused\/hiv-ja-aids\/\" \/>\n<meta property=\"og:site_name\" content=\"Seksuaaltervise Kliinik |\u00a0Vastuv\u00f5tt noortele ja t\u00e4iskasvanutele\" \/>\n<meta property=\"article:publisher\" content=\"https:\/\/www.facebook.com\/profile.php?id=100063747262747\" \/>\n<meta property=\"article:modified_time\" content=\"2020-10-29T09:29:38+00:00\" \/>\n<meta property=\"og:image\" content=\"https:\/\/seksuaaltervisekliinik.ee\/wp-content\/uploads\/sites\/6\/2020\/10\/fog-240075.jpg\" \/>\n\t<meta property=\"og:image:width\" content=\"1921\" \/>\n\t<meta property=\"og:image:height\" content=\"990\" \/>\n\t<meta property=\"og:image:type\" content=\"image\/jpeg\" \/>\n<meta name=\"twitter:card\" content=\"summary_large_image\" \/>\n<script type=\"application\/ld+json\" class=\"yoast-schema-graph\">{\"@context\":\"https:\/\/schema.org\",\"@graph\":[{\"@type\":\"WebPage\",\"@id\":\"https:\/\/seksuaaltervisekliinik.ee\/ru\/info\/suguhaigused\/hiv-ja-aids\/\",\"url\":\"https:\/\/seksuaaltervisekliinik.ee\/ru\/info\/suguhaigused\/hiv-ja-aids\/\",\"name\":\"\u0427\u0442\u043e \u0442\u0430\u043a\u043e\u0435 \u0412\u0418\u0427 \u0438 \u0421\u041f\u0418\u0414? - Seksuaaltervise Kliinik |\u00a0Vastuv\u00f5tt noortele ja t\u00e4iskasvanutele\",\"isPartOf\":{\"@id\":\"https:\/\/seksuaaltervisekliinik.ee\/#website\"},\"primaryImageOfPage\":{\"@id\":\"https:\/\/seksuaaltervisekliinik.ee\/ru\/info\/suguhaigused\/hiv-ja-aids\/#primaryimage\"},\"image\":{\"@id\":\"https:\/\/seksuaaltervisekliinik.ee\/ru\/info\/suguhaigused\/hiv-ja-aids\/#primaryimage\"},\"thumbnailUrl\":\"https:\/\/seksuaaltervisekliinik.ee\/wp-content\/uploads\/sites\/6\/2020\/10\/fog-240075.jpg\",\"datePublished\":\"2020-08-24T10:30:23+00:00\",\"dateModified\":\"2020-10-29T09:29:38+00:00\",\"breadcrumb\":{\"@id\":\"https:\/\/seksuaaltervisekliinik.ee\/ru\/info\/suguhaigused\/hiv-ja-aids\/#breadcrumb\"},\"inLanguage\":\"ru-RU\",\"potentialAction\":[{\"@type\":\"ReadAction\",\"target\":[\"https:\/\/seksuaaltervisekliinik.ee\/ru\/info\/suguhaigused\/hiv-ja-aids\/\"]}]},{\"@type\":\"ImageObject\",\"inLanguage\":\"ru-RU\",\"@id\":\"https:\/\/seksuaaltervisekliinik.ee\/ru\/info\/suguhaigused\/hiv-ja-aids\/#primaryimage\",\"url\":\"https:\/\/seksuaaltervisekliinik.ee\/wp-content\/uploads\/sites\/6\/2020\/10\/fog-240075.jpg\",\"contentUrl\":\"https:\/\/seksuaaltervisekliinik.ee\/wp-content\/uploads\/sites\/6\/2020\/10\/fog-240075.jpg\",\"width\":1921,\"height\":990},{\"@type\":\"BreadcrumbList\",\"@id\":\"https:\/\/seksuaaltervisekliinik.ee\/ru\/info\/suguhaigused\/hiv-ja-aids\/#breadcrumb\",\"itemListElement\":[{\"@type\":\"ListItem\",\"position\":1,\"name\":\"Home\",\"item\":\"https:\/\/seksuaaltervisekliinik.ee\/\"},{\"@type\":\"ListItem\",\"position\":2,\"name\":\"Infolehed:\",\"item\":\"https:\/\/seksuaaltervisekliinik.ee\/ru\/?page_id=1362\"},{\"@type\":\"ListItem\",\"position\":3,\"name\":\"\u041f\u0440\u043e\u0444\u0438\u043b\u0430\u043a\u0442\u0438\u043a\u0430 \u0438\u043d\u0444\u0435\u043a\u0446\u0438\u0439\",\"item\":\"https:\/\/seksuaaltervisekliinik.ee\/ru\/info\/suguhaigused\/\"},{\"@type\":\"ListItem\",\"position\":4,\"name\":\"\u0427\u0442\u043e \u0442\u0430\u043a\u043e\u0435 \u0412\u0418\u0427 \u0438 \u0421\u041f\u0418\u0414?\"}]},{\"@type\":\"WebSite\",\"@id\":\"https:\/\/seksuaaltervisekliinik.ee\/#website\",\"url\":\"https:\/\/seksuaaltervisekliinik.ee\/\",\"name\":\"Seksuaaltervise Kliinik |\u00a0Vastuv\u00f5tt noortele ja t\u00e4iskasvanutele\",\"description\":\"Broneeri aeg veebis v\u00f5i helista +372 666 5123\",\"publisher\":{\"@id\":\"https:\/\/seksuaaltervisekliinik.ee\/#organization\"},\"potentialAction\":[{\"@type\":\"SearchAction\",\"target\":{\"@type\":\"EntryPoint\",\"urlTemplate\":\"https:\/\/seksuaaltervisekliinik.ee\/?s={search_term_string}\"},\"query-input\":{\"@type\":\"PropertyValueSpecification\",\"valueRequired\":true,\"valueName\":\"search_term_string\"}}],\"inLanguage\":\"ru-RU\"},{\"@type\":\"Organization\",\"@id\":\"https:\/\/seksuaaltervisekliinik.ee\/#organization\",\"name\":\"Seksuaaltervise Kliinik |\u00a0Vastuv\u00f5tt noortele ja t\u00e4iskasvanutele\",\"url\":\"https:\/\/seksuaaltervisekliinik.ee\/\",\"logo\":{\"@type\":\"ImageObject\",\"inLanguage\":\"ru-RU\",\"@id\":\"https:\/\/seksuaaltervisekliinik.ee\/#\/schema\/logo\/image\/\",\"url\":\"https:\/\/seksuaaltervisekliinik.ee\/wp-content\/uploads\/sites\/6\/2025\/06\/cropped-Untitled-design-52.png\",\"contentUrl\":\"https:\/\/seksuaaltervisekliinik.ee\/wp-content\/uploads\/sites\/6\/2025\/06\/cropped-Untitled-design-52.png\",\"width\":512,\"height\":512,\"caption\":\"Seksuaaltervise Kliinik |\u00a0Vastuv\u00f5tt noortele ja t\u00e4iskasvanutele\"},\"image\":{\"@id\":\"https:\/\/seksuaaltervisekliinik.ee\/#\/schema\/logo\/image\/\"},\"sameAs\":[\"https:\/\/www.facebook.com\/profile.php?id=100063747262747\"]}]}<\/script>\n<!-- \/ Yoast SEO plugin. -->","yoast_head_json":{"title":"\u0427\u0442\u043e \u0442\u0430\u043a\u043e\u0435 \u0412\u0418\u0427 \u0438 \u0421\u041f\u0418\u0414? - Seksuaaltervise Kliinik |\u00a0Vastuv\u00f5tt noortele ja t\u00e4iskasvanutele","robots":{"index":"index","follow":"follow","max-snippet":"max-snippet:-1","max-image-preview":"max-image-preview:large","max-video-preview":"max-video-preview:-1"},"canonical":"https:\/\/seksuaaltervisekliinik.ee\/ru\/info\/suguhaigused\/hiv-ja-aids\/","og_locale":"ru_RU","og_type":"article","og_title":"\u0427\u0442\u043e \u0442\u0430\u043a\u043e\u0435 \u0412\u0418\u0427 \u0438 \u0421\u041f\u0418\u0414? - Seksuaaltervise Kliinik |\u00a0Vastuv\u00f5tt noortele ja t\u00e4iskasvanutele","og_description":"\u0412\u0418\u0427 (\u0430\u043d\u0433\u043b. Human Immunodeficiency Virus) \u2013 \u0432\u0438\u0440\u0443\u0441 \u0438\u043c\u043c\u0443\u043d\u043e\u0434\u0435\u0444\u0438\u0446\u0438\u0442\u0430 \u0447\u0435\u043b\u043e\u0432\u0435\u043a\u0430.","og_url":"https:\/\/seksuaaltervisekliinik.ee\/ru\/info\/suguhaigused\/hiv-ja-aids\/","og_site_name":"Seksuaaltervise Kliinik |\u00a0Vastuv\u00f5tt noortele ja t\u00e4iskasvanutele","article_publisher":"https:\/\/www.facebook.com\/profile.php?id=100063747262747","article_modified_time":"2020-10-29T09:29:38+00:00","og_image":[{"width":1921,"height":990,"url":"https:\/\/seksuaaltervisekliinik.ee\/wp-content\/uploads\/sites\/6\/2020\/10\/fog-240075.jpg","type":"image\/jpeg"}],"twitter_card":"summary_large_image","schema":{"@context":"https:\/\/schema.org","@graph":[{"@type":"WebPage","@id":"https:\/\/seksuaaltervisekliinik.ee\/ru\/info\/suguhaigused\/hiv-ja-aids\/","url":"https:\/\/seksuaaltervisekliinik.ee\/ru\/info\/suguhaigused\/hiv-ja-aids\/","name":"\u0427\u0442\u043e \u0442\u0430\u043a\u043e\u0435 \u0412\u0418\u0427 \u0438 \u0421\u041f\u0418\u0414? - Seksuaaltervise Kliinik |\u00a0Vastuv\u00f5tt noortele ja t\u00e4iskasvanutele","isPartOf":{"@id":"https:\/\/seksuaaltervisekliinik.ee\/#website"},"primaryImageOfPage":{"@id":"https:\/\/seksuaaltervisekliinik.ee\/ru\/info\/suguhaigused\/hiv-ja-aids\/#primaryimage"},"image":{"@id":"https:\/\/seksuaaltervisekliinik.ee\/ru\/info\/suguhaigused\/hiv-ja-aids\/#primaryimage"},"thumbnailUrl":"https:\/\/seksuaaltervisekliinik.ee\/wp-content\/uploads\/sites\/6\/2020\/10\/fog-240075.jpg","datePublished":"2020-08-24T10:30:23+00:00","dateModified":"2020-10-29T09:29:38+00:00","breadcrumb":{"@id":"https:\/\/seksuaaltervisekliinik.ee\/ru\/info\/suguhaigused\/hiv-ja-aids\/#breadcrumb"},"inLanguage":"ru-RU","potentialAction":[{"@type":"ReadAction","target":["https:\/\/seksuaaltervisekliinik.ee\/ru\/info\/suguhaigused\/hiv-ja-aids\/"]}]},{"@type":"ImageObject","inLanguage":"ru-RU","@id":"https:\/\/seksuaaltervisekliinik.ee\/ru\/info\/suguhaigused\/hiv-ja-aids\/#primaryimage","url":"https:\/\/seksuaaltervisekliinik.ee\/wp-content\/uploads\/sites\/6\/2020\/10\/fog-240075.jpg","contentUrl":"https:\/\/seksuaaltervisekliinik.ee\/wp-content\/uploads\/sites\/6\/2020\/10\/fog-240075.jpg","width":1921,"height":990},{"@type":"BreadcrumbList","@id":"https:\/\/seksuaaltervisekliinik.ee\/ru\/info\/suguhaigused\/hiv-ja-aids\/#breadcrumb","itemListElement":[{"@type":"ListItem","position":1,"name":"Home","item":"https:\/\/seksuaaltervisekliinik.ee\/"},{"@type":"ListItem","position":2,"name":"Infolehed:","item":"https:\/\/seksuaaltervisekliinik.ee\/ru\/?page_id=1362"},{"@type":"ListItem","position":3,"name":"\u041f\u0440\u043e\u0444\u0438\u043b\u0430\u043a\u0442\u0438\u043a\u0430 \u0438\u043d\u0444\u0435\u043a\u0446\u0438\u0439","item":"https:\/\/seksuaaltervisekliinik.ee\/ru\/info\/suguhaigused\/"},{"@type":"ListItem","position":4,"name":"\u0427\u0442\u043e \u0442\u0430\u043a\u043e\u0435 \u0412\u0418\u0427 \u0438 \u0421\u041f\u0418\u0414?"}]},{"@type":"WebSite","@id":"https:\/\/seksuaaltervisekliinik.ee\/#website","url":"https:\/\/seksuaaltervisekliinik.ee\/","name":"Seksuaaltervise Kliinik |\u00a0Vastuv\u00f5tt noortele ja t\u00e4iskasvanutele","description":"Broneeri aeg veebis v\u00f5i helista +372 666 5123","publisher":{"@id":"https:\/\/seksuaaltervisekliinik.ee\/#organization"},"potentialAction":[{"@type":"SearchAction","target":{"@type":"EntryPoint","urlTemplate":"https:\/\/seksuaaltervisekliinik.ee\/?s={search_term_string}"},"query-input":{"@type":"PropertyValueSpecification","valueRequired":true,"valueName":"search_term_string"}}],"inLanguage":"ru-RU"},{"@type":"Organization","@id":"https:\/\/seksuaaltervisekliinik.ee\/#organization","name":"Seksuaaltervise Kliinik |\u00a0Vastuv\u00f5tt noortele ja t\u00e4iskasvanutele","url":"https:\/\/seksuaaltervisekliinik.ee\/","logo":{"@type":"ImageObject","inLanguage":"ru-RU","@id":"https:\/\/seksuaaltervisekliinik.ee\/#\/schema\/logo\/image\/","url":"https:\/\/seksuaaltervisekliinik.ee\/wp-content\/uploads\/sites\/6\/2025\/06\/cropped-Untitled-design-52.png","contentUrl":"https:\/\/seksuaaltervisekliinik.ee\/wp-content\/uploads\/sites\/6\/2025\/06\/cropped-Untitled-design-52.png","width":512,"height":512,"caption":"Seksuaaltervise Kliinik |\u00a0Vastuv\u00f5tt noortele ja t\u00e4iskasvanutele"},"image":{"@id":"https:\/\/seksuaaltervisekliinik.ee\/#\/schema\/logo\/image\/"},"sameAs":["https:\/\/www.facebook.com\/profile.php?id=100063747262747"]}]}},"_links":{"self":[{"href":"https:\/\/seksuaaltervisekliinik.ee\/ru\/wp-json\/wp\/v2\/pages\/1335","targetHints":{"allow":["GET"]}}],"collection":[{"href":"https:\/\/seksuaaltervisekliinik.ee\/ru\/wp-json\/wp\/v2\/pages"}],"about":[{"href":"https:\/\/seksuaaltervisekliinik.ee\/ru\/wp-json\/wp\/v2\/types\/page"}],"author":[{"embeddable":true,"href":"https:\/\/seksuaaltervisekliinik.ee\/ru\/wp-json\/wp\/v2\/users\/2"}],"replies":[{"embeddable":true,"href":"https:\/\/seksuaaltervisekliinik.ee\/ru\/wp-json\/wp\/v2\/comments?post=1335"}],"version-history":[{"count":2,"href":"https:\/\/seksuaaltervisekliinik.ee\/ru\/wp-json\/wp\/v2\/pages\/1335\/revisions"}],"predecessor-version":[{"id":1731,"href":"https:\/\/seksuaaltervisekliinik.ee\/ru\/wp-json\/wp\/v2\/pages\/1335\/revisions\/1731"}],"up":[{"embeddable":true,"href":"https:\/\/seksuaaltervisekliinik.ee\/ru\/wp-json\/wp\/v2\/pages\/1359"}],"wp:featuredmedia":[{"embeddable":true,"href":"https:\/\/seksuaaltervisekliinik.ee\/ru\/wp-json\/wp\/v2\/media\/1862"}],"wp:attachment":[{"href":"https:\/\/seksuaaltervisekliinik.ee\/ru\/wp-json\/wp\/v2\/media?parent=1335"}],"curies":[{"name":"wp","href":"https:\/\/api.w.org\/{rel}","templated":true}]}}