{"id":1359,"date":"2020-07-21T16:54:22","date_gmt":"2020-07-21T16:54:22","guid":{"rendered":"https:\/\/seksuaaltervis.ee\/estk\/suguhaigused"},"modified":"2025-01-22T11:18:29","modified_gmt":"2025-01-22T08:18:29","slug":"suguhaigused","status":"publish","type":"page","link":"https:\/\/seksuaaltervisekliinik.ee\/ru\/info\/suguhaigused\/","title":{"rendered":"\u041f\u0440\u043e\u0444\u0438\u043b\u0430\u043a\u0442\u0438\u043a\u0430 \u0438\u043d\u0444\u0435\u043a\u0446\u0438\u0439"},"content":{"rendered":"\n<p><\/p>\n\n\n\n<p>\u0427\u0430\u0441\u0442\u044c \u044d\u0442\u0438\u0445 \u0438\u043d\u0444\u0435\u043a\u0446\u0438\u0439 \u0440\u0430\u0441\u043f\u0440\u043e\u0441\u0442\u0440\u0430\u043d\u044f\u0435\u0442\u0441\u044f \u0438 \u0447\u0435\u0440\u0435\u0437 \u043a\u0440\u043e\u0432\u044c, \u043f\u0440\u0438 \u043d\u0435\u043f\u043e\u0441\u0440\u0435\u0434\u0441\u0442\u0432\u0435\u043d\u043d\u043e\u043c \u043a\u043e\u0436\u043d\u043e\u043c \u043a\u043e\u043d\u0442\u0430\u043a\u0442\u0435 \u0438\u043b\u0438 \u043e\u0442 \u0437\u0430\u0440\u0430\u0436\u0451\u043d\u043d\u043e\u0439 \u043c\u0430\u0442\u0435\u0440\u0438 \u0440\u0435\u0431\u0451\u043d\u043a\u0443 \u0432\u043e \u0432\u0440\u0435\u043c\u044f \u0431\u0435\u0440\u0435\u043c\u0435\u043d\u043d\u043e\u0441\u0442\u0438, \u0440\u043e\u0434\u043e\u0432 \u0438\u043b\u0438 \u0433\u0440\u0443\u0434\u043d\u043e\u0433\u043e \u0432\u0441\u043a\u0430\u0440\u043c\u043b\u0438\u0432\u0430\u043d\u0438\u044f. \u041d\u0435\u043a\u043e\u0442\u043e\u0440\u044b\u0435 \u0432\u0435\u043d\u0435\u0440\u0438\u0447\u0435\u0441\u043a\u0438\u0435 \u0431\u043e\u043b\u0435\u0437\u043d\u0438 \u0438\u0437\u043b\u0435\u0447\u0438\u043c\u044b, \u0430 \u043d\u0435\u043a\u043e\u0442\u043e\u0440\u044b\u0435 \u2013 \u043d\u0435\u0442. \u041d\u0435 \u043e\u0431\u043d\u0430\u0440\u0443\u0436\u0435\u043d\u043d\u044b\u0435 \u0438 \u043d\u0435 \u0432\u044b\u043b\u0435\u0447\u0435\u043d\u043d\u044b\u0435 \u0432\u043e\u0432\u0440\u0435\u043c\u044f \u0432\u0435\u043d\u0435\u0440\u0438\u0447\u0435\u0441\u043a\u0438\u0435 \u0431\u043e\u043b\u0435\u0437\u043d\u0438 \u043c\u043e\u0433\u0443\u0442 \u043f\u0440\u0438\u0432\u0435\u0441\u0442\u0438 \u043d\u0435 \u0442\u043e\u043b\u044c\u043a\u043e \u043a \u0434\u043b\u0438\u0442\u0435\u043b\u044c\u043d\u044b\u043c \u043d\u0435\u0443\u0434\u043e\u0431\u0441\u0442\u0432\u0430\u043c, \u043d\u043e \u0438 \u043a \u043e\u043f\u0430\u0441\u043d\u044b\u043c \u0434\u043b\u044f \u0436\u0438\u0437\u043d\u0438 \u043f\u043e\u0441\u043b\u0435\u0434\u0441\u0442\u0432\u0438\u044f\u043c.<\/p>\n\n\n\n<p>\u0420\u0430\u0441\u043f\u0440\u043e\u0441\u0442\u0440\u0430\u043d\u0435\u043d\u0438\u0435 \u0438\u043d\u0444\u0435\u043a\u0446\u0438\u0439, \u043f\u0435\u0440\u0435\u0434\u0430\u044e\u0449\u0438\u0445\u0441\u044f \u043f\u043e\u043b\u043e\u0432\u044b\u043c \u043f\u0443\u0442\u0435\u043c, \u043e\u0437\u043d\u0430\u0447\u0430\u0435\u0442, \u0447\u0442\u043e \u043e\u043d\u0438 \u043f\u0435\u0440\u0435\u0434\u0430\u044e\u0442\u0441\u044f \u043e\u0442 \u0437\u0430\u0440\u0430\u0436\u0435\u043d\u043d\u043e\u0433\u043e \u0447\u0435\u043b\u043e\u0432\u0435\u043a\u0430 \u0434\u0440\u0443\u0433\u043e\u043c\u0443 \u0432\u043e \u0432\u0440\u0435\u043c\u044f \u0441\u0435\u043a\u0441\u0443\u0430\u043b\u044c\u043d\u043e\u0433\u043e \u043a\u043e\u043d\u0442\u0430\u043a\u0442\u0430. \u0417\u0430\u0440\u0430\u0437\u0438\u0442\u044c\u0441\u044f \u043c\u043e\u0436\u043d\u043e \u0432\u043e \u0432\u0440\u0435\u043c\u044f \u0432\u0430\u0433\u0438\u043d\u0430\u043b\u044c\u043d\u043e\u0433\u043e, \u043e\u0440\u0430\u043b\u044c\u043d\u043e\u0433\u043e \u0438 \u0430\u043d\u0430\u043b\u044c\u043d\u043e\u0433\u043e \u0441\u0435\u043a\u0441\u0430. \u0412\u043d\u0443\u0442\u0440\u0435\u043d\u043d\u044f\u044f \u043f\u043e\u0432\u0435\u0440\u0445\u043d\u043e\u0441\u0442\u044c \u0432\u043b\u0430\u0433\u0430\u043b\u0438\u0449\u0430, \u0437\u0430\u0434\u043d\u0435\u0433\u043e \u043f\u0440\u043e\u0445\u043e\u0434\u0430, \u043c\u043e\u0447\u0435\u0438\u0441\u043f\u0443\u0441\u043a\u0430\u0442\u0435\u043b\u044c\u043d\u043e\u0433\u043e \u043a\u0430\u043d\u0430\u043b\u0430 \u0438 \u0440\u0442\u0430 \u0447\u0435\u043b\u043e\u0432\u0435\u043a\u0430 \u043f\u043e\u043a\u0440\u044b\u0442\u0430 \u0441\u043b\u0438\u0437\u0438\u0441\u0442\u043e\u0439 \u043e\u0431\u043e\u043b\u043e\u0447\u043a\u043e\u0439, \u043d\u0430 \u043a\u043e\u0442\u043e\u0440\u043e\u0439 \u043c\u043e\u0433\u0443\u0442 \u0436\u0438\u0442\u044c \u0438 \u0440\u0430\u0437\u043c\u043d\u043e\u0436\u0430\u0442\u044c\u0441\u044f \u043c\u0438\u043a\u0440\u043e\u043e\u0440\u0433\u0430\u043d\u0438\u0437\u043c\u044b (\u0431\u0430\u043a\u0442\u0435\u0440\u0438\u0438, \u0432\u0438\u0440\u0443\u0441\u044b \u0438 \u043f\u0440\u043e\u0441\u0442\u0435\u0439\u0448\u0438\u0435), \u044f\u0432\u043b\u044f\u044e\u0449\u0438\u0435\u0441\u044f \u0432\u043e\u0437\u0431\u0443\u0434\u0438\u0442\u0435\u043b\u044f\u043c\u0438 \u0417\u041f\u041f\u041f. \u0412\u043e \u0432\u0440\u0435\u043c\u044f \u043d\u0435\u0437\u0430\u0449\u0438\u0449\u0435\u043d\u043d\u043e\u0433\u043e \u0441\u0435\u043a\u0441\u0443\u0430\u043b\u044c\u043d\u043e\u0433\u043e \u043a\u043e\u043d\u0442\u0430\u043a\u0442\u0430 \u044d\u0442\u0438 \u0432\u043e\u0437\u0431\u0443\u0434\u0438\u0442\u0435\u043b\u0438 \u0437\u0430\u0431\u043e\u043b\u0435\u0432\u0430\u043d\u0438\u0439 \u043c\u043e\u0433\u0443\u0442 \u0431\u044b\u0442\u044c \u043f\u0435\u0440\u0435\u043d\u0435\u0441\u0435\u043d\u044b \u0441\u043e \u0441\u043b\u0438\u0437\u0438\u0441\u0442\u043e\u0439 \u043e\u0434\u043d\u043e\u0433\u043e \u0447\u0435\u043b\u043e\u0432\u0435\u043a\u0430 \u043d\u0430 \u0441\u043b\u0438\u0437\u0438\u0441\u0442\u0443\u044e \u0434\u0440\u0443\u0433\u043e\u0433\u043e. \u041d\u0435 \u0438\u043c\u0435\u0435\u0442 \u0437\u043d\u0430\u0447\u0435\u043d\u0438\u044f, \u0440\u0430\u0437\u043d\u044b\u0445 \u043f\u043e\u043b\u043e\u0432 \u043f\u0430\u0440\u0442\u043d\u0451\u0440\u044b \u0438\u043b\u0438 \u043e\u0434\u043d\u043e\u0433\u043e \u043f\u043e\u043b\u0430 \u2013 \u0440\u0438\u0441\u043a \u0437\u0430\u0440\u0430\u0436\u0435\u043d\u0438\u044f \u0432\u043e \u0432\u0440\u0435\u043c\u044f \u043d\u0435\u0437\u0430\u0449\u0438\u0449\u0451\u043d\u043d\u043e\u0433\u043e \u0441\u0435\u043a\u0441\u0430 \u0441\u0443\u0449\u0435\u0441\u0442\u0432\u0443\u0435\u0442 \u0432 \u043b\u044e\u0431\u043e\u043c \u0441\u043b\u0443\u0447\u0430\u0435. \u0415\u0441\u043b\u0438 \u0443 \u0412\u0430\u0441 \u043e\u0431\u043d\u0430\u0440\u0443\u0436\u0435\u043d\u0430 \u0432\u0435\u043d\u0435\u0440\u0438\u0447\u0435\u0441\u043a\u0430\u044f \u0431\u043e\u043b\u0435\u0437\u043d\u044c, \u0442\u043e \u0441\u043b\u0435\u0434\u0443\u0435\u0442 \u043e\u0431\u044f\u0437\u0430\u0442\u0435\u043b\u044c\u043d\u043e \u043e\u043f\u043e\u0432\u0435\u0441\u0442\u0438\u0442\u044c \u0441\u0432\u043e\u0435\u0433\u043e \u043f\u0430\u0440\u0442\u043d\u0451\u0440\u0430\/\u043f\u0430\u0440\u0442\u043d\u0451\u0440\u043e\u0432, \u0447\u0442\u043e\u0431\u044b \u0438 \u043e\u043d\/\u043e\u043d\u0430\/\u043e\u043d\u0438 \u043c\u043e\u0433\u043b\u0438 \u043f\u0440\u043e\u0432\u0435\u0440\u0438\u0442\u044c\u0441\u044f \u0438 \u043f\u0440\u0438 \u043d\u0435\u043e\u0431\u0445\u043e\u0434\u0438\u043c\u043e\u0441\u0442\u0438 \u043f\u043e\u043b\u0443\u0447\u0438\u0442\u044c \u0441\u0432\u043e\u0435\u0432\u0440\u0435\u043c\u0435\u043d\u043d\u043e\u0435 \u043b\u0435\u0447\u0435\u043d\u0438\u0435. \u041c\u043d\u043e\u0433\u0438\u0435 \u0418\u041f\u041f\u041f, \u043e\u0441\u043e\u0431\u0435\u043d\u043d\u043e \u0445\u043b\u0430\u043c\u0438\u0434\u0438\u043e\u0437 \u0438\u043b\u0438 \u0433\u043e\u043d\u043e\u0440\u0435\u044f, \u043c\u043e\u0433\u0443\u0442 \u0447\u0430\u0441\u0442\u043e \u043f\u0440\u043e\u0442\u0435\u043a\u0430\u0442\u044c \u0431\u0435\u0437 \u0441\u0438\u043c\u043f\u0442\u043e\u043c\u043e\u0432, \u0432\u0441\u043b\u0435\u0434\u0441\u0442\u0432\u0438\u0435 \u0447\u0435\u0433\u043e \u0447\u0435\u043b\u043e\u0432\u0435\u043a \u043c\u043e\u0436\u0435\u0442 \u0441\u0430\u043c \u043d\u0435 \u0437\u043d\u0430\u0442\u044c \u043e \u0442\u043e\u043c, \u0447\u0442\u043e \u043e\u043d \u0437\u0430\u0440\u0430\u0436\u0451\u043d!&nbsp; \u041f\u0440\u043e\u0442\u0435\u043a\u0430\u044e\u0449\u0430\u044f \u0431\u0435\u0441\u0441\u0438\u043c\u043f\u0442\u043e\u043c\u043d\u043e \u0432\u0435\u043d\u0435\u0440\u0438\u0447\u0435\u0441\u043a\u0430\u044f \u0431\u043e\u043b\u0435\u0437\u043d\u044c \u0442\u0430\u043a\u0436\u0435 \u043c\u043e\u0436\u0435\u0442 \u043f\u0440\u0438\u0432\u0435\u0441\u0442\u0438 \u043a \u0434\u043b\u0438\u0442\u0435\u043b\u044c\u043d\u044b\u043c \u043f\u0440\u043e\u0431\u043b\u0435\u043c\u0430\u043c \u0441\u043e \u0437\u0434\u043e\u0440\u043e\u0432\u044c\u0435\u043c.&nbsp; \u041d\u0435\u0437\u0430\u0432\u0438\u0441\u0438\u043c\u043e \u043e\u0442 \u043d\u0430\u043b\u0438\u0447\u0438\u044f \u0438\u043b\u0438 \u043e\u0442\u0441\u0443\u0442\u0441\u0442\u0432\u0438\u044f \u0441\u0438\u043c\u043f\u0442\u043e\u043c\u043e\u0432 \u0447\u0435\u043b\u043e\u0432\u0435\u043a \u043c\u043e\u0436\u0435\u0442 \u0437\u0430\u0440\u0430\u0437\u0438\u0442\u044c \u0434\u0440\u0443\u0433\u043e\u0433\u043e \u0432\u043e \u0432\u0440\u0435\u043c\u044f \u043d\u0435\u0437\u0430\u0449\u0438\u0449\u0435\u043d\u043d\u043e\u0433\u043e \u0441\u0435\u043a\u0441\u0443\u0430\u043b\u044c\u043d\u043e\u0433\u043e \u043a\u043e\u043d\u0442\u0430\u043a\u0442\u0430 \u0438\u043b\u0438 \u0436\u0435 \u0437\u0430\u0440\u0430\u0437\u0438\u0442\u044c\u0441\u044f \u0441\u0430\u043c.<\/p>\n\n\n\n<p><strong>\u041a\u0430\u043a\u0438\u0435, \u043f\u0435\u0440\u0435\u0434\u0430\u044e\u0449\u0438\u0435\u0441\u044f \u043f\u043e\u043b\u043e\u0432\u044b\u043c \u043f\u0443\u0442\u0435\u043c \u0438\u043d\u0444\u0435\u043a\u0446\u0438\u0438, \u044f\u0432\u043b\u044f\u044e\u0442\u0441\u044f \u0441\u0430\u043c\u044b\u043c\u0438 \u0440\u0430\u0441\u043f\u0440\u043e\u0441\u0442\u0440\u0430\u043d\u0451\u043d\u043d\u044b\u043c\u0438?<\/strong><\/p>\n","protected":false},"excerpt":{"rendered":"<p>\u0417\u0430\u0440\u0430\u0436\u0435\u043d\u0438\u0435 \u0438\u043d\u0444\u0435\u043a\u0446\u0438\u044f\u043c\u0438, \u043f\u0435\u0440\u0435\u0434\u0430\u044e\u0449\u0438\u043c\u0438\u0441\u044f \u043f\u043e\u043b\u043e\u0432\u044b\u043c \u043f\u0443\u0442\u0451\u043c (\u0418\u041f\u041f\u041f), \u0438\u043b\u0438 \u0437\u0430\u0431\u043e\u043b\u0435\u0432\u0430\u043d\u0438\u044f\u043c\u0438, \u043f\u0435\u0440\u0435\u0434\u0430\u044e\u0449\u0438\u043c\u0438\u0441\u044f \u043f\u043e\u043b\u043e\u0432\u044b\u043c \u043f\u0443\u0442\u0451\u043c (\u0417\u041f\u041f\u041f), \u0438\u043b\u0438 \u0432\u0435\u043d\u0435\u0440\u0438\u0447\u0435\u0441\u043a\u0438\u043c\u0438 \u0431\u043e\u043b\u0435\u0437\u043d\u044f\u043c\u0438, \u043f\u0440\u043e\u0438\u0441\u0445\u043e\u0434\u0438\u0442, \u0432 \u043e\u0441\u043d\u043e\u0432\u043d\u043e\u043c, \u043f\u0440\u0438 \u043d\u0435\u0437\u0430\u0449\u0438\u0449\u0451\u043d\u043d\u044b\u0445 \u0441\u0435\u043a\u0441\u0443\u0430\u043b\u044c\u043d\u044b\u0445 \u043a\u043e\u043d\u0442\u0430\u043a\u0442\u0430\u0445. <\/p>\n","protected":false},"author":1,"featured_media":1874,"parent":1362,"menu_order":0,"comment_status":"closed","ping_status":"closed","template":"","meta":{"_acf_changed":false,"footnotes":""},"class_list":["post-1359","page","type-page","status-publish","has-post-thumbnail","hentry"],"acf":[],"yoast_head":"<!-- This site is optimized with the Yoast SEO plugin v25.3.1 - https:\/\/yoast.com\/wordpress\/plugins\/seo\/ -->\n<title>\u041f\u0440\u043e\u0444\u0438\u043b\u0430\u043a\u0442\u0438\u043a\u0430 \u0438\u043d\u0444\u0435\u043a\u0446\u0438\u0439 - Seksuaaltervise Kliinik |\u00a0Vastuv\u00f5tt noortele ja t\u00e4iskasvanutele<\/title>\n<meta name=\"robots\" content=\"index, follow, max-snippet:-1, max-image-preview:large, max-video-preview:-1\" \/>\n<link rel=\"canonical\" href=\"https:\/\/seksuaaltervisekliinik.ee\/ru\/info\/suguhaigused\/\" \/>\n<meta property=\"og:locale\" content=\"ru_RU\" \/>\n<meta property=\"og:type\" content=\"article\" \/>\n<meta property=\"og:title\" content=\"\u041f\u0440\u043e\u0444\u0438\u043b\u0430\u043a\u0442\u0438\u043a\u0430 \u0438\u043d\u0444\u0435\u043a\u0446\u0438\u0439 - Seksuaaltervise Kliinik |\u00a0Vastuv\u00f5tt noortele ja t\u00e4iskasvanutele\" \/>\n<meta property=\"og:description\" content=\"\u0417\u0430\u0440\u0430\u0436\u0435\u043d\u0438\u0435 \u0438\u043d\u0444\u0435\u043a\u0446\u0438\u044f\u043c\u0438, \u043f\u0435\u0440\u0435\u0434\u0430\u044e\u0449\u0438\u043c\u0438\u0441\u044f \u043f\u043e\u043b\u043e\u0432\u044b\u043c \u043f\u0443\u0442\u0451\u043c (\u0418\u041f\u041f\u041f), \u0438\u043b\u0438 \u0437\u0430\u0431\u043e\u043b\u0435\u0432\u0430\u043d\u0438\u044f\u043c\u0438, \u043f\u0435\u0440\u0435\u0434\u0430\u044e\u0449\u0438\u043c\u0438\u0441\u044f \u043f\u043e\u043b\u043e\u0432\u044b\u043c \u043f\u0443\u0442\u0451\u043c (\u0417\u041f\u041f\u041f), \u0438\u043b\u0438 \u0432\u0435\u043d\u0435\u0440\u0438\u0447\u0435\u0441\u043a\u0438\u043c\u0438 \u0431\u043e\u043b\u0435\u0437\u043d\u044f\u043c\u0438, \u043f\u0440\u043e\u0438\u0441\u0445\u043e\u0434\u0438\u0442, \u0432 \u043e\u0441\u043d\u043e\u0432\u043d\u043e\u043c, \u043f\u0440\u0438 \u043d\u0435\u0437\u0430\u0449\u0438\u0449\u0451\u043d\u043d\u044b\u0445 \u0441\u0435\u043a\u0441\u0443\u0430\u043b\u044c\u043d\u044b\u0445 \u043a\u043e\u043d\u0442\u0430\u043a\u0442\u0430\u0445.\" \/>\n<meta property=\"og:url\" content=\"https:\/\/seksuaaltervisekliinik.ee\/ru\/info\/suguhaigused\/\" \/>\n<meta property=\"og:site_name\" content=\"Seksuaaltervise Kliinik |\u00a0Vastuv\u00f5tt noortele ja t\u00e4iskasvanutele\" \/>\n<meta property=\"article:publisher\" content=\"https:\/\/www.facebook.com\/profile.php?id=100063747262747\" \/>\n<meta property=\"article:modified_time\" content=\"2025-01-22T08:18:29+00:00\" \/>\n<meta property=\"og:image\" content=\"https:\/\/seksuaaltervisekliinik.ee\/wp-content\/uploads\/sites\/6\/2020\/10\/condoms-3112006_1920.jpg\" \/>\n\t<meta property=\"og:image:width\" content=\"1920\" \/>\n\t<meta property=\"og:image:height\" content=\"1280\" \/>\n\t<meta property=\"og:image:type\" content=\"image\/jpeg\" \/>\n<meta name=\"twitter:card\" content=\"summary_large_image\" \/>\n<meta name=\"twitter:label1\" content=\"\u041f\u0440\u0438\u043c\u0435\u0440\u043d\u043e\u0435 \u0432\u0440\u0435\u043c\u044f \u0434\u043b\u044f \u0447\u0442\u0435\u043d\u0438\u044f\" \/>\n\t<meta name=\"twitter:data1\" content=\"13 \u043c\u0438\u043d\u0443\u0442\" \/>\n<script type=\"application\/ld+json\" class=\"yoast-schema-graph\">{\"@context\":\"https:\/\/schema.org\",\"@graph\":[{\"@type\":\"WebPage\",\"@id\":\"https:\/\/seksuaaltervisekliinik.ee\/ru\/info\/suguhaigused\/\",\"url\":\"https:\/\/seksuaaltervisekliinik.ee\/ru\/info\/suguhaigused\/\",\"name\":\"\u041f\u0440\u043e\u0444\u0438\u043b\u0430\u043a\u0442\u0438\u043a\u0430 \u0438\u043d\u0444\u0435\u043a\u0446\u0438\u0439 - Seksuaaltervise Kliinik |\u00a0Vastuv\u00f5tt noortele ja t\u00e4iskasvanutele\",\"isPartOf\":{\"@id\":\"https:\/\/seksuaaltervisekliinik.ee\/#website\"},\"primaryImageOfPage\":{\"@id\":\"https:\/\/seksuaaltervisekliinik.ee\/ru\/info\/suguhaigused\/#primaryimage\"},\"image\":{\"@id\":\"https:\/\/seksuaaltervisekliinik.ee\/ru\/info\/suguhaigused\/#primaryimage\"},\"thumbnailUrl\":\"https:\/\/seksuaaltervisekliinik.ee\/wp-content\/uploads\/sites\/6\/2020\/10\/condoms-3112006_1920.jpg\",\"datePublished\":\"2020-07-21T16:54:22+00:00\",\"dateModified\":\"2025-01-22T08:18:29+00:00\",\"breadcrumb\":{\"@id\":\"https:\/\/seksuaaltervisekliinik.ee\/ru\/info\/suguhaigused\/#breadcrumb\"},\"inLanguage\":\"ru-RU\",\"potentialAction\":[{\"@type\":\"ReadAction\",\"target\":[\"https:\/\/seksuaaltervisekliinik.ee\/ru\/info\/suguhaigused\/\"]}]},{\"@type\":\"ImageObject\",\"inLanguage\":\"ru-RU\",\"@id\":\"https:\/\/seksuaaltervisekliinik.ee\/ru\/info\/suguhaigused\/#primaryimage\",\"url\":\"https:\/\/seksuaaltervisekliinik.ee\/wp-content\/uploads\/sites\/6\/2020\/10\/condoms-3112006_1920.jpg\",\"contentUrl\":\"https:\/\/seksuaaltervisekliinik.ee\/wp-content\/uploads\/sites\/6\/2020\/10\/condoms-3112006_1920.jpg\",\"width\":1920,\"height\":1280,\"caption\":\"suguhaigused-kondoom\"},{\"@type\":\"BreadcrumbList\",\"@id\":\"https:\/\/seksuaaltervisekliinik.ee\/ru\/info\/suguhaigused\/#breadcrumb\",\"itemListElement\":[{\"@type\":\"ListItem\",\"position\":1,\"name\":\"Home\",\"item\":\"https:\/\/seksuaaltervisekliinik.ee\/\"},{\"@type\":\"ListItem\",\"position\":2,\"name\":\"Infolehed:\",\"item\":\"https:\/\/seksuaaltervisekliinik.ee\/ru\/?page_id=1362\"},{\"@type\":\"ListItem\",\"position\":3,\"name\":\"\u041f\u0440\u043e\u0444\u0438\u043b\u0430\u043a\u0442\u0438\u043a\u0430 \u0438\u043d\u0444\u0435\u043a\u0446\u0438\u0439\"}]},{\"@type\":\"WebSite\",\"@id\":\"https:\/\/seksuaaltervisekliinik.ee\/#website\",\"url\":\"https:\/\/seksuaaltervisekliinik.ee\/\",\"name\":\"Seksuaaltervise Kliinik |\u00a0Vastuv\u00f5tt noortele ja t\u00e4iskasvanutele\",\"description\":\"Broneeri aeg veebis v\u00f5i helista +372 666 5123\",\"publisher\":{\"@id\":\"https:\/\/seksuaaltervisekliinik.ee\/#organization\"},\"potentialAction\":[{\"@type\":\"SearchAction\",\"target\":{\"@type\":\"EntryPoint\",\"urlTemplate\":\"https:\/\/seksuaaltervisekliinik.ee\/?s={search_term_string}\"},\"query-input\":{\"@type\":\"PropertyValueSpecification\",\"valueRequired\":true,\"valueName\":\"search_term_string\"}}],\"inLanguage\":\"ru-RU\"},{\"@type\":\"Organization\",\"@id\":\"https:\/\/seksuaaltervisekliinik.ee\/#organization\",\"name\":\"Seksuaaltervise Kliinik |\u00a0Vastuv\u00f5tt noortele ja t\u00e4iskasvanutele\",\"url\":\"https:\/\/seksuaaltervisekliinik.ee\/\",\"logo\":{\"@type\":\"ImageObject\",\"inLanguage\":\"ru-RU\",\"@id\":\"https:\/\/seksuaaltervisekliinik.ee\/#\/schema\/logo\/image\/\",\"url\":\"https:\/\/seksuaaltervisekliinik.ee\/wp-content\/uploads\/sites\/6\/2025\/06\/cropped-Untitled-design-52.png\",\"contentUrl\":\"https:\/\/seksuaaltervisekliinik.ee\/wp-content\/uploads\/sites\/6\/2025\/06\/cropped-Untitled-design-52.png\",\"width\":512,\"height\":512,\"caption\":\"Seksuaaltervise Kliinik |\u00a0Vastuv\u00f5tt noortele ja t\u00e4iskasvanutele\"},\"image\":{\"@id\":\"https:\/\/seksuaaltervisekliinik.ee\/#\/schema\/logo\/image\/\"},\"sameAs\":[\"https:\/\/www.facebook.com\/profile.php?id=100063747262747\"]}]}<\/script>\n<!-- \/ Yoast SEO plugin. -->","yoast_head_json":{"title":"\u041f\u0440\u043e\u0444\u0438\u043b\u0430\u043a\u0442\u0438\u043a\u0430 \u0438\u043d\u0444\u0435\u043a\u0446\u0438\u0439 - Seksuaaltervise Kliinik |\u00a0Vastuv\u00f5tt noortele ja t\u00e4iskasvanutele","robots":{"index":"index","follow":"follow","max-snippet":"max-snippet:-1","max-image-preview":"max-image-preview:large","max-video-preview":"max-video-preview:-1"},"canonical":"https:\/\/seksuaaltervisekliinik.ee\/ru\/info\/suguhaigused\/","og_locale":"ru_RU","og_type":"article","og_title":"\u041f\u0440\u043e\u0444\u0438\u043b\u0430\u043a\u0442\u0438\u043a\u0430 \u0438\u043d\u0444\u0435\u043a\u0446\u0438\u0439 - Seksuaaltervise Kliinik |\u00a0Vastuv\u00f5tt noortele ja t\u00e4iskasvanutele","og_description":"\u0417\u0430\u0440\u0430\u0436\u0435\u043d\u0438\u0435 \u0438\u043d\u0444\u0435\u043a\u0446\u0438\u044f\u043c\u0438, \u043f\u0435\u0440\u0435\u0434\u0430\u044e\u0449\u0438\u043c\u0438\u0441\u044f \u043f\u043e\u043b\u043e\u0432\u044b\u043c \u043f\u0443\u0442\u0451\u043c (\u0418\u041f\u041f\u041f), \u0438\u043b\u0438 \u0437\u0430\u0431\u043e\u043b\u0435\u0432\u0430\u043d\u0438\u044f\u043c\u0438, \u043f\u0435\u0440\u0435\u0434\u0430\u044e\u0449\u0438\u043c\u0438\u0441\u044f \u043f\u043e\u043b\u043e\u0432\u044b\u043c \u043f\u0443\u0442\u0451\u043c (\u0417\u041f\u041f\u041f), \u0438\u043b\u0438 \u0432\u0435\u043d\u0435\u0440\u0438\u0447\u0435\u0441\u043a\u0438\u043c\u0438 \u0431\u043e\u043b\u0435\u0437\u043d\u044f\u043c\u0438, \u043f\u0440\u043e\u0438\u0441\u0445\u043e\u0434\u0438\u0442, \u0432 \u043e\u0441\u043d\u043e\u0432\u043d\u043e\u043c, \u043f\u0440\u0438 \u043d\u0435\u0437\u0430\u0449\u0438\u0449\u0451\u043d\u043d\u044b\u0445 \u0441\u0435\u043a\u0441\u0443\u0430\u043b\u044c\u043d\u044b\u0445 \u043a\u043e\u043d\u0442\u0430\u043a\u0442\u0430\u0445.","og_url":"https:\/\/seksuaaltervisekliinik.ee\/ru\/info\/suguhaigused\/","og_site_name":"Seksuaaltervise Kliinik |\u00a0Vastuv\u00f5tt noortele ja t\u00e4iskasvanutele","article_publisher":"https:\/\/www.facebook.com\/profile.php?id=100063747262747","article_modified_time":"2025-01-22T08:18:29+00:00","og_image":[{"width":1920,"height":1280,"url":"https:\/\/seksuaaltervisekliinik.ee\/wp-content\/uploads\/sites\/6\/2020\/10\/condoms-3112006_1920.jpg","type":"image\/jpeg"}],"twitter_card":"summary_large_image","twitter_misc":{"\u041f\u0440\u0438\u043c\u0435\u0440\u043d\u043e\u0435 \u0432\u0440\u0435\u043c\u044f \u0434\u043b\u044f \u0447\u0442\u0435\u043d\u0438\u044f":"13 \u043c\u0438\u043d\u0443\u0442"},"schema":{"@context":"https:\/\/schema.org","@graph":[{"@type":"WebPage","@id":"https:\/\/seksuaaltervisekliinik.ee\/ru\/info\/suguhaigused\/","url":"https:\/\/seksuaaltervisekliinik.ee\/ru\/info\/suguhaigused\/","name":"\u041f\u0440\u043e\u0444\u0438\u043b\u0430\u043a\u0442\u0438\u043a\u0430 \u0438\u043d\u0444\u0435\u043a\u0446\u0438\u0439 - Seksuaaltervise Kliinik |\u00a0Vastuv\u00f5tt noortele ja t\u00e4iskasvanutele","isPartOf":{"@id":"https:\/\/seksuaaltervisekliinik.ee\/#website"},"primaryImageOfPage":{"@id":"https:\/\/seksuaaltervisekliinik.ee\/ru\/info\/suguhaigused\/#primaryimage"},"image":{"@id":"https:\/\/seksuaaltervisekliinik.ee\/ru\/info\/suguhaigused\/#primaryimage"},"thumbnailUrl":"https:\/\/seksuaaltervisekliinik.ee\/wp-content\/uploads\/sites\/6\/2020\/10\/condoms-3112006_1920.jpg","datePublished":"2020-07-21T16:54:22+00:00","dateModified":"2025-01-22T08:18:29+00:00","breadcrumb":{"@id":"https:\/\/seksuaaltervisekliinik.ee\/ru\/info\/suguhaigused\/#breadcrumb"},"inLanguage":"ru-RU","potentialAction":[{"@type":"ReadAction","target":["https:\/\/seksuaaltervisekliinik.ee\/ru\/info\/suguhaigused\/"]}]},{"@type":"ImageObject","inLanguage":"ru-RU","@id":"https:\/\/seksuaaltervisekliinik.ee\/ru\/info\/suguhaigused\/#primaryimage","url":"https:\/\/seksuaaltervisekliinik.ee\/wp-content\/uploads\/sites\/6\/2020\/10\/condoms-3112006_1920.jpg","contentUrl":"https:\/\/seksuaaltervisekliinik.ee\/wp-content\/uploads\/sites\/6\/2020\/10\/condoms-3112006_1920.jpg","width":1920,"height":1280,"caption":"suguhaigused-kondoom"},{"@type":"BreadcrumbList","@id":"https:\/\/seksuaaltervisekliinik.ee\/ru\/info\/suguhaigused\/#breadcrumb","itemListElement":[{"@type":"ListItem","position":1,"name":"Home","item":"https:\/\/seksuaaltervisekliinik.ee\/"},{"@type":"ListItem","position":2,"name":"Infolehed:","item":"https:\/\/seksuaaltervisekliinik.ee\/ru\/?page_id=1362"},{"@type":"ListItem","position":3,"name":"\u041f\u0440\u043e\u0444\u0438\u043b\u0430\u043a\u0442\u0438\u043a\u0430 \u0438\u043d\u0444\u0435\u043a\u0446\u0438\u0439"}]},{"@type":"WebSite","@id":"https:\/\/seksuaaltervisekliinik.ee\/#website","url":"https:\/\/seksuaaltervisekliinik.ee\/","name":"Seksuaaltervise Kliinik |\u00a0Vastuv\u00f5tt noortele ja t\u00e4iskasvanutele","description":"Broneeri aeg veebis v\u00f5i helista +372 666 5123","publisher":{"@id":"https:\/\/seksuaaltervisekliinik.ee\/#organization"},"potentialAction":[{"@type":"SearchAction","target":{"@type":"EntryPoint","urlTemplate":"https:\/\/seksuaaltervisekliinik.ee\/?s={search_term_string}"},"query-input":{"@type":"PropertyValueSpecification","valueRequired":true,"valueName":"search_term_string"}}],"inLanguage":"ru-RU"},{"@type":"Organization","@id":"https:\/\/seksuaaltervisekliinik.ee\/#organization","name":"Seksuaaltervise Kliinik |\u00a0Vastuv\u00f5tt noortele ja t\u00e4iskasvanutele","url":"https:\/\/seksuaaltervisekliinik.ee\/","logo":{"@type":"ImageObject","inLanguage":"ru-RU","@id":"https:\/\/seksuaaltervisekliinik.ee\/#\/schema\/logo\/image\/","url":"https:\/\/seksuaaltervisekliinik.ee\/wp-content\/uploads\/sites\/6\/2025\/06\/cropped-Untitled-design-52.png","contentUrl":"https:\/\/seksuaaltervisekliinik.ee\/wp-content\/uploads\/sites\/6\/2025\/06\/cropped-Untitled-design-52.png","width":512,"height":512,"caption":"Seksuaaltervise Kliinik |\u00a0Vastuv\u00f5tt noortele ja t\u00e4iskasvanutele"},"image":{"@id":"https:\/\/seksuaaltervisekliinik.ee\/#\/schema\/logo\/image\/"},"sameAs":["https:\/\/www.facebook.com\/profile.php?id=100063747262747"]}]}},"_links":{"self":[{"href":"https:\/\/seksuaaltervisekliinik.ee\/ru\/wp-json\/wp\/v2\/pages\/1359","targetHints":{"allow":["GET"]}}],"collection":[{"href":"https:\/\/seksuaaltervisekliinik.ee\/ru\/wp-json\/wp\/v2\/pages"}],"about":[{"href":"https:\/\/seksuaaltervisekliinik.ee\/ru\/wp-json\/wp\/v2\/types\/page"}],"author":[{"embeddable":true,"href":"https:\/\/seksuaaltervisekliinik.ee\/ru\/wp-json\/wp\/v2\/users\/1"}],"replies":[{"embeddable":true,"href":"https:\/\/seksuaaltervisekliinik.ee\/ru\/wp-json\/wp\/v2\/comments?post=1359"}],"version-history":[{"count":6,"href":"https:\/\/seksuaaltervisekliinik.ee\/ru\/wp-json\/wp\/v2\/pages\/1359\/revisions"}],"predecessor-version":[{"id":63063,"href":"https:\/\/seksuaaltervisekliinik.ee\/ru\/wp-json\/wp\/v2\/pages\/1359\/revisions\/63063"}],"up":[{"embeddable":true,"href":"https:\/\/seksuaaltervisekliinik.ee\/ru\/wp-json\/wp\/v2\/pages\/1362"}],"wp:featuredmedia":[{"embeddable":true,"href":"https:\/\/seksuaaltervisekliinik.ee\/ru\/wp-json\/wp\/v2\/media\/1874"}],"wp:attachment":[{"href":"https:\/\/seksuaaltervisekliinik.ee\/ru\/wp-json\/wp\/v2\/media?parent=1359"}],"curies":[{"name":"wp","href":"https:\/\/api.w.org\/{rel}","templated":true}]}}