{"id":1365,"date":"2020-07-04T17:53:48","date_gmt":"2020-07-04T17:53:48","guid":{"rendered":"https:\/\/seksuaaltervis.ee\/estk\/seksuaaltervise-kliinik-kontakt"},"modified":"2024-02-07T14:27:02","modified_gmt":"2024-02-07T11:27:02","slug":"seksuaaltervise-kliinik-kontakt","status":"publish","type":"page","link":"https:\/\/seksuaaltervisekliinik.ee\/ru\/seksuaaltervise-kliinik\/seksuaaltervise-kliinik-kontakt\/","title":{"rendered":"\u041a\u043e\u043d\u0442\u0430\u043a\u0442"},"content":{"rendered":"","protected":false},"excerpt":{"rendered":"","protected":false},"author":1,"featured_media":0,"parent":1373,"menu_order":0,"comment_status":"closed","ping_status":"closed","template":"","meta":{"_acf_changed":false,"footnotes":""},"class_list":["post-1365","page","type-page","status-publish","hentry"],"acf":[],"yoast_head":"<!-- This site is optimized with the Yoast SEO plugin v25.3.1 - https:\/\/yoast.com\/wordpress\/plugins\/seo\/ -->\n<title>\u041a\u043e\u043d\u0442\u0430\u043a\u0442 - Seksuaaltervise Kliinik |\u00a0Vastuv\u00f5tt noortele ja t\u00e4iskasvanutele<\/title>\n<meta name=\"robots\" content=\"index, follow, max-snippet:-1, max-image-preview:large, max-video-preview:-1\" \/>\n<link rel=\"canonical\" href=\"https:\/\/seksuaaltervisekliinik.ee\/seksuaaltervise-kliinik\/seksuaaltervise-kliinik-kontakt\/\" \/>\n<meta property=\"og:locale\" content=\"ru_RU\" \/>\n<meta property=\"og:type\" content=\"article\" \/>\n<meta property=\"og:title\" content=\"\u041a\u043e\u043d\u0442\u0430\u043a\u0442 - Seksuaaltervise Kliinik |\u00a0Vastuv\u00f5tt noortele ja t\u00e4iskasvanutele\" \/>\n<meta property=\"og:url\" content=\"https:\/\/seksuaaltervisekliinik.ee\/seksuaaltervise-kliinik\/seksuaaltervise-kliinik-kontakt\/\" \/>\n<meta property=\"og:site_name\" content=\"Seksuaaltervise Kliinik |\u00a0Vastuv\u00f5tt noortele ja t\u00e4iskasvanutele\" \/>\n<meta property=\"article:publisher\" content=\"https:\/\/www.facebook.com\/profile.php?id=100063747262747\" \/>\n<meta property=\"article:modified_time\" content=\"2024-02-07T11:27:02+00:00\" \/>\n<meta name=\"twitter:card\" content=\"summary_large_image\" \/>\n<script type=\"application\/ld+json\" class=\"yoast-schema-graph\">{\"@context\":\"https:\/\/schema.org\",\"@graph\":[{\"@type\":\"WebPage\",\"@id\":\"https:\/\/seksuaaltervisekliinik.ee\/seksuaaltervise-kliinik\/seksuaaltervise-kliinik-kontakt\/\",\"url\":\"https:\/\/seksuaaltervisekliinik.ee\/seksuaaltervise-kliinik\/seksuaaltervise-kliinik-kontakt\/\",\"name\":\"\u041a\u043e\u043d\u0442\u0430\u043a\u0442 - Seksuaaltervise Kliinik |\u00a0Vastuv\u00f5tt noortele ja t\u00e4iskasvanutele\",\"isPartOf\":{\"@id\":\"https:\/\/seksuaaltervisekliinik.ee\/#website\"},\"datePublished\":\"2020-07-04T17:53:48+00:00\",\"dateModified\":\"2024-02-07T11:27:02+00:00\",\"breadcrumb\":{\"@id\":\"https:\/\/seksuaaltervisekliinik.ee\/seksuaaltervise-kliinik\/seksuaaltervise-kliinik-kontakt\/#breadcrumb\"},\"inLanguage\":\"ru-RU\",\"potentialAction\":[{\"@type\":\"ReadAction\",\"target\":[\"https:\/\/seksuaaltervisekliinik.ee\/seksuaaltervise-kliinik\/seksuaaltervise-kliinik-kontakt\/\"]}]},{\"@type\":\"BreadcrumbList\",\"@id\":\"https:\/\/seksuaaltervisekliinik.ee\/seksuaaltervise-kliinik\/seksuaaltervise-kliinik-kontakt\/#breadcrumb\",\"itemListElement\":[{\"@type\":\"ListItem\",\"position\":1,\"name\":\"Home\",\"item\":\"https:\/\/seksuaaltervisekliinik.ee\/\"},{\"@type\":\"ListItem\",\"position\":2,\"name\":\"\u041a\u043b\u0438\u043d\u0438\u043a\u0430 \u0441\u0435\u043a\u0441\u0443\u0430\u043b\u044c\u043d\u043e\u0433\u043e \u0437\u0434\u043e\u0440\u043e\u0432\u044c\u044f\",\"item\":\"https:\/\/seksuaaltervisekliinik.ee\/seksuaaltervise-kliinik\/\"},{\"@type\":\"ListItem\",\"position\":3,\"name\":\"\u041a\u043e\u043d\u0442\u0430\u043a\u0442\"}]},{\"@type\":\"WebSite\",\"@id\":\"https:\/\/seksuaaltervisekliinik.ee\/#website\",\"url\":\"https:\/\/seksuaaltervisekliinik.ee\/\",\"name\":\"Seksuaaltervise Kliinik |\u00a0Vastuv\u00f5tt noortele ja t\u00e4iskasvanutele\",\"description\":\"Broneeri aeg veebis v\u00f5i helista +372 666 5123\",\"publisher\":{\"@id\":\"https:\/\/seksuaaltervisekliinik.ee\/#organization\"},\"potentialAction\":[{\"@type\":\"SearchAction\",\"target\":{\"@type\":\"EntryPoint\",\"urlTemplate\":\"https:\/\/seksuaaltervisekliinik.ee\/?s={search_term_string}\"},\"query-input\":{\"@type\":\"PropertyValueSpecification\",\"valueRequired\":true,\"valueName\":\"search_term_string\"}}],\"inLanguage\":\"ru-RU\"},{\"@type\":\"Organization\",\"@id\":\"https:\/\/seksuaaltervisekliinik.ee\/#organization\",\"name\":\"Seksuaaltervise Kliinik |\u00a0Vastuv\u00f5tt noortele ja t\u00e4iskasvanutele\",\"url\":\"https:\/\/seksuaaltervisekliinik.ee\/\",\"logo\":{\"@type\":\"ImageObject\",\"inLanguage\":\"ru-RU\",\"@id\":\"https:\/\/seksuaaltervisekliinik.ee\/#\/schema\/logo\/image\/\",\"url\":\"https:\/\/seksuaaltervisekliinik.ee\/wp-content\/uploads\/sites\/6\/2025\/06\/cropped-Untitled-design-52.png\",\"contentUrl\":\"https:\/\/seksuaaltervisekliinik.ee\/wp-content\/uploads\/sites\/6\/2025\/06\/cropped-Untitled-design-52.png\",\"width\":512,\"height\":512,\"caption\":\"Seksuaaltervise Kliinik |\u00a0Vastuv\u00f5tt noortele ja t\u00e4iskasvanutele\"},\"image\":{\"@id\":\"https:\/\/seksuaaltervisekliinik.ee\/#\/schema\/logo\/image\/\"},\"sameAs\":[\"https:\/\/www.facebook.com\/profile.php?id=100063747262747\"]}]}<\/script>\n<!-- \/ Yoast SEO plugin. -->","yoast_head_json":{"title":"\u041a\u043e\u043d\u0442\u0430\u043a\u0442 - Seksuaaltervise Kliinik |\u00a0Vastuv\u00f5tt noortele ja t\u00e4iskasvanutele","robots":{"index":"index","follow":"follow","max-snippet":"max-snippet:-1","max-image-preview":"max-image-preview:large","max-video-preview":"max-video-preview:-1"},"canonical":"https:\/\/seksuaaltervisekliinik.ee\/seksuaaltervise-kliinik\/seksuaaltervise-kliinik-kontakt\/","og_locale":"ru_RU","og_type":"article","og_title":"\u041a\u043e\u043d\u0442\u0430\u043a\u0442 - Seksuaaltervise Kliinik |\u00a0Vastuv\u00f5tt noortele ja t\u00e4iskasvanutele","og_url":"https:\/\/seksuaaltervisekliinik.ee\/seksuaaltervise-kliinik\/seksuaaltervise-kliinik-kontakt\/","og_site_name":"Seksuaaltervise Kliinik |\u00a0Vastuv\u00f5tt noortele ja t\u00e4iskasvanutele","article_publisher":"https:\/\/www.facebook.com\/profile.php?id=100063747262747","article_modified_time":"2024-02-07T11:27:02+00:00","twitter_card":"summary_large_image","schema":{"@context":"https:\/\/schema.org","@graph":[{"@type":"WebPage","@id":"https:\/\/seksuaaltervisekliinik.ee\/seksuaaltervise-kliinik\/seksuaaltervise-kliinik-kontakt\/","url":"https:\/\/seksuaaltervisekliinik.ee\/seksuaaltervise-kliinik\/seksuaaltervise-kliinik-kontakt\/","name":"\u041a\u043e\u043d\u0442\u0430\u043a\u0442 - Seksuaaltervise Kliinik |\u00a0Vastuv\u00f5tt noortele ja t\u00e4iskasvanutele","isPartOf":{"@id":"https:\/\/seksuaaltervisekliinik.ee\/#website"},"datePublished":"2020-07-04T17:53:48+00:00","dateModified":"2024-02-07T11:27:02+00:00","breadcrumb":{"@id":"https:\/\/seksuaaltervisekliinik.ee\/seksuaaltervise-kliinik\/seksuaaltervise-kliinik-kontakt\/#breadcrumb"},"inLanguage":"ru-RU","potentialAction":[{"@type":"ReadAction","target":["https:\/\/seksuaaltervisekliinik.ee\/seksuaaltervise-kliinik\/seksuaaltervise-kliinik-kontakt\/"]}]},{"@type":"BreadcrumbList","@id":"https:\/\/seksuaaltervisekliinik.ee\/seksuaaltervise-kliinik\/seksuaaltervise-kliinik-kontakt\/#breadcrumb","itemListElement":[{"@type":"ListItem","position":1,"name":"Home","item":"https:\/\/seksuaaltervisekliinik.ee\/"},{"@type":"ListItem","position":2,"name":"\u041a\u043b\u0438\u043d\u0438\u043a\u0430 \u0441\u0435\u043a\u0441\u0443\u0430\u043b\u044c\u043d\u043e\u0433\u043e \u0437\u0434\u043e\u0440\u043e\u0432\u044c\u044f","item":"https:\/\/seksuaaltervisekliinik.ee\/seksuaaltervise-kliinik\/"},{"@type":"ListItem","position":3,"name":"\u041a\u043e\u043d\u0442\u0430\u043a\u0442"}]},{"@type":"WebSite","@id":"https:\/\/seksuaaltervisekliinik.ee\/#website","url":"https:\/\/seksuaaltervisekliinik.ee\/","name":"Seksuaaltervise Kliinik |\u00a0Vastuv\u00f5tt noortele ja t\u00e4iskasvanutele","description":"Broneeri aeg veebis v\u00f5i helista +372 666 5123","publisher":{"@id":"https:\/\/seksuaaltervisekliinik.ee\/#organization"},"potentialAction":[{"@type":"SearchAction","target":{"@type":"EntryPoint","urlTemplate":"https:\/\/seksuaaltervisekliinik.ee\/?s={search_term_string}"},"query-input":{"@type":"PropertyValueSpecification","valueRequired":true,"valueName":"search_term_string"}}],"inLanguage":"ru-RU"},{"@type":"Organization","@id":"https:\/\/seksuaaltervisekliinik.ee\/#organization","name":"Seksuaaltervise Kliinik |\u00a0Vastuv\u00f5tt noortele ja t\u00e4iskasvanutele","url":"https:\/\/seksuaaltervisekliinik.ee\/","logo":{"@type":"ImageObject","inLanguage":"ru-RU","@id":"https:\/\/seksuaaltervisekliinik.ee\/#\/schema\/logo\/image\/","url":"https:\/\/seksuaaltervisekliinik.ee\/wp-content\/uploads\/sites\/6\/2025\/06\/cropped-Untitled-design-52.png","contentUrl":"https:\/\/seksuaaltervisekliinik.ee\/wp-content\/uploads\/sites\/6\/2025\/06\/cropped-Untitled-design-52.png","width":512,"height":512,"caption":"Seksuaaltervise Kliinik |\u00a0Vastuv\u00f5tt noortele ja t\u00e4iskasvanutele"},"image":{"@id":"https:\/\/seksuaaltervisekliinik.ee\/#\/schema\/logo\/image\/"},"sameAs":["https:\/\/www.facebook.com\/profile.php?id=100063747262747"]}]}},"_links":{"self":[{"href":"https:\/\/seksuaaltervisekliinik.ee\/ru\/wp-json\/wp\/v2\/pages\/1365","targetHints":{"allow":["GET"]}}],"collection":[{"href":"https:\/\/seksuaaltervisekliinik.ee\/ru\/wp-json\/wp\/v2\/pages"}],"about":[{"href":"https:\/\/seksuaaltervisekliinik.ee\/ru\/wp-json\/wp\/v2\/types\/page"}],"author":[{"embeddable":true,"href":"https:\/\/seksuaaltervisekliinik.ee\/ru\/wp-json\/wp\/v2\/users\/1"}],"replies":[{"embeddable":true,"href":"https:\/\/seksuaaltervisekliinik.ee\/ru\/wp-json\/wp\/v2\/comments?post=1365"}],"version-history":[{"count":1,"href":"https:\/\/seksuaaltervisekliinik.ee\/ru\/wp-json\/wp\/v2\/pages\/1365\/revisions"}],"predecessor-version":[{"id":48342,"href":"https:\/\/seksuaaltervisekliinik.ee\/ru\/wp-json\/wp\/v2\/pages\/1365\/revisions\/48342"}],"up":[{"embeddable":true,"href":"https:\/\/seksuaaltervisekliinik.ee\/ru\/wp-json\/wp\/v2\/pages\/1373"}],"wp:attachment":[{"href":"https:\/\/seksuaaltervisekliinik.ee\/ru\/wp-json\/wp\/v2\/media?parent=1365"}],"curies":[{"name":"wp","href":"https:\/\/api.w.org\/{rel}","templated":true}]}}