{"id":1369,"date":"2020-07-02T15:35:35","date_gmt":"2020-07-02T15:35:35","guid":{"rendered":"https:\/\/seksuaaltervis.ee\/estk\/tagasiside"},"modified":"2021-06-01T08:54:35","modified_gmt":"2021-06-01T08:54:35","slug":"tagasiside","status":"publish","type":"page","link":"https:\/\/seksuaaltervisekliinik.ee\/ru\/tagasiside\/","title":{"rendered":"Tagasiside"},"content":{"rendered":"","protected":false},"excerpt":{"rendered":"","protected":false},"author":1,"featured_media":0,"parent":0,"menu_order":0,"comment_status":"closed","ping_status":"closed","template":"","meta":{"_acf_changed":false,"footnotes":""},"class_list":["post-1369","page","type-page","status-publish","hentry"],"acf":[],"yoast_head":"<!-- This site is optimized with the Yoast SEO plugin v25.3.1 - https:\/\/yoast.com\/wordpress\/plugins\/seo\/ -->\n<title>Tagasiside - Seksuaaltervise Kliinik |\u00a0Vastuv\u00f5tt noortele ja t\u00e4iskasvanutele<\/title>\n<meta name=\"robots\" content=\"index, follow, max-snippet:-1, max-image-preview:large, max-video-preview:-1\" \/>\n<link rel=\"canonical\" href=\"https:\/\/seksuaaltervisekliinik.ee\/ru\/tagasiside\/\" \/>\n<meta property=\"og:locale\" content=\"ru_RU\" \/>\n<meta property=\"og:type\" content=\"article\" \/>\n<meta property=\"og:title\" content=\"Tagasiside - Seksuaaltervise Kliinik |\u00a0Vastuv\u00f5tt noortele ja t\u00e4iskasvanutele\" \/>\n<meta property=\"og:url\" content=\"https:\/\/seksuaaltervisekliinik.ee\/ru\/tagasiside\/\" \/>\n<meta property=\"og:site_name\" content=\"Seksuaaltervise Kliinik |\u00a0Vastuv\u00f5tt noortele ja t\u00e4iskasvanutele\" \/>\n<meta property=\"article:publisher\" content=\"https:\/\/www.facebook.com\/profile.php?id=100063747262747\" \/>\n<meta property=\"article:modified_time\" content=\"2021-06-01T08:54:35+00:00\" \/>\n<meta name=\"twitter:card\" content=\"summary_large_image\" \/>\n<script type=\"application\/ld+json\" class=\"yoast-schema-graph\">{\"@context\":\"https:\/\/schema.org\",\"@graph\":[{\"@type\":\"WebPage\",\"@id\":\"https:\/\/seksuaaltervisekliinik.ee\/ru\/tagasiside\/\",\"url\":\"https:\/\/seksuaaltervisekliinik.ee\/ru\/tagasiside\/\",\"name\":\"Tagasiside - Seksuaaltervise Kliinik |\u00a0Vastuv\u00f5tt noortele ja t\u00e4iskasvanutele\",\"isPartOf\":{\"@id\":\"https:\/\/seksuaaltervisekliinik.ee\/#website\"},\"datePublished\":\"2020-07-02T15:35:35+00:00\",\"dateModified\":\"2021-06-01T08:54:35+00:00\",\"breadcrumb\":{\"@id\":\"https:\/\/seksuaaltervisekliinik.ee\/ru\/tagasiside\/#breadcrumb\"},\"inLanguage\":\"ru-RU\",\"potentialAction\":[{\"@type\":\"ReadAction\",\"target\":[\"https:\/\/seksuaaltervisekliinik.ee\/ru\/tagasiside\/\"]}]},{\"@type\":\"BreadcrumbList\",\"@id\":\"https:\/\/seksuaaltervisekliinik.ee\/ru\/tagasiside\/#breadcrumb\",\"itemListElement\":[{\"@type\":\"ListItem\",\"position\":1,\"name\":\"Home\",\"item\":\"https:\/\/seksuaaltervisekliinik.ee\/\"},{\"@type\":\"ListItem\",\"position\":2,\"name\":\"Tagasiside\"}]},{\"@type\":\"WebSite\",\"@id\":\"https:\/\/seksuaaltervisekliinik.ee\/#website\",\"url\":\"https:\/\/seksuaaltervisekliinik.ee\/\",\"name\":\"Seksuaaltervise Kliinik |\u00a0Vastuv\u00f5tt noortele ja t\u00e4iskasvanutele\",\"description\":\"Broneeri aeg veebis v\u00f5i helista +372 666 5123\",\"publisher\":{\"@id\":\"https:\/\/seksuaaltervisekliinik.ee\/#organization\"},\"potentialAction\":[{\"@type\":\"SearchAction\",\"target\":{\"@type\":\"EntryPoint\",\"urlTemplate\":\"https:\/\/seksuaaltervisekliinik.ee\/?s={search_term_string}\"},\"query-input\":{\"@type\":\"PropertyValueSpecification\",\"valueRequired\":true,\"valueName\":\"search_term_string\"}}],\"inLanguage\":\"ru-RU\"},{\"@type\":\"Organization\",\"@id\":\"https:\/\/seksuaaltervisekliinik.ee\/#organization\",\"name\":\"Seksuaaltervise Kliinik |\u00a0Vastuv\u00f5tt noortele ja t\u00e4iskasvanutele\",\"url\":\"https:\/\/seksuaaltervisekliinik.ee\/\",\"logo\":{\"@type\":\"ImageObject\",\"inLanguage\":\"ru-RU\",\"@id\":\"https:\/\/seksuaaltervisekliinik.ee\/#\/schema\/logo\/image\/\",\"url\":\"https:\/\/seksuaaltervisekliinik.ee\/wp-content\/uploads\/sites\/6\/2025\/06\/cropped-Untitled-design-52.png\",\"contentUrl\":\"https:\/\/seksuaaltervisekliinik.ee\/wp-content\/uploads\/sites\/6\/2025\/06\/cropped-Untitled-design-52.png\",\"width\":512,\"height\":512,\"caption\":\"Seksuaaltervise Kliinik |\u00a0Vastuv\u00f5tt noortele ja t\u00e4iskasvanutele\"},\"image\":{\"@id\":\"https:\/\/seksuaaltervisekliinik.ee\/#\/schema\/logo\/image\/\"},\"sameAs\":[\"https:\/\/www.facebook.com\/profile.php?id=100063747262747\"]}]}<\/script>\n<!-- \/ Yoast SEO plugin. -->","yoast_head_json":{"title":"Tagasiside - Seksuaaltervise Kliinik |\u00a0Vastuv\u00f5tt noortele ja t\u00e4iskasvanutele","robots":{"index":"index","follow":"follow","max-snippet":"max-snippet:-1","max-image-preview":"max-image-preview:large","max-video-preview":"max-video-preview:-1"},"canonical":"https:\/\/seksuaaltervisekliinik.ee\/ru\/tagasiside\/","og_locale":"ru_RU","og_type":"article","og_title":"Tagasiside - Seksuaaltervise Kliinik |\u00a0Vastuv\u00f5tt noortele ja t\u00e4iskasvanutele","og_url":"https:\/\/seksuaaltervisekliinik.ee\/ru\/tagasiside\/","og_site_name":"Seksuaaltervise Kliinik |\u00a0Vastuv\u00f5tt noortele ja t\u00e4iskasvanutele","article_publisher":"https:\/\/www.facebook.com\/profile.php?id=100063747262747","article_modified_time":"2021-06-01T08:54:35+00:00","twitter_card":"summary_large_image","schema":{"@context":"https:\/\/schema.org","@graph":[{"@type":"WebPage","@id":"https:\/\/seksuaaltervisekliinik.ee\/ru\/tagasiside\/","url":"https:\/\/seksuaaltervisekliinik.ee\/ru\/tagasiside\/","name":"Tagasiside - Seksuaaltervise Kliinik |\u00a0Vastuv\u00f5tt noortele ja t\u00e4iskasvanutele","isPartOf":{"@id":"https:\/\/seksuaaltervisekliinik.ee\/#website"},"datePublished":"2020-07-02T15:35:35+00:00","dateModified":"2021-06-01T08:54:35+00:00","breadcrumb":{"@id":"https:\/\/seksuaaltervisekliinik.ee\/ru\/tagasiside\/#breadcrumb"},"inLanguage":"ru-RU","potentialAction":[{"@type":"ReadAction","target":["https:\/\/seksuaaltervisekliinik.ee\/ru\/tagasiside\/"]}]},{"@type":"BreadcrumbList","@id":"https:\/\/seksuaaltervisekliinik.ee\/ru\/tagasiside\/#breadcrumb","itemListElement":[{"@type":"ListItem","position":1,"name":"Home","item":"https:\/\/seksuaaltervisekliinik.ee\/"},{"@type":"ListItem","position":2,"name":"Tagasiside"}]},{"@type":"WebSite","@id":"https:\/\/seksuaaltervisekliinik.ee\/#website","url":"https:\/\/seksuaaltervisekliinik.ee\/","name":"Seksuaaltervise Kliinik |\u00a0Vastuv\u00f5tt noortele ja t\u00e4iskasvanutele","description":"Broneeri aeg veebis v\u00f5i helista +372 666 5123","publisher":{"@id":"https:\/\/seksuaaltervisekliinik.ee\/#organization"},"potentialAction":[{"@type":"SearchAction","target":{"@type":"EntryPoint","urlTemplate":"https:\/\/seksuaaltervisekliinik.ee\/?s={search_term_string}"},"query-input":{"@type":"PropertyValueSpecification","valueRequired":true,"valueName":"search_term_string"}}],"inLanguage":"ru-RU"},{"@type":"Organization","@id":"https:\/\/seksuaaltervisekliinik.ee\/#organization","name":"Seksuaaltervise Kliinik |\u00a0Vastuv\u00f5tt noortele ja t\u00e4iskasvanutele","url":"https:\/\/seksuaaltervisekliinik.ee\/","logo":{"@type":"ImageObject","inLanguage":"ru-RU","@id":"https:\/\/seksuaaltervisekliinik.ee\/#\/schema\/logo\/image\/","url":"https:\/\/seksuaaltervisekliinik.ee\/wp-content\/uploads\/sites\/6\/2025\/06\/cropped-Untitled-design-52.png","contentUrl":"https:\/\/seksuaaltervisekliinik.ee\/wp-content\/uploads\/sites\/6\/2025\/06\/cropped-Untitled-design-52.png","width":512,"height":512,"caption":"Seksuaaltervise Kliinik |\u00a0Vastuv\u00f5tt noortele ja t\u00e4iskasvanutele"},"image":{"@id":"https:\/\/seksuaaltervisekliinik.ee\/#\/schema\/logo\/image\/"},"sameAs":["https:\/\/www.facebook.com\/profile.php?id=100063747262747"]}]}},"_links":{"self":[{"href":"https:\/\/seksuaaltervisekliinik.ee\/ru\/wp-json\/wp\/v2\/pages\/1369","targetHints":{"allow":["GET"]}}],"collection":[{"href":"https:\/\/seksuaaltervisekliinik.ee\/ru\/wp-json\/wp\/v2\/pages"}],"about":[{"href":"https:\/\/seksuaaltervisekliinik.ee\/ru\/wp-json\/wp\/v2\/types\/page"}],"author":[{"embeddable":true,"href":"https:\/\/seksuaaltervisekliinik.ee\/ru\/wp-json\/wp\/v2\/users\/1"}],"replies":[{"embeddable":true,"href":"https:\/\/seksuaaltervisekliinik.ee\/ru\/wp-json\/wp\/v2\/comments?post=1369"}],"version-history":[{"count":1,"href":"https:\/\/seksuaaltervisekliinik.ee\/ru\/wp-json\/wp\/v2\/pages\/1369\/revisions"}],"predecessor-version":[{"id":10499,"href":"https:\/\/seksuaaltervisekliinik.ee\/ru\/wp-json\/wp\/v2\/pages\/1369\/revisions\/10499"}],"wp:attachment":[{"href":"https:\/\/seksuaaltervisekliinik.ee\/ru\/wp-json\/wp\/v2\/media?parent=1369"}],"curies":[{"name":"wp","href":"https:\/\/api.w.org\/{rel}","templated":true}]}}